{"id":16972,"date":"2020-07-16T11:47:58","date_gmt":"2020-07-16T09:47:58","guid":{"rendered":"https:\/\/www.estudidelmoble.com\/plantilla-mesa-de-dialogo-2\/"},"modified":"2020-11-12T12:03:37","modified_gmt":"2020-11-12T10:03:37","slug":"1-conexiones-tecnicas-materiales-y-tipologias","status":"publish","type":"page","link":"https:\/\/www.estudidelmoble.com\/es\/1-conexiones-tecnicas-materiales-y-tipologias\/","title":{"rendered":"Mesa de di\u00e1logo 1. Conexiones: T\u00e9cnicas, materiales y tipolog\u00edas"},"content":{"rendered":"","protected":true},"excerpt":{"rendered":"","protected":true},"author":86,"featured_media":0,"parent":0,"menu_order":0,"comment_status":"closed","ping_status":"closed","template":"elementor_canvas","meta":{"_acf_changed":false,"footnotes":""},"class_list":["post-16972","page","type-page","status-publish","post-password-required","hentry"],"acf":[],"_links":{"self":[{"href":"https:\/\/www.estudidelmoble.com\/es\/wp-json\/wp\/v2\/pages\/16972","targetHints":{"allow":["GET"]}}],"collection":[{"href":"https:\/\/www.estudidelmoble.com\/es\/wp-json\/wp\/v2\/pages"}],"about":[{"href":"https:\/\/www.estudidelmoble.com\/es\/wp-json\/wp\/v2\/types\/page"}],"author":[{"embeddable":true,"href":"https:\/\/www.estudidelmoble.com\/es\/wp-json\/wp\/v2\/users\/86"}],"replies":[{"embeddable":true,"href":"https:\/\/www.estudidelmoble.com\/es\/wp-json\/wp\/v2\/comments?post=16972"}],"version-history":[{"count":0,"href":"https:\/\/www.estudidelmoble.com\/es\/wp-json\/wp\/v2\/pages\/16972\/revisions"}],"wp:attachment":[{"href":"https:\/\/www.estudidelmoble.com\/es\/wp-json\/wp\/v2\/media?parent=16972"}],"curies":[{"name":"wp","href":"https:\/\/api.w.org\/{rel}","templated":true}]}}