{"id":38142,"date":"2019-07-04T13:06:17","date_gmt":"2019-07-04T11:06:17","guid":{"rendered":"https:\/\/www.estudidelmoble.com\/actividades\/cursos-y-conferencias\/"},"modified":"2026-04-14T12:27:17","modified_gmt":"2026-04-14T10:27:17","slug":"cursos-y-conferencias","status":"publish","type":"page","link":"https:\/\/www.estudidelmoble.com\/es\/actividades\/cursos-y-conferencias\/","title":{"rendered":"Cursos y Conferencias"},"content":{"rendered":"\t\t<div data-elementor-type=\"wp-post\" data-elementor-id=\"38142\" class=\"elementor elementor-38142 elementor-1187\" data-elementor-post-type=\"page\">\n\t\t\t\t\t\t<section class=\"elementor-section elementor-top-section elementor-element elementor-element-870a31f elementor-section-boxed elementor-section-height-default elementor-section-height-default\" data-id=\"870a31f\" data-element_type=\"section\" data-e-type=\"section\">\n\t\t\t\t\t\t<div class=\"elementor-container elementor-column-gap-default\">\n\t\t\t\t\t<div class=\"elementor-column elementor-col-100 elementor-top-column elementor-element elementor-element-a6dbb6c\" data-id=\"a6dbb6c\" data-element_type=\"column\" data-e-type=\"column\">\n\t\t\t<div class=\"elementor-widget-wrap elementor-element-populated\">\n\t\t\t\t\t\t<div class=\"elementor-element elementor-element-1a11d26 elementor-hidden-mobile elementor-widget elementor-widget-spacer\" data-id=\"1a11d26\" data-element_type=\"widget\" data-e-type=\"widget\" data-widget_type=\"spacer.default\">\n\t\t\t\t\t\t\t<div class=\"elementor-spacer\">\n\t\t\t<div class=\"elementor-spacer-inner\"><\/div>\n\t\t<\/div>\n\t\t\t\t\t\t<\/div>\n\t\t\t\t<div class=\"elementor-element elementor-element-d1d5440 elementor-widget elementor-widget-heading\" data-id=\"d1d5440\" data-element_type=\"widget\" data-e-type=\"widget\" data-widget_type=\"heading.default\">\n\t\t\t\t\t<h1 class=\"elementor-heading-title elementor-size-default\">Cursos y Conferencias<\/h1>\t\t\t\t<\/div>\n\t\t\t\t<div class=\"elementor-element elementor-element-e393a5c elementor-hidden-mobile elementor-widget elementor-widget-spacer\" data-id=\"e393a5c\" data-element_type=\"widget\" data-e-type=\"widget\" data-widget_type=\"spacer.default\">\n\t\t\t\t\t\t\t<div class=\"elementor-spacer\">\n\t\t\t<div class=\"elementor-spacer-inner\"><\/div>\n\t\t<\/div>\n\t\t\t\t\t\t<\/div>\n\t\t\t\t\t<\/div>\n\t\t<\/div>\n\t\t\t\t\t<\/div>\n\t\t<\/section>\n\t\t\t\t<section class=\"elementor-section elementor-top-section elementor-element elementor-element-e4175af elementor-section-boxed elementor-section-height-default elementor-section-height-default\" data-id=\"e4175af\" data-element_type=\"section\" data-e-type=\"section\">\n\t\t\t\t\t\t<div class=\"elementor-container elementor-column-gap-default\">\n\t\t\t\t\t<div class=\"elementor-column elementor-col-100 elementor-top-column elementor-element elementor-element-8b5af5e\" data-id=\"8b5af5e\" data-element_type=\"column\" data-e-type=\"column\">\n\t\t\t<div class=\"elementor-widget-wrap elementor-element-populated\">\n\t\t\t\t\t\t<div class=\"elementor-element elementor-element-1000613 elementor-drop-cap-yes elementor-drop-cap-view-default elementor-widget elementor-widget-text-editor\" data-id=\"1000613\" data-element_type=\"widget\" data-e-type=\"widget\" data-settings=\"{&quot;drop_cap&quot;:&quot;yes&quot;}\" data-widget_type=\"text-editor.default\">\n\t\t\t\t\t\t\t\t\t<p>Uno de los objetivos de la Asociaci\u00f3n es la formaci\u00f3n continuada de los profesionales relacionados con el mueble. Nuestro rasgo diferencial es la ense\u00f1anza en contacto directo con las obras.<br \/>En nuestros cursos y conferencias, siempre impartidos por expertos reconocidos, tratamos temas sobre la historia y la conservaci\u00f3n del mueble, as\u00ed como sobre materiales y an\u00e1lisis de maderas.<\/p>\n\t\t\t\t\t\t\t\t<\/div>\n\t\t\t\t\t<\/div>\n\t\t<\/div>\n\t\t\t\t\t<\/div>\n\t\t<\/section>\n\t\t\t\t<section class=\"elementor-section elementor-top-section elementor-element elementor-element-eebaa7b elementor-section-boxed elementor-section-height-default elementor-section-height-default\" data-id=\"eebaa7b\" data-element_type=\"section\" data-e-type=\"section\">\n\t\t\t\t\t\t<div class=\"elementor-container elementor-column-gap-default\">\n\t\t\t\t\t<div class=\"elementor-column elementor-col-100 elementor-top-column elementor-element elementor-element-e8f5024\" data-id=\"e8f5024\" data-element_type=\"column\" data-e-type=\"column\">\n\t\t\t<div class=\"elementor-widget-wrap elementor-element-populated\">\n\t\t\t\t\t\t<div class=\"elementor-element elementor-element-f76d09e elementor-widget elementor-widget-spacer\" data-id=\"f76d09e\" data-element_type=\"widget\" data-e-type=\"widget\" data-widget_type=\"spacer.default\">\n\t\t\t\t\t\t\t<div class=\"elementor-spacer\">\n\t\t\t<div class=\"elementor-spacer-inner\"><\/div>\n\t\t<\/div>\n\t\t\t\t\t\t<\/div>\n\t\t\t\t<div class=\"elementor-element elementor-element-e09dcff elementor-position-left elementor-vertical-align-middle elementor-widget elementor-widget-image-box\" data-id=\"e09dcff\" data-element_type=\"widget\" data-e-type=\"widget\" data-widget_type=\"image-box.default\">\n\t\t\t\t\t<div class=\"elementor-image-box-wrapper\"><figure class=\"elementor-image-box-img\"><a href=\"https:\/\/www.estudidelmoble.com\/es\/la-piel\/\" tabindex=\"-1\"><img fetchpriority=\"high\" decoding=\"async\" width=\"768\" height=\"510\" src=\"https:\/\/www.estudidelmoble.com\/wp-content\/uploads\/2026\/03\/La-Pell-industria-artesania-art-IMG-principal-768x510.jpg\" class=\"attachment-medium_large size-medium_large wp-image-75003\" alt=\"\" srcset=\"https:\/\/www.estudidelmoble.com\/wp-content\/uploads\/2026\/03\/La-Pell-industria-artesania-art-IMG-principal-768x510.jpg 768w, https:\/\/www.estudidelmoble.com\/wp-content\/uploads\/2026\/03\/La-Pell-industria-artesania-art-IMG-principal-300x199.jpg 300w, https:\/\/www.estudidelmoble.com\/wp-content\/uploads\/2026\/03\/La-Pell-industria-artesania-art-IMG-principal-600x399.jpg 600w, https:\/\/www.estudidelmoble.com\/wp-content\/uploads\/2026\/03\/La-Pell-industria-artesania-art-IMG-principal.jpg 819w\" sizes=\"(max-width: 768px) 100vw, 768px\" \/><\/a><\/figure><div class=\"elementor-image-box-content\"><h2 class=\"elementor-image-box-title\"><a href=\"https:\/\/www.estudidelmoble.com\/es\/la-piel\/\">La piel. Industria, artesan\u00eda y arte<\/a><\/h2><p class=\"elementor-image-box-description\">Jornadas que analizan la piel como un material hist\u00f3ricamente esencial en el mobiliario y la decoraci\u00f3n de interiores, desde sus or\u00edgenes hasta la actualidad, en un recorrido que integra su dimensi\u00f3n t\u00e9cnica, art\u00edstica y simb\u00f3lica, as\u00ed como su evoluci\u00f3n en relaci\u00f3n con los cambios culturales y materiales de cada \u00e9poca. Estas jornadas proponen una mirada rigurosa y transversal sobre el procesamiento y las t\u00e9cnicas ornamentales del cuero, con especial atenci\u00f3n al guadamec\u00ed como manifestaci\u00f3n singular de ra\u00edz hisp\u00e1nica, y a los retos de su conservaci\u00f3n y restauraci\u00f3n, incorporando tambi\u00e9n una reflexi\u00f3n contempor\u00e1nea sobre las alternativas sint\u00e9ticas y el futuro de los materiales sustitutivos, en un formato de actividades y visitas que conecta patrimonio e innovaci\u00f3n entre Barcelona y Madrid con retransmisi\u00f3n en l\u00ednea.<\/p><\/div><\/div>\t\t\t\t<\/div>\n\t\t\t\t\t<\/div>\n\t\t<\/div>\n\t\t\t\t\t<\/div>\n\t\t<\/section>\n\t\t\t\t<section class=\"elementor-section elementor-top-section elementor-element elementor-element-b9f02a6 elementor-section-boxed elementor-section-height-default elementor-section-height-default\" data-id=\"b9f02a6\" data-element_type=\"section\" data-e-type=\"section\">\n\t\t\t\t\t\t<div class=\"elementor-container elementor-column-gap-default\">\n\t\t\t\t\t<div class=\"elementor-column elementor-col-100 elementor-top-column elementor-element elementor-element-d5344bd\" data-id=\"d5344bd\" data-element_type=\"column\" data-e-type=\"column\">\n\t\t\t<div class=\"elementor-widget-wrap elementor-element-populated\">\n\t\t\t\t\t\t<div class=\"elementor-element elementor-element-56e4ba7 elementor-widget elementor-widget-spacer\" data-id=\"56e4ba7\" data-element_type=\"widget\" data-e-type=\"widget\" data-widget_type=\"spacer.default\">\n\t\t\t\t\t\t\t<div class=\"elementor-spacer\">\n\t\t\t<div class=\"elementor-spacer-inner\"><\/div>\n\t\t<\/div>\n\t\t\t\t\t\t<\/div>\n\t\t\t\t<div class=\"elementor-element elementor-element-92b4d3d elementor-position-left elementor-vertical-align-middle elementor-widget elementor-widget-image-box\" data-id=\"92b4d3d\" data-element_type=\"widget\" data-e-type=\"widget\" data-widget_type=\"image-box.default\">\n\t\t\t\t\t<div class=\"elementor-image-box-wrapper\"><figure class=\"elementor-image-box-img\"><a href=\"https:\/\/www.estudidelmoble.com\/es\/curso-historia-del-mueble-siglos-xx-y-xxi\/\" tabindex=\"-1\"><img decoding=\"async\" width=\"768\" height=\"765\" src=\"https:\/\/www.estudidelmoble.com\/wp-content\/uploads\/2025\/06\/WhatsApp-Image-2025-07-17-at-12.31.28-768x765.jpeg\" class=\"attachment-medium_large size-medium_large wp-image-69771\" alt=\"\" srcset=\"https:\/\/www.estudidelmoble.com\/wp-content\/uploads\/2025\/06\/WhatsApp-Image-2025-07-17-at-12.31.28-768x765.jpeg 768w, https:\/\/www.estudidelmoble.com\/wp-content\/uploads\/2025\/06\/WhatsApp-Image-2025-07-17-at-12.31.28-300x300.jpeg 300w, https:\/\/www.estudidelmoble.com\/wp-content\/uploads\/2025\/06\/WhatsApp-Image-2025-07-17-at-12.31.28-1024x1020.jpeg 1024w, https:\/\/www.estudidelmoble.com\/wp-content\/uploads\/2025\/06\/WhatsApp-Image-2025-07-17-at-12.31.28-150x150.jpeg 150w, https:\/\/www.estudidelmoble.com\/wp-content\/uploads\/2025\/06\/WhatsApp-Image-2025-07-17-at-12.31.28-600x597.jpeg 600w, https:\/\/www.estudidelmoble.com\/wp-content\/uploads\/2025\/06\/WhatsApp-Image-2025-07-17-at-12.31.28-100x100.jpeg 100w, https:\/\/www.estudidelmoble.com\/wp-content\/uploads\/2025\/06\/WhatsApp-Image-2025-07-17-at-12.31.28.jpeg 1139w\" sizes=\"(max-width: 768px) 100vw, 768px\" \/><\/a><\/figure><div class=\"elementor-image-box-content\"><h2 class=\"elementor-image-box-title\"><a href=\"https:\/\/www.estudidelmoble.com\/es\/curso-historia-del-mueble-siglos-xx-y-xxi\/\">Curs d'Hist\u00f2ria del Moble. Segles XX i XXI<\/a><\/h2><p class=\"elementor-image-box-description\">Curso que analiza la evoluci\u00f3n del mueble en el contexto del siglo XX y principios del XXI, marcado por los profundos cambios sociales, econ\u00f3micos y culturales que transformaron el arte, la arquitectura y el dise\u00f1o a escala internacional. Esta quinta edici\u00f3n da continuidad a las anteriores convocatorias y propone una mirada cr\u00edtica y contextualizada a las nuevas formas de concebir y producir mobiliario. El programa busca superar las clasificaciones estil\u00edsticas tradicionales y acercarse a las razones profundas que impulsan la renovaci\u00f3n del dise\u00f1o de interiores. Se centra principalmente en los escenarios europeos y norteamericanos, estableciendo al mismo tiempo conexiones con los entornos del dise\u00f1o catal\u00e1n y espa\u00f1ol, a menudo desconocidos pero muy relevantes.<\/p><\/div><\/div>\t\t\t\t<\/div>\n\t\t\t\t\t<\/div>\n\t\t<\/div>\n\t\t\t\t\t<\/div>\n\t\t<\/section>\n\t\t\t\t<section class=\"elementor-section elementor-top-section elementor-element elementor-element-50d02ef elementor-section-boxed elementor-section-height-default elementor-section-height-default\" data-id=\"50d02ef\" data-element_type=\"section\" data-e-type=\"section\">\n\t\t\t\t\t\t<div class=\"elementor-container elementor-column-gap-default\">\n\t\t\t\t\t<div class=\"elementor-column elementor-col-100 elementor-top-column elementor-element elementor-element-48191c4\" data-id=\"48191c4\" data-element_type=\"column\" data-e-type=\"column\">\n\t\t\t<div class=\"elementor-widget-wrap elementor-element-populated\">\n\t\t\t\t\t\t<div class=\"elementor-element elementor-element-8c8b79e elementor-widget elementor-widget-spacer\" data-id=\"8c8b79e\" data-element_type=\"widget\" data-e-type=\"widget\" data-widget_type=\"spacer.default\">\n\t\t\t\t\t\t\t<div class=\"elementor-spacer\">\n\t\t\t<div class=\"elementor-spacer-inner\"><\/div>\n\t\t<\/div>\n\t\t\t\t\t\t<\/div>\n\t\t\t\t<div class=\"elementor-element elementor-element-ceab3e7 elementor-position-left elementor-vertical-align-middle elementor-widget elementor-widget-image-box\" data-id=\"ceab3e7\" data-element_type=\"widget\" data-e-type=\"widget\" data-widget_type=\"image-box.default\">\n\t\t\t\t\t<div class=\"elementor-image-box-wrapper\"><figure class=\"elementor-image-box-img\"><a href=\"https:\/\/www.estudidelmoble.com\/es\/curso-de-historia-del-mueble-europeo-hasta-1900-aprende-practica-descubre-2024-2025\/\" tabindex=\"-1\"><img decoding=\"async\" width=\"555\" height=\"555\" src=\"https:\/\/www.estudidelmoble.com\/wp-content\/uploads\/2024\/06\/Curs-Historia-del-Moble-fins-1900.jpg\" class=\"attachment-medium_large size-medium_large wp-image-62162\" alt=\"\" srcset=\"https:\/\/www.estudidelmoble.com\/wp-content\/uploads\/2024\/06\/Curs-Historia-del-Moble-fins-1900.jpg 555w, https:\/\/www.estudidelmoble.com\/wp-content\/uploads\/2024\/06\/Curs-Historia-del-Moble-fins-1900-300x300.jpg 300w, https:\/\/www.estudidelmoble.com\/wp-content\/uploads\/2024\/06\/Curs-Historia-del-Moble-fins-1900-150x150.jpg 150w, https:\/\/www.estudidelmoble.com\/wp-content\/uploads\/2024\/06\/Curs-Historia-del-Moble-fins-1900-100x100.jpg 100w\" sizes=\"(max-width: 555px) 100vw, 555px\" \/><\/a><\/figure><div class=\"elementor-image-box-content\"><h2 class=\"elementor-image-box-title\"><a href=\"https:\/\/www.estudidelmoble.com\/es\/curso-de-historia-del-mueble-europeo-hasta-1900-aprende-practica-descubre-2024-2025\/\">Curso de historia del mueble europeo hasta 1900<\/a><\/h2><p class=\"elementor-image-box-description\">Ahora que tenemos que recuperar los muebles antiguos como exigencia medioambiental, os ofrecemos la oportunidad de acercaros a ellos de manera abierta, pr\u00e1ctica y pr\u00f3xima. Recibir\u00e9is las herramientas para aprender sobre este rico patrimonio.<br>Disfrutar\u00e9is entendiendo el mueble y la decoraci\u00f3n en su contexto hist\u00f3rico, aprender\u00e9is a identificar los estilos, reconocer las obras principales y a diferenciar sistemas de construcci\u00f3n y calidades. Se tratar\u00e1 el mueble en los principales pa\u00edses europeos desde el punto de vista art\u00edstico, t\u00e9cnico y sociol\u00f3gico, incidiendo en obras famosas internacionalmente y dando relevancia al mueble espa\u00f1ol, especialmente, al catal\u00e1n.<br>Las sesiones motivan el aprendizaje personal y la relaci\u00f3n entre compa\u00f1eros\/as para crear una red de amistades con intereses comunes.<br>Se celebrar\u00e1 del 15 de octubre de 2024 al 17 de junio de 2025<\/p><\/div><\/div>\t\t\t\t<\/div>\n\t\t\t\t\t<\/div>\n\t\t<\/div>\n\t\t\t\t\t<\/div>\n\t\t<\/section>\n\t\t\t\t<section class=\"elementor-section elementor-top-section elementor-element elementor-element-53d5f8a elementor-section-boxed elementor-section-height-default elementor-section-height-default\" data-id=\"53d5f8a\" data-element_type=\"section\" data-e-type=\"section\">\n\t\t\t\t\t\t<div class=\"elementor-container elementor-column-gap-default\">\n\t\t\t\t\t<div class=\"elementor-column elementor-col-50 elementor-top-column elementor-element elementor-element-e0b26a5\" data-id=\"e0b26a5\" data-element_type=\"column\" data-e-type=\"column\">\n\t\t\t<div class=\"elementor-widget-wrap elementor-element-populated\">\n\t\t\t\t\t\t<div class=\"elementor-element elementor-element-682b571 elementor-widget elementor-widget-text-editor\" data-id=\"682b571\" data-element_type=\"widget\" data-e-type=\"widget\" data-widget_type=\"text-editor.default\">\n\t\t\t\t\t\t\t\t\t<p style=\"text-align: right;\" data-mce-style=\"text-align: right;\">Para conocer nuestros Cursos y Conferencias, tanto los ya realizados como los previstos, haz clic a la flecha:<\/p>\n<div id=\"s3gt_translate_tooltip_mini\" class=\"s3gt_translate_tooltip_mini_box\" style=\"background: initial !important; border: initial !important; border-radius: initial !important; border-spacing: initial !important; border-collapse: initial !important; direction: ltr !important; flex-direction: initial !important; font-weight: initial !important; height: initial !important; letter-spacing: initial !important; min-width: initial !important; max-width: initial !important; min-height: initial !important; max-height: initial !important; margin: auto !important; outline: initial !important; padding: initial !important; position: absolute; table-layout: initial !important; text-align: initial !important; text-shadow: initial !important; width: initial !important; word-break: initial !important; word-spacing: initial !important; overflow-wrap: initial !important; box-sizing: initial !important; display: initial !important; color: inherit !important; font-size: 13px !important; font-family: X-LocaleSpecific, sans-serif, Tahoma, Helvetica !important; line-height: 13px !important; vertical-align: top !important; white-space: inherit !important; left: 228px; top: 162px; opacity: 0.45;\" data-mce-style=\"background: initial !important; border: initial !important; border-radius: initial !important; border-spacing: initial !important; border-collapse: initial !important; direction: ltr !important; flex-direction: initial !important; font-weight: initial !important; height: initial !important; letter-spacing: initial !important; min-width: initial !important; max-width: initial !important; min-height: initial !important; max-height: initial !important; margin: auto !important; outline: initial !important; padding: initial !important; position: absolute; table-layout: initial !important; text-align: initial !important; text-shadow: initial !important; width: initial !important; word-break: initial !important; word-spacing: initial !important; overflow-wrap: initial !important; box-sizing: initial !important; display: initial !important; color: inherit !important; font-size: 13px !important; font-family: X-LocaleSpecific, sans-serif, Tahoma, Helvetica !important; line-height: 13px !important; vertical-align: top !important; white-space: inherit !important; left: 228px; top: 162px; opacity: 0.45;\">\n<div id=\"s3gt_translate_tooltip_mini_logo\" class=\"s3gt_translate_tooltip_mini\" title=\"Tradueix el text seleccionat\"><\/div>\n<div id=\"s3gt_translate_tooltip_mini_sound\" class=\"s3gt_translate_tooltip_mini\" title=\"Reprodueix\"><\/div>\n<div id=\"s3gt_translate_tooltip_mini_copy\" class=\"s3gt_translate_tooltip_mini\" title=\"Copia el text al porta-retalls\"><\/div>\n<\/div>\n\t\t\t\t\t\t\t\t<\/div>\n\t\t\t\t\t<\/div>\n\t\t<\/div>\n\t\t\t\t<div class=\"elementor-column elementor-col-50 elementor-top-column elementor-element elementor-element-88d27f2\" data-id=\"88d27f2\" data-element_type=\"column\" data-e-type=\"column\">\n\t\t\t<div class=\"elementor-widget-wrap elementor-element-populated\">\n\t\t\t\t\t\t<div class=\"elementor-element elementor-element-fbca2b8 elementor-mobile-align-right elementor-widget elementor-widget-button\" data-id=\"fbca2b8\" data-element_type=\"widget\" data-e-type=\"widget\" data-widget_type=\"button.default\">\n\t\t\t\t\t\t\t\t\t\t<a class=\"elementor-button elementor-button-link elementor-size-sm\" href=\"https:\/\/www.estudidelmoble.com\/es\/category\/cursos-es\/\">\n\t\t\t\t\t\t<span class=\"elementor-button-content-wrapper\">\n\t\t\t\t\t\t<span class=\"elementor-button-icon\">\n\t\t\t\t<svg aria-hidden=\"true\" class=\"e-font-icon-svg e-fas-arrow-circle-right\" viewBox=\"0 0 512 512\" xmlns=\"http:\/\/www.w3.org\/2000\/svg\"><path d=\"M256 8c137 0 248 111 248 248S393 504 256 504 8 393 8 256 119 8 256 8zm-28.9 143.6l75.5 72.4H120c-13.3 0-24 10.7-24 24v16c0 13.3 10.7 24 24 24h182.6l-75.5 72.4c-9.7 9.3-9.9 24.8-.4 34.3l11 10.9c9.4 9.4 24.6 9.4 33.9 0L404.3 273c9.4-9.4 9.4-24.6 0-33.9L271.6 106.3c-9.4-9.4-24.6-9.4-33.9 0l-11 10.9c-9.5 9.6-9.3 25.1.4 34.4z\"><\/path><\/svg>\t\t\t<\/span>\n\t\t\t\t\t\t\t\t\t<span class=\"elementor-button-text\">Cursos y Conferencias<\/span>\n\t\t\t\t\t<\/span>\n\t\t\t\t\t<\/a>\n\t\t\t\t\t\t\t\t<\/div>\n\t\t\t\t\t<\/div>\n\t\t<\/div>\n\t\t\t\t\t<\/div>\n\t\t<\/section>\n\t\t\t\t<\/div>\n\t\t","protected":false},"excerpt":{"rendered":"<p>Cursos y Conferencias Uno de los objetivos de la Asociaci\u00f3n es la formaci\u00f3n continuada de los profesionales relacionados con el mueble. Nuestro rasgo diferencial es la ense\u00f1anza en contacto directo con las obras.En nuestros cursos y conferencias, siempre impartidos por expertos reconocidos, tratamos temas sobre la historia y la conservaci\u00f3n del mueble, as\u00ed como sobre [&hellip;]<\/p>\n","protected":false},"author":1,"featured_media":0,"parent":4391,"menu_order":1,"comment_status":"closed","ping_status":"closed","template":"elementor_header_footer","meta":{"_acf_changed":false,"footnotes":""},"class_list":["post-38142","page","type-page","status-publish","hentry"],"acf":[],"_links":{"self":[{"href":"https:\/\/www.estudidelmoble.com\/es\/wp-json\/wp\/v2\/pages\/38142","targetHints":{"allow":["GET"]}}],"collection":[{"href":"https:\/\/www.estudidelmoble.com\/es\/wp-json\/wp\/v2\/pages"}],"about":[{"href":"https:\/\/www.estudidelmoble.com\/es\/wp-json\/wp\/v2\/types\/page"}],"author":[{"embeddable":true,"href":"https:\/\/www.estudidelmoble.com\/es\/wp-json\/wp\/v2\/users\/1"}],"replies":[{"embeddable":true,"href":"https:\/\/www.estudidelmoble.com\/es\/wp-json\/wp\/v2\/comments?post=38142"}],"version-history":[{"count":0,"href":"https:\/\/www.estudidelmoble.com\/es\/wp-json\/wp\/v2\/pages\/38142\/revisions"}],"up":[{"embeddable":true,"href":"https:\/\/www.estudidelmoble.com\/es\/wp-json\/wp\/v2\/pages\/4391"}],"wp:attachment":[{"href":"https:\/\/www.estudidelmoble.com\/es\/wp-json\/wp\/v2\/media?parent=38142"}],"curies":[{"name":"wp","href":"https:\/\/api.w.org\/{rel}","templated":true}]}}