{"id":38773,"date":"2019-07-04T13:08:08","date_gmt":"2019-07-04T11:08:08","guid":{"rendered":"https:\/\/www.estudidelmoble.com\/actividades\/visitas-guiadas\/"},"modified":"2024-09-17T13:45:18","modified_gmt":"2024-09-17T11:45:18","slug":"visitas-guiadas","status":"publish","type":"page","link":"https:\/\/www.estudidelmoble.com\/es\/actividades\/visitas-guiadas\/","title":{"rendered":"Visitas guiadas"},"content":{"rendered":"\t\t<div data-elementor-type=\"wp-post\" data-elementor-id=\"38773\" class=\"elementor elementor-38773 elementor-1191\" data-elementor-post-type=\"page\">\n\t\t\t\t\t\t<section class=\"elementor-section elementor-top-section elementor-element elementor-element-d104260 elementor-section-boxed elementor-section-height-default elementor-section-height-default\" data-id=\"d104260\" data-element_type=\"section\" data-e-type=\"section\">\n\t\t\t\t\t\t<div class=\"elementor-container elementor-column-gap-default\">\n\t\t\t\t\t<div class=\"elementor-column elementor-col-100 elementor-top-column elementor-element elementor-element-267f77d\" data-id=\"267f77d\" data-element_type=\"column\" data-e-type=\"column\">\n\t\t\t<div class=\"elementor-widget-wrap elementor-element-populated\">\n\t\t\t\t\t\t<div class=\"elementor-element elementor-element-53a8c26 elementor-hidden-mobile elementor-widget elementor-widget-spacer\" data-id=\"53a8c26\" data-element_type=\"widget\" data-e-type=\"widget\" data-widget_type=\"spacer.default\">\n\t\t\t\t\t\t\t<div class=\"elementor-spacer\">\n\t\t\t<div class=\"elementor-spacer-inner\"><\/div>\n\t\t<\/div>\n\t\t\t\t\t\t<\/div>\n\t\t\t\t<div class=\"elementor-element elementor-element-389f261 elementor-widget elementor-widget-heading\" data-id=\"389f261\" data-element_type=\"widget\" data-e-type=\"widget\" data-widget_type=\"heading.default\">\n\t\t\t\t\t<h1 class=\"elementor-heading-title elementor-size-default\">Visitas guiadas<\/h1>\t\t\t\t<\/div>\n\t\t\t\t<div class=\"elementor-element elementor-element-3161732 elementor-widget elementor-widget-spacer\" data-id=\"3161732\" data-element_type=\"widget\" data-e-type=\"widget\" data-widget_type=\"spacer.default\">\n\t\t\t\t\t\t\t<div class=\"elementor-spacer\">\n\t\t\t<div class=\"elementor-spacer-inner\"><\/div>\n\t\t<\/div>\n\t\t\t\t\t\t<\/div>\n\t\t\t\t\t<\/div>\n\t\t<\/div>\n\t\t\t\t\t<\/div>\n\t\t<\/section>\n\t\t\t\t<section class=\"elementor-section elementor-top-section elementor-element elementor-element-08d0f76 elementor-section-boxed elementor-section-height-default elementor-section-height-default\" data-id=\"08d0f76\" data-element_type=\"section\" data-e-type=\"section\">\n\t\t\t\t\t\t<div class=\"elementor-container elementor-column-gap-default\">\n\t\t\t\t\t<div class=\"elementor-column elementor-col-100 elementor-top-column elementor-element elementor-element-9bf4d74\" data-id=\"9bf4d74\" data-element_type=\"column\" data-e-type=\"column\">\n\t\t\t<div class=\"elementor-widget-wrap elementor-element-populated\">\n\t\t\t\t\t\t<div class=\"elementor-element elementor-element-e7ac677 elementor-drop-cap-yes elementor-drop-cap-view-default elementor-widget elementor-widget-text-editor\" data-id=\"e7ac677\" data-element_type=\"widget\" data-e-type=\"widget\" data-settings=\"{&quot;drop_cap&quot;:&quot;yes&quot;}\" data-widget_type=\"text-editor.default\">\n\t\t\t\t\t\t\t\t\t<p>La AEM prepara numerosas visitas guiadas y rutas para acercar el p\u00fablico a grandes colecciones de mueble, a espacios interiores, as\u00ed como a las artes decorativas y al dise\u00f1o. Nuestra prioridad es facilitar el acceso a obras generalmente cerradas al p\u00fablico.<\/p>\n\t\t\t\t\t\t\t\t<\/div>\n\t\t\t\t<div class=\"elementor-element elementor-element-c4610ab elementor-widget elementor-widget-text-editor\" data-id=\"c4610ab\" data-element_type=\"widget\" data-e-type=\"widget\" data-widget_type=\"text-editor.default\">\n\t\t\t\t\t\t\t\t\t<p>Haz clic sobre la imagen para conocer todos los detalles de nuestra pr\u00f3xima visita guiada:<\/p>\n\t\t\t\t\t\t\t\t<\/div>\n\t\t\t\t<div class=\"elementor-element elementor-element-c79941a elementor-position-left elementor-vertical-align-middle elementor-widget elementor-widget-image-box\" data-id=\"c79941a\" data-element_type=\"widget\" data-e-type=\"widget\" data-widget_type=\"image-box.default\">\n\t\t\t\t\t<div class=\"elementor-image-box-wrapper\"><figure class=\"elementor-image-box-img\"><a href=\"https:\/\/www.estudidelmoble.com\/es\/visita-a-la-coleccion-privada-de-ceramica-y-arte-de-eco-multipunt\/\" target=\"_blank\" tabindex=\"-1\"><img fetchpriority=\"high\" decoding=\"async\" width=\"2265\" height=\"2265\" src=\"https:\/\/www.estudidelmoble.com\/wp-content\/uploads\/2024\/07\/Visita-col\u00b7leccio-ceramica-Eco-Multipunt.jpg\" class=\"attachment-full size-full wp-image-62915\" alt=\"\" srcset=\"https:\/\/www.estudidelmoble.com\/wp-content\/uploads\/2024\/07\/Visita-col\u00b7leccio-ceramica-Eco-Multipunt.jpg 2265w, https:\/\/www.estudidelmoble.com\/wp-content\/uploads\/2024\/07\/Visita-col\u00b7leccio-ceramica-Eco-Multipunt-300x300.jpg 300w, https:\/\/www.estudidelmoble.com\/wp-content\/uploads\/2024\/07\/Visita-col\u00b7leccio-ceramica-Eco-Multipunt-1024x1024.jpg 1024w, https:\/\/www.estudidelmoble.com\/wp-content\/uploads\/2024\/07\/Visita-col\u00b7leccio-ceramica-Eco-Multipunt-150x150.jpg 150w, https:\/\/www.estudidelmoble.com\/wp-content\/uploads\/2024\/07\/Visita-col\u00b7leccio-ceramica-Eco-Multipunt-768x768.jpg 768w, https:\/\/www.estudidelmoble.com\/wp-content\/uploads\/2024\/07\/Visita-col\u00b7leccio-ceramica-Eco-Multipunt-1536x1536.jpg 1536w, https:\/\/www.estudidelmoble.com\/wp-content\/uploads\/2024\/07\/Visita-col\u00b7leccio-ceramica-Eco-Multipunt-2048x2048.jpg 2048w, https:\/\/www.estudidelmoble.com\/wp-content\/uploads\/2024\/07\/Visita-col\u00b7leccio-ceramica-Eco-Multipunt-600x600.jpg 600w, https:\/\/www.estudidelmoble.com\/wp-content\/uploads\/2024\/07\/Visita-col\u00b7leccio-ceramica-Eco-Multipunt-100x100.jpg 100w\" sizes=\"(max-width: 2265px) 100vw, 2265px\" \/><\/a><\/figure><div class=\"elementor-image-box-content\"><h3 class=\"elementor-image-box-title\"><a href=\"https:\/\/www.estudidelmoble.com\/es\/visita-a-la-coleccion-privada-de-ceramica-y-arte-de-eco-multipunt\/\" target=\"_blank\">Visita a la colecci\u00f3n privada de cer\u00e1mica y arte en la empresa Eco Multipunt<\/a><\/h3><p class=\"elementor-image-box-description\">Descubre el 3 de octubre una colecci\u00f3n privada \u00fanica dentro de una empresa de Sant Adri\u00e0 del Bes\u00f3s. El grueso del cat\u00e1logo conservado es cer\u00e1mica espa\u00f1ola y catalana de los siglos XV al XVIII, dividida en cuatro \u00e1mbitos: cer\u00e1mica policroma de los siglos XV al XVII (Manises, Barcelona y Sevilla); cer\u00e1mica catalana en azul de los siglos XVI a XVIII; soperas barrocas; y azulejos de los oficios y plafones religiosos de los siglos XVI al XVIII. Ver\u00e1s c\u00f3mo algunas son piezas exclusivas, verdaderos \u00fanicums de la cer\u00e1mica del pa\u00eds.\n\n<br \/>Adem\u00e1s la colecci\u00f3n cuenta con m\u00e1s piezas extraordinarias: pinturas (Ti\u00e9polo, Casas, Sorolla, Barcel\u00f3), obra sobre papel (Dal\u00ed, Clav\u00e9, T\u00e0pies, Barcel\u00f3), alg\u00fan objeto de orfebrer\u00eda y escultura g\u00f3tica. El arte m\u00e1s contempor\u00e1neo est\u00e1 representado por una colecci\u00f3n de graffiti.\n\n<br \/>Podr\u00e1s ver la importancia de la colecci\u00f3n, especialmente en lo que respecta a la de cer\u00e1mica, con las explicaciones del especialista en este \u00e1mbito, el historiador Vicente de la Fuente.<\/p><\/div><\/div>\t\t\t\t<\/div>\n\t\t\t\t<div class=\"elementor-element elementor-element-8eba899 elementor-widget elementor-widget-spacer\" data-id=\"8eba899\" data-element_type=\"widget\" data-e-type=\"widget\" data-widget_type=\"spacer.default\">\n\t\t\t\t\t\t\t<div class=\"elementor-spacer\">\n\t\t\t<div class=\"elementor-spacer-inner\"><\/div>\n\t\t<\/div>\n\t\t\t\t\t\t<\/div>\n\t\t\t\t\t<\/div>\n\t\t<\/div>\n\t\t\t\t\t<\/div>\n\t\t<\/section>\n\t\t\t\t<section class=\"elementor-section elementor-top-section elementor-element elementor-element-8ab382a elementor-section-boxed elementor-section-height-default elementor-section-height-default\" data-id=\"8ab382a\" data-element_type=\"section\" data-e-type=\"section\">\n\t\t\t\t\t\t<div class=\"elementor-container elementor-column-gap-default\">\n\t\t\t\t\t<div class=\"elementor-column elementor-col-50 elementor-top-column elementor-element elementor-element-2af13b5\" data-id=\"2af13b5\" data-element_type=\"column\" data-e-type=\"column\">\n\t\t\t<div class=\"elementor-widget-wrap elementor-element-populated\">\n\t\t\t\t\t\t<div class=\"elementor-element elementor-element-bf3503e elementor-widget elementor-widget-text-editor\" data-id=\"bf3503e\" data-element_type=\"widget\" data-e-type=\"widget\" data-widget_type=\"text-editor.default\">\n\t\t\t\t\t\t\t\t\t<p style=\"text-align: right;\">\u00a0 Para conocer nuestras visitas guiadas y rutas, tanto las ya realizadas como las previstas, haz clic en la flecha: <\/p>\n\t\t\t\t\t\t\t\t<\/div>\n\t\t\t\t\t<\/div>\n\t\t<\/div>\n\t\t\t\t<div class=\"elementor-column elementor-col-50 elementor-top-column elementor-element elementor-element-0c8d023\" data-id=\"0c8d023\" data-element_type=\"column\" data-e-type=\"column\">\n\t\t\t<div class=\"elementor-widget-wrap elementor-element-populated\">\n\t\t\t\t\t\t<div class=\"elementor-element elementor-element-8dcf839 elementor-mobile-align-right elementor-widget elementor-widget-button\" data-id=\"8dcf839\" data-element_type=\"widget\" data-e-type=\"widget\" data-widget_type=\"button.default\">\n\t\t\t\t\t\t\t\t\t\t<a class=\"elementor-button elementor-button-link elementor-size-sm\" href=\"https:\/\/www.estudidelmoble.com\/es\/category\/visitas-guiadas\/\">\n\t\t\t\t\t\t<span class=\"elementor-button-content-wrapper\">\n\t\t\t\t\t\t<span class=\"elementor-button-icon\">\n\t\t\t\t<svg aria-hidden=\"true\" class=\"e-font-icon-svg e-fas-arrow-circle-right\" viewBox=\"0 0 512 512\" xmlns=\"http:\/\/www.w3.org\/2000\/svg\"><path d=\"M256 8c137 0 248 111 248 248S393 504 256 504 8 393 8 256 119 8 256 8zm-28.9 143.6l75.5 72.4H120c-13.3 0-24 10.7-24 24v16c0 13.3 10.7 24 24 24h182.6l-75.5 72.4c-9.7 9.3-9.9 24.8-.4 34.3l11 10.9c9.4 9.4 24.6 9.4 33.9 0L404.3 273c9.4-9.4 9.4-24.6 0-33.9L271.6 106.3c-9.4-9.4-24.6-9.4-33.9 0l-11 10.9c-9.5 9.6-9.3 25.1.4 34.4z\"><\/path><\/svg>\t\t\t<\/span>\n\t\t\t\t\t\t\t\t\t<span class=\"elementor-button-text\">Visitas guiadas<\/span>\n\t\t\t\t\t<\/span>\n\t\t\t\t\t<\/a>\n\t\t\t\t\t\t\t\t<\/div>\n\t\t\t\t\t<\/div>\n\t\t<\/div>\n\t\t\t\t\t<\/div>\n\t\t<\/section>\n\t\t\t\t<\/div>\n\t\t","protected":false},"excerpt":{"rendered":"<p>Visitas guiadas La AEM prepara numerosas visitas guiadas y rutas para acercar el p\u00fablico a grandes colecciones de mueble, a espacios interiores, as\u00ed como a las artes decorativas y al dise\u00f1o. Nuestra prioridad es facilitar el acceso a obras generalmente cerradas al p\u00fablico. Haz clic sobre la imagen para conocer todos los detalles de nuestra [&hellip;]<\/p>\n","protected":false},"author":1,"featured_media":0,"parent":4391,"menu_order":0,"comment_status":"closed","ping_status":"closed","template":"","meta":{"_acf_changed":false,"footnotes":""},"class_list":["post-38773","page","type-page","status-publish","hentry"],"acf":[],"_links":{"self":[{"href":"https:\/\/www.estudidelmoble.com\/es\/wp-json\/wp\/v2\/pages\/38773","targetHints":{"allow":["GET"]}}],"collection":[{"href":"https:\/\/www.estudidelmoble.com\/es\/wp-json\/wp\/v2\/pages"}],"about":[{"href":"https:\/\/www.estudidelmoble.com\/es\/wp-json\/wp\/v2\/types\/page"}],"author":[{"embeddable":true,"href":"https:\/\/www.estudidelmoble.com\/es\/wp-json\/wp\/v2\/users\/1"}],"replies":[{"embeddable":true,"href":"https:\/\/www.estudidelmoble.com\/es\/wp-json\/wp\/v2\/comments?post=38773"}],"version-history":[{"count":0,"href":"https:\/\/www.estudidelmoble.com\/es\/wp-json\/wp\/v2\/pages\/38773\/revisions"}],"up":[{"embeddable":true,"href":"https:\/\/www.estudidelmoble.com\/es\/wp-json\/wp\/v2\/pages\/4391"}],"wp:attachment":[{"href":"https:\/\/www.estudidelmoble.com\/es\/wp-json\/wp\/v2\/media?parent=38773"}],"curies":[{"name":"wp","href":"https:\/\/api.w.org\/{rel}","templated":true}]}}