{"id":39058,"date":"2019-07-10T18:54:53","date_gmt":"2019-07-10T16:54:53","guid":{"rendered":"https:\/\/www.estudidelmoble.com\/ediciones\/minixiloteca\/"},"modified":"2025-05-14T12:40:32","modified_gmt":"2025-05-14T10:40:32","slug":"minixiloteca","status":"publish","type":"page","link":"https:\/\/www.estudidelmoble.com\/es\/ediciones\/minixiloteca\/","title":{"rendered":"Minixiloteca"},"content":{"rendered":"\t\t<div data-elementor-type=\"wp-page\" data-elementor-id=\"39058\" class=\"elementor elementor-39058 elementor-1375\" data-elementor-post-type=\"page\">\n\t\t\t\t\t\t<section class=\"elementor-section elementor-top-section elementor-element elementor-element-f134d33 elementor-section-boxed elementor-section-height-default elementor-section-height-default\" data-id=\"f134d33\" data-element_type=\"section\" data-e-type=\"section\">\n\t\t\t\t\t\t<div class=\"elementor-container elementor-column-gap-default\">\n\t\t\t\t\t<div class=\"elementor-column elementor-col-100 elementor-top-column elementor-element elementor-element-b048e24\" data-id=\"b048e24\" data-element_type=\"column\" data-e-type=\"column\">\n\t\t\t<div class=\"elementor-widget-wrap elementor-element-populated\">\n\t\t\t\t\t\t<div class=\"elementor-element elementor-element-444de7a elementor-hidden-mobile elementor-widget elementor-widget-spacer\" data-id=\"444de7a\" data-element_type=\"widget\" data-e-type=\"widget\" data-widget_type=\"spacer.default\">\n\t\t\t\t\t\t\t<div class=\"elementor-spacer\">\n\t\t\t<div class=\"elementor-spacer-inner\"><\/div>\n\t\t<\/div>\n\t\t\t\t\t\t<\/div>\n\t\t\t\t<div class=\"elementor-element elementor-element-79cec24 elementor-widget elementor-widget-heading\" data-id=\"79cec24\" data-element_type=\"widget\" data-e-type=\"widget\" data-widget_type=\"heading.default\">\n\t\t\t\t\t<h1 class=\"elementor-heading-title elementor-size-default\">La Minixiloteca<\/h1>\t\t\t\t<\/div>\n\t\t\t\t<div class=\"elementor-element elementor-element-621ffd9 elementor-hidden-mobile elementor-widget elementor-widget-spacer\" data-id=\"621ffd9\" data-element_type=\"widget\" data-e-type=\"widget\" data-widget_type=\"spacer.default\">\n\t\t\t\t\t\t\t<div class=\"elementor-spacer\">\n\t\t\t<div class=\"elementor-spacer-inner\"><\/div>\n\t\t<\/div>\n\t\t\t\t\t\t<\/div>\n\t\t\t\t\t<\/div>\n\t\t<\/div>\n\t\t\t\t\t<\/div>\n\t\t<\/section>\n\t\t\t\t<section class=\"elementor-section elementor-top-section elementor-element elementor-element-a6d1f91 elementor-section-boxed elementor-section-height-default elementor-section-height-default\" data-id=\"a6d1f91\" data-element_type=\"section\" data-e-type=\"section\">\n\t\t\t\t\t\t<div class=\"elementor-container elementor-column-gap-default\">\n\t\t\t\t\t<div class=\"elementor-column elementor-col-100 elementor-top-column elementor-element elementor-element-db90851\" data-id=\"db90851\" data-element_type=\"column\" data-e-type=\"column\">\n\t\t\t<div class=\"elementor-widget-wrap elementor-element-populated\">\n\t\t\t\t\t\t<div class=\"elementor-element elementor-element-036897f elementor-drop-cap-yes elementor-drop-cap-view-default elementor-widget elementor-widget-text-editor\" data-id=\"036897f\" data-element_type=\"widget\" data-e-type=\"widget\" data-settings=\"{&quot;drop_cap&quot;:&quot;yes&quot;}\" data-widget_type=\"text-editor.default\">\n\t\t\t\t\t\t\t\t\t<div>\n<div data-id=\"6553238\" data-element_type=\"widget\" data-model-cid=\"c30821\" data-widget_type=\"text-editor.default\">\n<div>\n<div data-elementor-setting-key=\"editor\" data-elementor-inline-editing-toolbar=\"advanced\">\n<p>La minixiloteca se compone de 36 peque\u00f1as muestras de las maderas m\u00e1s utilizadas en nuestro entorno, desde el cerezo hasta la caoba. Su tama\u00f1o es ideal para llevar en la bolsa del material de trabajo, incluso en el bolsillo.<\/p>\n<p>La minixiloteca es de gran ayuda cuando estudias muebles de una colecci\u00f3n, cuando presentas un dise\u00f1o a un cliente o cuando has de hacer un presupuesto de conservaci\u00f3n \u2013 restauraci\u00f3n.<\/p>\n<p>Es un regalo ideal para arquitectos, restauradores, dise\u00f1adores, decoradores, historiadores del patrimonio, ebanistas y para todos los amantes de la naturaleza y el bosque.<\/p>\n<\/div>\n<\/div>\n<\/div>\n<\/div>\n\t\t\t\t\t\t\t\t<\/div>\n\t\t\t\t<div class=\"elementor-element elementor-element-82be98b elementor-widget elementor-widget-text-editor\" data-id=\"82be98b\" data-element_type=\"widget\" data-e-type=\"widget\" data-widget_type=\"text-editor.default\">\n\t\t\t\t\t\t\t\t\t<p>Tienes la minixiloteca a tu disposici\u00f3n en nuestra <a data-mce-href=\"\/?p=23147\" href=\"https:\/\/www.estudidelmoble.com\/es\/producto\/minixiloteca\/\">e-tienda<\/a><\/p>\n\t\t\t\t\t\t\t\t<\/div>\n\t\t\t\t\t<\/div>\n\t\t<\/div>\n\t\t\t\t\t<\/div>\n\t\t<\/section>\n\t\t\t\t<section class=\"elementor-section elementor-top-section elementor-element elementor-element-d31ca04 elementor-section-stretched elementor-section-boxed elementor-section-height-default elementor-section-height-default\" data-id=\"d31ca04\" data-element_type=\"section\" data-e-type=\"section\" data-settings=\"{&quot;stretch_section&quot;:&quot;section-stretched&quot;}\">\n\t\t\t\t\t\t<div class=\"elementor-container elementor-column-gap-narrow\">\n\t\t\t\t\t<div class=\"elementor-column elementor-col-50 elementor-top-column elementor-element elementor-element-e3d65fb\" data-id=\"e3d65fb\" data-element_type=\"column\" data-e-type=\"column\">\n\t\t\t<div class=\"elementor-widget-wrap elementor-element-populated\">\n\t\t\t\t\t\t<div class=\"elementor-element elementor-element-0150e0f elementor-widget elementor-widget-image\" data-id=\"0150e0f\" data-element_type=\"widget\" data-e-type=\"widget\" data-widget_type=\"image.default\">\n\t\t\t\t\t\t\t\t\t\t\t\t\t\t\t<img fetchpriority=\"high\" decoding=\"async\" width=\"739\" height=\"941\" src=\"https:\/\/www.estudidelmoble.com\/wp-content\/uploads\/2020\/07\/minixilo.jpeg\" class=\"attachment-medium_large size-medium_large wp-image-68901\" alt=\"\" srcset=\"https:\/\/www.estudidelmoble.com\/wp-content\/uploads\/2020\/07\/minixilo.jpeg 739w, https:\/\/www.estudidelmoble.com\/wp-content\/uploads\/2020\/07\/minixilo-236x300.jpeg 236w, https:\/\/www.estudidelmoble.com\/wp-content\/uploads\/2020\/07\/minixilo-600x764.jpeg 600w\" sizes=\"(max-width: 739px) 100vw, 739px\" \/>\t\t\t\t\t\t\t\t\t\t\t\t\t\t\t<\/div>\n\t\t\t\t\t<\/div>\n\t\t<\/div>\n\t\t\t\t<div class=\"elementor-column elementor-col-50 elementor-top-column elementor-element elementor-element-baf138b\" data-id=\"baf138b\" data-element_type=\"column\" data-e-type=\"column\">\n\t\t\t<div class=\"elementor-widget-wrap elementor-element-populated\">\n\t\t\t\t\t\t<div class=\"elementor-element elementor-element-5eec056 elementor-widget__width-initial elementor-widget elementor-widget-image\" data-id=\"5eec056\" data-element_type=\"widget\" data-e-type=\"widget\" data-widget_type=\"image.default\">\n\t\t\t\t\t\t\t\t\t\t\t\t\t\t\t<img decoding=\"async\" width=\"768\" height=\"374\" src=\"https:\/\/www.estudidelmoble.com\/wp-content\/uploads\/2020\/01\/minixiloteca-2-768x374.jpg\" class=\"attachment-medium_large size-medium_large wp-image-8741\" alt=\"\" srcset=\"https:\/\/www.estudidelmoble.com\/wp-content\/uploads\/2020\/01\/minixiloteca-2-768x374.jpg 768w, https:\/\/www.estudidelmoble.com\/wp-content\/uploads\/2020\/01\/minixiloteca-2-600x292.jpg 600w, https:\/\/www.estudidelmoble.com\/wp-content\/uploads\/2020\/01\/minixiloteca-2-300x146.jpg 300w, https:\/\/www.estudidelmoble.com\/wp-content\/uploads\/2020\/01\/minixiloteca-2.jpg 1024w\" sizes=\"(max-width: 768px) 100vw, 768px\" \/>\t\t\t\t\t\t\t\t\t\t\t\t\t\t\t<\/div>\n\t\t\t\t<div class=\"elementor-element elementor-element-585fc7a elementor-widget__width-initial elementor-widget elementor-widget-image\" data-id=\"585fc7a\" data-element_type=\"widget\" data-e-type=\"widget\" data-widget_type=\"image.default\">\n\t\t\t\t\t\t\t\t\t\t\t\t\t\t\t<img decoding=\"async\" width=\"768\" height=\"374\" src=\"https:\/\/www.estudidelmoble.com\/wp-content\/uploads\/2020\/01\/minixiloteca-3-768x374.jpg\" class=\"attachment-medium_large size-medium_large wp-image-8745\" alt=\"\" srcset=\"https:\/\/www.estudidelmoble.com\/wp-content\/uploads\/2020\/01\/minixiloteca-3-768x374.jpg 768w, https:\/\/www.estudidelmoble.com\/wp-content\/uploads\/2020\/01\/minixiloteca-3-600x292.jpg 600w, https:\/\/www.estudidelmoble.com\/wp-content\/uploads\/2020\/01\/minixiloteca-3-300x146.jpg 300w, https:\/\/www.estudidelmoble.com\/wp-content\/uploads\/2020\/01\/minixiloteca-3.jpg 1024w\" sizes=\"(max-width: 768px) 100vw, 768px\" \/>\t\t\t\t\t\t\t\t\t\t\t\t\t\t\t<\/div>\n\t\t\t\t\t<\/div>\n\t\t<\/div>\n\t\t\t\t\t<\/div>\n\t\t<\/section>\n\t\t\t\t<\/div>\n\t\t","protected":false},"excerpt":{"rendered":"<p>La Minixiloteca La minixiloteca se compone de 36 peque\u00f1as muestras de las maderas m\u00e1s utilizadas en nuestro entorno, desde el cerezo hasta la caoba. Su tama\u00f1o es ideal para llevar en la bolsa del material de trabajo, incluso en el bolsillo. La minixiloteca es de gran ayuda cuando estudias muebles de una colecci\u00f3n, cuando presentas [&hellip;]<\/p>\n","protected":false},"author":1,"featured_media":8753,"parent":4374,"menu_order":0,"comment_status":"closed","ping_status":"closed","template":"elementor_header_footer","meta":{"_acf_changed":false,"footnotes":""},"class_list":["post-39058","page","type-page","status-publish","has-post-thumbnail","hentry"],"acf":[],"_links":{"self":[{"href":"https:\/\/www.estudidelmoble.com\/es\/wp-json\/wp\/v2\/pages\/39058","targetHints":{"allow":["GET"]}}],"collection":[{"href":"https:\/\/www.estudidelmoble.com\/es\/wp-json\/wp\/v2\/pages"}],"about":[{"href":"https:\/\/www.estudidelmoble.com\/es\/wp-json\/wp\/v2\/types\/page"}],"author":[{"embeddable":true,"href":"https:\/\/www.estudidelmoble.com\/es\/wp-json\/wp\/v2\/users\/1"}],"replies":[{"embeddable":true,"href":"https:\/\/www.estudidelmoble.com\/es\/wp-json\/wp\/v2\/comments?post=39058"}],"version-history":[{"count":0,"href":"https:\/\/www.estudidelmoble.com\/es\/wp-json\/wp\/v2\/pages\/39058\/revisions"}],"up":[{"embeddable":true,"href":"https:\/\/www.estudidelmoble.com\/es\/wp-json\/wp\/v2\/pages\/4374"}],"wp:featuredmedia":[{"embeddable":true,"href":"https:\/\/www.estudidelmoble.com\/es\/wp-json\/wp\/v2\/media\/8753"}],"wp:attachment":[{"href":"https:\/\/www.estudidelmoble.com\/es\/wp-json\/wp\/v2\/media?parent=39058"}],"curies":[{"name":"wp","href":"https:\/\/api.w.org\/{rel}","templated":true}]}}