{"id":39069,"date":"2019-07-02T14:56:57","date_gmt":"2019-07-02T12:56:57","guid":{"rendered":"https:\/\/www.estudidelmoble.com\/servicios\/asesoria-y-conservacion\/"},"modified":"2025-04-03T11:25:27","modified_gmt":"2025-04-03T09:25:27","slug":"asesoria-y-conservacion","status":"publish","type":"page","link":"https:\/\/www.estudidelmoble.com\/es\/servicios\/asesoria-y-conservacion\/","title":{"rendered":"Asesor\u00eda y Conservaci\u00f3n"},"content":{"rendered":"\t\t<div data-elementor-type=\"wp-page\" data-elementor-id=\"39069\" class=\"elementor elementor-39069 elementor-1094\" data-elementor-post-type=\"page\">\n\t\t\t\t\t\t<section class=\"elementor-section elementor-top-section elementor-element elementor-element-a6f16d5 elementor-section-boxed elementor-section-height-default elementor-section-height-default\" data-id=\"a6f16d5\" data-element_type=\"section\" data-e-type=\"section\">\n\t\t\t\t\t\t<div class=\"elementor-container elementor-column-gap-default\">\n\t\t\t\t\t<div class=\"elementor-column elementor-col-100 elementor-top-column elementor-element elementor-element-e82a6ae\" data-id=\"e82a6ae\" data-element_type=\"column\" data-e-type=\"column\">\n\t\t\t<div class=\"elementor-widget-wrap elementor-element-populated\">\n\t\t\t\t\t\t<div class=\"elementor-element elementor-element-efeac8d elementor-hidden-mobile elementor-widget elementor-widget-spacer\" data-id=\"efeac8d\" data-element_type=\"widget\" data-e-type=\"widget\" data-widget_type=\"spacer.default\">\n\t\t\t\t\t\t\t<div class=\"elementor-spacer\">\n\t\t\t<div class=\"elementor-spacer-inner\"><\/div>\n\t\t<\/div>\n\t\t\t\t\t\t<\/div>\n\t\t\t\t<div class=\"elementor-element elementor-element-73d3c83 elementor-widget elementor-widget-heading\" data-id=\"73d3c83\" data-element_type=\"widget\" data-e-type=\"widget\" data-widget_type=\"heading.default\">\n\t\t\t\t\t<h1 class=\"elementor-heading-title elementor-size-default\">Asesor\u00eda y Conservaci\u00f3n<\/h1>\t\t\t\t<\/div>\n\t\t\t\t<div class=\"elementor-element elementor-element-dd4969d elementor-hidden-mobile elementor-widget elementor-widget-spacer\" data-id=\"dd4969d\" data-element_type=\"widget\" data-e-type=\"widget\" data-widget_type=\"spacer.default\">\n\t\t\t\t\t\t\t<div class=\"elementor-spacer\">\n\t\t\t<div class=\"elementor-spacer-inner\"><\/div>\n\t\t<\/div>\n\t\t\t\t\t\t<\/div>\n\t\t\t\t\t<\/div>\n\t\t<\/div>\n\t\t\t\t\t<\/div>\n\t\t<\/section>\n\t\t\t\t<section class=\"elementor-section elementor-top-section elementor-element elementor-element-825f69c elementor-section-boxed elementor-section-height-default elementor-section-height-default\" data-id=\"825f69c\" data-element_type=\"section\" data-e-type=\"section\">\n\t\t\t\t\t\t<div class=\"elementor-container elementor-column-gap-default\">\n\t\t\t\t\t<div class=\"elementor-column elementor-col-100 elementor-top-column elementor-element elementor-element-63074ee\" data-id=\"63074ee\" data-element_type=\"column\" data-e-type=\"column\">\n\t\t\t<div class=\"elementor-widget-wrap elementor-element-populated\">\n\t\t\t\t\t\t<div class=\"elementor-element elementor-element-982df83 elementor-drop-cap-yes elementor-drop-cap-view-default elementor-widget elementor-widget-text-editor\" data-id=\"982df83\" data-element_type=\"widget\" data-e-type=\"widget\" data-settings=\"{&quot;drop_cap&quot;:&quot;yes&quot;}\" data-widget_type=\"text-editor.default\">\n\t\t\t\t\t\t\t\t\t<div data-id=\"6553238\" data-element_type=\"widget\" data-model-cid=\"c30821\" data-widget_type=\"text-editor.default\">\n<div data-elementor-setting-key=\"editor\" data-elementor-inline-editing-toolbar=\"advanced\">\n<p style=\"text-align: left;\">La Asociaci\u00f3n lleva a cabo asesor\u00eda en conservaci\u00f3n-restauraci\u00f3n para colecciones p\u00fablicas y privadas, museos, casas museo y fundaciones, anticuarios y subastas. Acompa\u00f1a a particulares en la tarea de conservar interiores y muebles. Realiza estudios y catalogaciones. Asesora en terminolog\u00eda espec\u00edfica sobre mueble, maderas y carpinter\u00eda. Interviene para la preservaci\u00f3n de la documentaci\u00f3n sobre mueble.<\/p>\n<\/div>\n<\/div>\n\t\t\t\t\t\t\t\t<\/div>\n\t\t\t\t<div class=\"elementor-element elementor-element-7e78642 elementor-widget elementor-widget-text-editor\" data-id=\"7e78642\" data-element_type=\"widget\" data-e-type=\"widget\" data-widget_type=\"text-editor.default\">\n\t\t\t\t\t\t\t\t\t<p>Algunos ejemplos de nuestro trabajo:<\/p>\n\t\t\t\t\t\t\t\t<\/div>\n\t\t\t\t<div class=\"elementor-element elementor-element-ea03521 elementor-widget elementor-widget-spacer\" data-id=\"ea03521\" data-element_type=\"widget\" data-e-type=\"widget\" data-widget_type=\"spacer.default\">\n\t\t\t\t\t\t\t<div class=\"elementor-spacer\">\n\t\t\t<div class=\"elementor-spacer-inner\"><\/div>\n\t\t<\/div>\n\t\t\t\t\t\t<\/div>\n\t\t\t\t<div class=\"elementor-element elementor-element-ee01080 elementor-widget elementor-widget-timeline-widget-addon\" data-id=\"ee01080\" data-element_type=\"widget\" data-e-type=\"widget\" data-widget_type=\"timeline-widget-addon.default\">\n\t\t\t\t<div class=\"elementor-widget-container\">\n\t\t\t\t\t<!-- ========= Timeline Widget Addon For Elementor 1.6.24 ========= -->\n<div id=\"twae-wrapper-ee01080\" class=\"twae-vertical twae-wrapper  twae-both-sided\">   \n    <div class=\"twae-start\"><\/div>    \n    <div id=\"twea-timeline-ee01080\" class=\"twae-timeline\" ><!-- Story Year Label --><div class=\"twae-year twae-year-container story-year-3077888\">\n\t\t\t\t\t<div class=\"twae-year-label twae-year-text\">2021<\/div>\n\t\t\t\t<\/div><!-- Start of Story Repeater Content --><div id=\"story-3077888\" class=\"twae-story twae-repeater-item twae-story-right twae-story-no-icon\"><!-- Story Label --><div class=\"twae-labels\"><div class=\"twae-label-big\">Assessoria i conservaci\u00f3<\/div><\/div><!-- Story Icon --><div class=\"twae-icon\"><i aria-hidden=\"true\" class=\"far fa-clock\"><\/i><\/div><!-- Story Arrow --><div class=\"twae-arrow\"><\/div><!-- Start of Story Content --><div class=\"twae-content\"><!-- Story Title --><div class=\"twae-title\">Donaci\u00f3 del fons del Taller Parcerisas<\/div><!-- Story Image --><div class=\"twae-media large\"><img fetchpriority=\"high\" decoding=\"async\" width=\"500\" height=\"500\" src=\"https:\/\/www.estudidelmoble.com\/wp-content\/uploads\/2020\/01\/logo-Museu-Disseny-Barcelona.jpg\" class=\"attachment-large size-large\" alt=\"\" srcset=\"https:\/\/www.estudidelmoble.com\/wp-content\/uploads\/2020\/01\/logo-Museu-Disseny-Barcelona.jpg 500w, https:\/\/www.estudidelmoble.com\/wp-content\/uploads\/2020\/01\/logo-Museu-Disseny-Barcelona-300x300.jpg 300w, https:\/\/www.estudidelmoble.com\/wp-content\/uploads\/2020\/01\/logo-Museu-Disseny-Barcelona-100x100.jpg 100w, https:\/\/www.estudidelmoble.com\/wp-content\/uploads\/2020\/01\/logo-Museu-Disseny-Barcelona-350x350.jpg 350w, https:\/\/www.estudidelmoble.com\/wp-content\/uploads\/2020\/01\/logo-Museu-Disseny-Barcelona-150x150.jpg 150w\" sizes=\"(max-width: 500px) 100vw, 500px\" \/><\/div><!-- Story Description --><div class=\"twae-description\"><p style=\"text-align: left\">L\u2019Associaci\u00f3 presenta al <strong>Centre de Documentaci\u00f3 del Museu del Disseny de Barcelona<\/strong> un extens arxiu de Rafael Parcerisas Serra, un interiorista, fuster i ebenista actiu a la primera meitat del segle XX. \u00c9s el senyor Francesc Parcerisas, net de l\u2019ebenista, qui ofereix la donaci\u00f3 a l'Associcaci\u00f3.\u00a0 Al desembre de 2021 es va signar oficialment la donaci\u00f3 del Fons Parcerisas.<\/p><\/div><\/div><\/div><!-- Start of Story Repeater Content --><div id=\"story-3b7948a\" class=\"twae-story twae-repeater-item twae-story-left twae-story-no-icon\"><!-- Story Label --><div class=\"twae-labels\"><div class=\"twae-label-big\">Assesoria i conservaci\u00f3<\/div><\/div><!-- Story Icon --><div class=\"twae-icon\"><i aria-hidden=\"true\" class=\"far fa-clock\"><\/i><\/div><!-- Story Arrow --><div class=\"twae-arrow\"><\/div><!-- Start of Story Content --><div class=\"twae-content\"><!-- Story Title --><div class=\"twae-title\">Mediaci\u00f3 amb el Museu T\u00e8xtil de Terrassa per restaurar algunes peces de la col\u00b7lecci\u00f3 N\u00faria Pla<\/div><!-- Story Image --><div class=\"twae-media large\"><img decoding=\"async\" width=\"558\" height=\"558\" src=\"https:\/\/www.estudidelmoble.com\/wp-content\/uploads\/2022\/09\/Fundacio-Ramon-Pla-Original-1.jpg\" class=\"attachment-large size-large\" alt=\"\" srcset=\"https:\/\/www.estudidelmoble.com\/wp-content\/uploads\/2022\/09\/Fundacio-Ramon-Pla-Original-1.jpg 558w, https:\/\/www.estudidelmoble.com\/wp-content\/uploads\/2022\/09\/Fundacio-Ramon-Pla-Original-1-300x300.jpg 300w, https:\/\/www.estudidelmoble.com\/wp-content\/uploads\/2022\/09\/Fundacio-Ramon-Pla-Original-1-150x150.jpg 150w, https:\/\/www.estudidelmoble.com\/wp-content\/uploads\/2022\/09\/Fundacio-Ramon-Pla-Original-1-100x100.jpg 100w\" sizes=\"(max-width: 558px) 100vw, 558px\" \/><\/div><!-- Story Description --><div class=\"twae-description\"><p>En l\u2019exposici\u00f3 <a href=\"https:\/\/www.estudidelmoble.com\/producte\/decorum-vestir-la-casa-per-a-locasio\/\" target=\"_blank\" rel=\"noopener\"><em>Dec\u00f3rum, vestir la casa per a l'ocasi\u00f3<\/em><\/a>, organitzada en el <a href=\"https:\/\/cdmt.cat\/es\/\" target=\"_blank\" rel=\"noopener\">Museu T\u00e8xtil de Terrassa<\/a>\u00a0 i comissariada per M\u00f3nica Piera, es van exposar i restaurar diverses peces de la <strong>col\u00b7lecci\u00f3 N\u00faria Pla<\/strong>. Hi destaca la restauraci\u00f3 d\u2019un banc plegable de vellut, a m\u00e9s d\u2019un llit de campanya, una arqueta espanyola del segle XVII, un mirall de paret ebonitzat del segle XVII, o una cornuc\u00f2pia espanyola en fusta daurada del segle XVIII.<\/p><\/div><\/div><\/div><!-- Story Year Label --><div class=\"twae-year twae-year-container story-year-c529f5c\">\n\t\t\t\t\t<div class=\"twae-year-label twae-year-text\">2017<\/div>\n\t\t\t\t<\/div><!-- Start of Story Repeater Content --><div id=\"story-c529f5c\" class=\"twae-story twae-repeater-item twae-story-right twae-story-no-icon\"><!-- Story Label --><div class=\"twae-labels\"><div class=\"twae-label-big\">Assessoria i conservaci\u00f3<\/div><\/div><!-- Story Icon --><div class=\"twae-icon\"><\/div><!-- Story Arrow --><div class=\"twae-arrow\"><\/div><!-- Start of Story Content --><div class=\"twae-content\"><!-- Story Title --><div class=\"twae-title\">Museu d'Arts Decoratives de Barcelona<\/div><!-- Story Image --><div class=\"twae-media large\"><img fetchpriority=\"high\" decoding=\"async\" width=\"500\" height=\"500\" src=\"https:\/\/www.estudidelmoble.com\/wp-content\/uploads\/2020\/01\/logo-Museu-Disseny-Barcelona.jpg\" class=\"attachment-large size-large\" alt=\"\" srcset=\"https:\/\/www.estudidelmoble.com\/wp-content\/uploads\/2020\/01\/logo-Museu-Disseny-Barcelona.jpg 500w, https:\/\/www.estudidelmoble.com\/wp-content\/uploads\/2020\/01\/logo-Museu-Disseny-Barcelona-300x300.jpg 300w, https:\/\/www.estudidelmoble.com\/wp-content\/uploads\/2020\/01\/logo-Museu-Disseny-Barcelona-100x100.jpg 100w, https:\/\/www.estudidelmoble.com\/wp-content\/uploads\/2020\/01\/logo-Museu-Disseny-Barcelona-350x350.jpg 350w, https:\/\/www.estudidelmoble.com\/wp-content\/uploads\/2020\/01\/logo-Museu-Disseny-Barcelona-150x150.jpg 150w\" sizes=\"(max-width: 500px) 100vw, 500px\" \/><\/div><!-- Story Description --><div class=\"twae-description\"><p>El <strong>Museu del Disseny de Barcelona<\/strong> va rebre la donaci\u00f3 de la documentaci\u00f3 de Mobles Casas. AEM va assessorar en la selecci\u00f3 de peces a ingressar en el museu.<\/p><\/div><\/div><\/div><!-- Start of Story Repeater Content --><div id=\"story-30f79d4\" class=\"twae-story twae-repeater-item twae-story-left twae-story-no-icon\"><!-- Story Label --><div class=\"twae-labels\"><div class=\"twae-label-small\">Assessoria i conservaci\u00f3<\/div><\/div><!-- Story Icon --><div class=\"twae-icon\"><i aria-hidden=\"true\" class=\"far fa-clock\"><\/i><\/div><!-- Story Arrow --><div class=\"twae-arrow\"><\/div><!-- Start of Story Content --><div class=\"twae-content\"><!-- Story Title --><div class=\"twae-title\">Temple Expiatori del Sagrat Cor del Tibidabo<\/div><!-- Story Image --><div class=\"twae-media large\"><img decoding=\"async\" width=\"107\" height=\"119\" src=\"https:\/\/www.estudidelmoble.com\/wp-content\/uploads\/2019\/07\/Temple-Tibidabo.png\" class=\"attachment-large size-large\" alt=\"\" \/><\/div><!-- Story Description --><div class=\"twae-description\"><p>El<strong> Temple Expiatori del Sagrat Cor del Tibidabo <\/strong>necessitava estudiar l\u2019estat de conservacio d\u2019un oratori modernista de J. Busquets. L\u2019Associaci\u00f3 va dirigir els estudis previs, i es va implicar en la difusi\u00f3 de l\u2019espai per tal d\u2019ajudar a la salvaci\u00f3 i posada en valor.<\/p><\/div><\/div><\/div><!-- Story Year Label --><div class=\"twae-year twae-year-container story-year-cb69403\">\n\t\t\t\t\t<div class=\"twae-year-label twae-year-text\">2012<\/div>\n\t\t\t\t<\/div><!-- Start of Story Repeater Content --><div id=\"story-cb69403\" class=\"twae-story twae-repeater-item twae-story-right twae-story-no-icon\"><!-- Story Label --><div class=\"twae-labels\"><div class=\"twae-label-small\">Assessoria i conservaci\u00f3<\/div><\/div><!-- Story Icon --><div class=\"twae-icon\"><\/div><!-- Story Arrow --><div class=\"twae-arrow\"><\/div><!-- Start of Story Content --><div class=\"twae-content\"><!-- Story Title --><div class=\"twae-title\">Museu d'Arts Decoratives de Barcelona<\/div><!-- Story Image --><div class=\"twae-media large\"><img loading=\"lazy\" decoding=\"async\" width=\"800\" height=\"800\" src=\"https:\/\/www.estudidelmoble.com\/wp-content\/uploads\/2023\/01\/Generalitat-de-Catalunya-Departament-de-Cultura-Logo.jpg\" class=\"attachment-large size-large\" alt=\"\" srcset=\"https:\/\/www.estudidelmoble.com\/wp-content\/uploads\/2023\/01\/Generalitat-de-Catalunya-Departament-de-Cultura-Logo.jpg 800w, https:\/\/www.estudidelmoble.com\/wp-content\/uploads\/2023\/01\/Generalitat-de-Catalunya-Departament-de-Cultura-Logo-300x300.jpg 300w, https:\/\/www.estudidelmoble.com\/wp-content\/uploads\/2023\/01\/Generalitat-de-Catalunya-Departament-de-Cultura-Logo-150x150.jpg 150w, https:\/\/www.estudidelmoble.com\/wp-content\/uploads\/2023\/01\/Generalitat-de-Catalunya-Departament-de-Cultura-Logo-768x768.jpg 768w, https:\/\/www.estudidelmoble.com\/wp-content\/uploads\/2023\/01\/Generalitat-de-Catalunya-Departament-de-Cultura-Logo-600x600.jpg 600w, https:\/\/www.estudidelmoble.com\/wp-content\/uploads\/2023\/01\/Generalitat-de-Catalunya-Departament-de-Cultura-Logo-100x100.jpg 100w\" sizes=\"(max-width: 800px) 100vw, 800px\" \/><\/div><!-- Story Description --><div class=\"twae-description\"><p>El <strong>Departament de Cultura de la Generalitat<\/strong> comand\u00e0 un informe sobre la qualitat i excepcionalitat d\u2019una taula del segle XVIII de la que s\u2019havia demanat perm\u00eds d\u2019exportaci\u00f3. L\u2019AEM present\u00e0 l\u2019informe a partir del qual es van prendre decisions.<\/p><\/div><\/div><\/div><!-- Start of Story Repeater Content --><div id=\"story-01c4c55\" class=\"twae-story twae-repeater-item twae-story-left twae-story-no-icon\"><!-- Story Label --><div class=\"twae-labels\"><div class=\"twae-label-small\">Assessoria i conservaci\u00f3<\/div><\/div><!-- Story Icon --><div class=\"twae-icon\"><i aria-hidden=\"true\" class=\"far fa-clock\"><\/i><\/div><!-- Story Arrow --><div class=\"twae-arrow\"><\/div><!-- Start of Story Content --><div class=\"twae-content\"><!-- Story Title --><div class=\"twae-title\">Fundaci\u00f3 Institut Casa Amatller d'Art Hisp\u00e0nic<\/div><!-- Story Image --><div class=\"twae-media large\"><img loading=\"lazy\" decoding=\"async\" width=\"317\" height=\"317\" src=\"https:\/\/www.estudidelmoble.com\/wp-content\/uploads\/2023\/01\/Fundacio-Institut-Amatller-Art-Hispanic-Logo.jpg\" class=\"attachment-large size-large\" alt=\"\" srcset=\"https:\/\/www.estudidelmoble.com\/wp-content\/uploads\/2023\/01\/Fundacio-Institut-Amatller-Art-Hispanic-Logo.jpg 317w, https:\/\/www.estudidelmoble.com\/wp-content\/uploads\/2023\/01\/Fundacio-Institut-Amatller-Art-Hispanic-Logo-300x300.jpg 300w, https:\/\/www.estudidelmoble.com\/wp-content\/uploads\/2023\/01\/Fundacio-Institut-Amatller-Art-Hispanic-Logo-150x150.jpg 150w, https:\/\/www.estudidelmoble.com\/wp-content\/uploads\/2023\/01\/Fundacio-Institut-Amatller-Art-Hispanic-Logo-100x100.jpg 100w\" sizes=\"(max-width: 317px) 100vw, 317px\" \/><\/div><!-- Story Description --><div class=\"twae-description\"><p>La direcci\u00f3 de la <strong>Fundaci\u00f3 Institut Casa Amatller d'Art Hisp\u00e0nic<\/strong> va demanar a l'AEM col\u00b7laboraci\u00f3 per tal de establir criteris a l\u2019hora de restaurar els mobles que havien de ser exposat en aquesta casa-museu constru\u00efda per J. Puig i Cadafalch.<\/p><\/div><\/div><\/div><!-- Story Year Label --><div class=\"twae-year twae-year-container story-year-369f49b\">\n\t\t\t\t\t<div class=\"twae-year-label twae-year-text\">2010<\/div>\n\t\t\t\t<\/div><!-- Start of Story Repeater Content --><div id=\"story-369f49b\" class=\"twae-story twae-repeater-item twae-story-right twae-story-no-icon\"><!-- Story Label --><div class=\"twae-labels\"><div class=\"twae-label-small\">Assessoria i conservaci\u00f3<\/div><\/div><!-- Story Icon --><div class=\"twae-icon\"><i aria-hidden=\"true\" class=\"far fa-clock\"><\/i><\/div><!-- Story Arrow --><div class=\"twae-arrow\"><\/div><!-- Start of Story Content --><div class=\"twae-content\"><!-- Story Title --><div class=\"twae-title\">Museu d'Arts Decoratives de Barcelona<\/div><!-- Story Image --><div class=\"twae-media large\"><img fetchpriority=\"high\" decoding=\"async\" width=\"500\" height=\"500\" src=\"https:\/\/www.estudidelmoble.com\/wp-content\/uploads\/2020\/01\/logo-Museu-Disseny-Barcelona.jpg\" class=\"attachment-large size-large\" alt=\"\" srcset=\"https:\/\/www.estudidelmoble.com\/wp-content\/uploads\/2020\/01\/logo-Museu-Disseny-Barcelona.jpg 500w, https:\/\/www.estudidelmoble.com\/wp-content\/uploads\/2020\/01\/logo-Museu-Disseny-Barcelona-300x300.jpg 300w, https:\/\/www.estudidelmoble.com\/wp-content\/uploads\/2020\/01\/logo-Museu-Disseny-Barcelona-100x100.jpg 100w, https:\/\/www.estudidelmoble.com\/wp-content\/uploads\/2020\/01\/logo-Museu-Disseny-Barcelona-350x350.jpg 350w, https:\/\/www.estudidelmoble.com\/wp-content\/uploads\/2020\/01\/logo-Museu-Disseny-Barcelona-150x150.jpg 150w\" sizes=\"(max-width: 500px) 100vw, 500px\" \/><\/div><!-- Story Description --><div class=\"twae-description\"><p>El <strong>Museu d'Arts Decoratives de Barcelona<\/strong> necessitava estudiar les col\u00b7leccions de mobiliari com a pas previ a la selecci\u00f3 de peces que s\u2019exposarien en el nou <strong>Museu del Disseny<\/strong>. L'Associaci\u00f3 va posar en marxa accions que van permetre la selecci\u00f3. Tamb\u00e9 va redactar el discurs d\u2019algunes de les col\u00b7leccions i va difondre aquestes accions internes de museu a partir de cursos, publicacions i visites.<\/p><\/div><\/div><\/div><\/div>\n    <div class=\"twae-end\"><\/div>\n    <\/div><style type=\"text\/css\">.elementor-39069 .elementor-element.elementor-element-ee01080 .twae-wrapper.twae-vertical .twae-story{margin-bottom:60px!important}.elementor-39069 .elementor-element.elementor-element-ee01080 .twae-wrapper{--tw-cbx-title-color:#8E2920;}.elementor-39069 .elementor-element.elementor-element-ee01080 .twae-wrapper{--tw-lbl-small-color:#333333;}.elementor-39069 .elementor-element.elementor-element-ee01080 .twae-wrapper{--tw-ibx-bg:#F5F5F2;}.elementor-39069 .elementor-element.elementor-element-ee01080 .twae-wrapper{--tw-ybx-text-color:#FFFFFF}.elementor-39069 .elementor-element.elementor-element-ee01080 .twae-wrapper{--tw-ybx-bg:#8E2920}.elementor-39069 .elementor-element.elementor-element-ee01080 .twae-wrapper .twae-year{background:none!important;}.elementor-39069 .elementor-element.elementor-element-ee01080 .twae-wrapper{--tw-cbx-bg:#F5F5F2}.elementor-39069 .elementor-element.elementor-element-ee01080 .twae-wrapper{--tw-line-bg:#8E2920}.elementor-39069 .elementor-element.elementor-element-ee01080 .twae-wrapper{ \n\t\t\t--tw-cbx-bd-top-width: 0px;\n\t\t\t--tw-cbx-bd-right-width: 0px;\n\t\t\t--tw-cbx-bd-bottom-width: 0px;\n\t\t\t--tw-cbx-bd-left-width:0px;\n\t\t\t}.elementor-39069 .elementor-element.elementor-element-ee01080 .twae-title{font-family:Source Sans Pro;font-size:22px;font-weight:500;}.elementor-39069 .elementor-element.elementor-element-ee01080 .twae-label-big{font-family:Source Sans Pro;font-size:22px;font-weight:500;}.elementor-39069 .elementor-element.elementor-element-ee01080 .twae-wrapper{--tw-lbl-big-size:22px}.elementor-39069 .elementor-element.elementor-element-ee01080 .twae-label-small{font-family:Source Sans Pro;font-size:22px;font-weight:500;}.elementor-39069 .elementor-element.elementor-element-ee01080 .twae-wrapper{--tw-lbl-small-size:22px}.elementor-39069 .elementor-element.elementor-element-ee01080 .twae-description{font-family:Source Sans Pro;font-size:17px;font-weight:400;}.elementor-39069 .elementor-element.elementor-element-ee01080.twae-year{font-family:Source Sans Pro;font-size:19px;font-weight:400;}@media (max-width: 1024px){ .twae-wrapper{--tw-ybx-size: 80px !important;}}@media (max-width: 767px){ .twae-wrapper{--tw-ybx-size: 80px !important}}<\/style>\t\t\t\t<\/div>\n\t\t\t\t<\/div>\n\t\t\t\t\t<\/div>\n\t\t<\/div>\n\t\t\t\t\t<\/div>\n\t\t<\/section>\n\t\t\t\t<section class=\"elementor-section elementor-top-section elementor-element elementor-element-214034a elementor-section-boxed elementor-section-height-default elementor-section-height-default\" data-id=\"214034a\" data-element_type=\"section\" data-e-type=\"section\">\n\t\t\t\t\t\t<div class=\"elementor-container elementor-column-gap-default\">\n\t\t\t\t\t<div class=\"elementor-column elementor-col-100 elementor-top-column elementor-element elementor-element-f1e4d32\" data-id=\"f1e4d32\" data-element_type=\"column\" data-e-type=\"column\">\n\t\t\t<div class=\"elementor-widget-wrap\">\n\t\t\t\t\t\t\t<\/div>\n\t\t<\/div>\n\t\t\t\t\t<\/div>\n\t\t<\/section>\n\t\t\t\t<\/div>\n\t\t","protected":false},"excerpt":{"rendered":"<p>Asesor\u00eda y Conservaci\u00f3n La Asociaci\u00f3n lleva a cabo asesor\u00eda en conservaci\u00f3n-restauraci\u00f3n para colecciones p\u00fablicas y privadas, museos, casas museo y fundaciones, anticuarios y subastas. Acompa\u00f1a a particulares en la labor para conservar interiores y muebles. Realiza estudios y catalogaciones. Asesora en terminolog\u00eda espec\u00edfica sobre mueble, maderas y carpinter\u00eda. Media para la preservaci\u00f3n de la documentaci\u00f3n [&hellip;]<\/p>\n","protected":false},"author":1,"featured_media":8535,"parent":4571,"menu_order":0,"comment_status":"closed","ping_status":"closed","template":"elementor_header_footer","meta":{"_acf_changed":false,"footnotes":""},"class_list":["post-39069","page","type-page","status-publish","has-post-thumbnail","hentry"],"acf":[],"_links":{"self":[{"href":"https:\/\/www.estudidelmoble.com\/es\/wp-json\/wp\/v2\/pages\/39069","targetHints":{"allow":["GET"]}}],"collection":[{"href":"https:\/\/www.estudidelmoble.com\/es\/wp-json\/wp\/v2\/pages"}],"about":[{"href":"https:\/\/www.estudidelmoble.com\/es\/wp-json\/wp\/v2\/types\/page"}],"author":[{"embeddable":true,"href":"https:\/\/www.estudidelmoble.com\/es\/wp-json\/wp\/v2\/users\/1"}],"replies":[{"embeddable":true,"href":"https:\/\/www.estudidelmoble.com\/es\/wp-json\/wp\/v2\/comments?post=39069"}],"version-history":[{"count":0,"href":"https:\/\/www.estudidelmoble.com\/es\/wp-json\/wp\/v2\/pages\/39069\/revisions"}],"up":[{"embeddable":true,"href":"https:\/\/www.estudidelmoble.com\/es\/wp-json\/wp\/v2\/pages\/4571"}],"wp:featuredmedia":[{"embeddable":true,"href":"https:\/\/www.estudidelmoble.com\/es\/wp-json\/wp\/v2\/media\/8535"}],"wp:attachment":[{"href":"https:\/\/www.estudidelmoble.com\/es\/wp-json\/wp\/v2\/media?parent=39069"}],"curies":[{"name":"wp","href":"https:\/\/api.w.org\/{rel}","templated":true}]}}