{"id":39297,"date":"2019-07-29T14:27:06","date_gmt":"2019-07-29T12:27:06","guid":{"rendered":"https:\/\/www.estudidelmoble.com\/servicios\/estudios\/"},"modified":"2025-03-13T14:04:52","modified_gmt":"2025-03-13T12:04:52","slug":"estudios","status":"publish","type":"page","link":"https:\/\/www.estudidelmoble.com\/es\/servicios\/estudios\/","title":{"rendered":"Estudios"},"content":{"rendered":"\t\t<div data-elementor-type=\"wp-page\" data-elementor-id=\"39297\" class=\"elementor elementor-39297 elementor-1996\" data-elementor-post-type=\"page\">\n\t\t\t\t\t\t<section class=\"elementor-section elementor-top-section elementor-element elementor-element-1a26895 elementor-section-boxed elementor-section-height-default elementor-section-height-default\" data-id=\"1a26895\" data-element_type=\"section\" data-e-type=\"section\">\n\t\t\t\t\t\t<div class=\"elementor-container elementor-column-gap-default\">\n\t\t\t\t\t<div class=\"elementor-column elementor-col-100 elementor-top-column elementor-element elementor-element-394f10f\" data-id=\"394f10f\" data-element_type=\"column\" data-e-type=\"column\">\n\t\t\t<div class=\"elementor-widget-wrap elementor-element-populated\">\n\t\t\t\t\t\t<div class=\"elementor-element elementor-element-73d7733 elementor-hidden-mobile elementor-widget elementor-widget-spacer\" data-id=\"73d7733\" data-element_type=\"widget\" data-e-type=\"widget\" data-widget_type=\"spacer.default\">\n\t\t\t\t\t\t\t<div class=\"elementor-spacer\">\n\t\t\t<div class=\"elementor-spacer-inner\"><\/div>\n\t\t<\/div>\n\t\t\t\t\t\t<\/div>\n\t\t\t\t<div class=\"elementor-element elementor-element-beeac76 elementor-widget elementor-widget-heading\" data-id=\"beeac76\" data-element_type=\"widget\" data-e-type=\"widget\" data-widget_type=\"heading.default\">\n\t\t\t\t\t<h1 class=\"elementor-heading-title elementor-size-default\">Estudios<\/h1>\t\t\t\t<\/div>\n\t\t\t\t<div class=\"elementor-element elementor-element-2eed22b elementor-hidden-mobile elementor-widget elementor-widget-spacer\" data-id=\"2eed22b\" data-element_type=\"widget\" data-e-type=\"widget\" data-widget_type=\"spacer.default\">\n\t\t\t\t\t\t\t<div class=\"elementor-spacer\">\n\t\t\t<div class=\"elementor-spacer-inner\"><\/div>\n\t\t<\/div>\n\t\t\t\t\t\t<\/div>\n\t\t\t\t\t<\/div>\n\t\t<\/div>\n\t\t\t\t\t<\/div>\n\t\t<\/section>\n\t\t\t\t<section class=\"elementor-section elementor-top-section elementor-element elementor-element-f8d24e0 elementor-section-boxed elementor-section-height-default elementor-section-height-default\" data-id=\"f8d24e0\" data-element_type=\"section\" data-e-type=\"section\">\n\t\t\t\t\t\t<div class=\"elementor-container elementor-column-gap-default\">\n\t\t\t\t\t<div class=\"elementor-column elementor-col-100 elementor-top-column elementor-element elementor-element-9a7075b\" data-id=\"9a7075b\" data-element_type=\"column\" data-e-type=\"column\">\n\t\t\t<div class=\"elementor-widget-wrap elementor-element-populated\">\n\t\t\t\t\t\t<div class=\"elementor-element elementor-element-8b40e2d elementor-drop-cap-yes elementor-drop-cap-view-default elementor-widget elementor-widget-text-editor\" data-id=\"8b40e2d\" data-element_type=\"widget\" data-e-type=\"widget\" data-settings=\"{&quot;drop_cap&quot;:&quot;yes&quot;}\" data-widget_type=\"text-editor.default\">\n\t\t\t\t\t\t\t\t\t<div>\n<div data-id=\"6553238\" data-element_type=\"widget\" data-model-cid=\"c30821\" data-widget_type=\"text-editor.default\">\n<div>\n<div data-elementor-setting-key=\"editor\" data-elementor-inline-editing-toolbar=\"advanced\">\n<p style=\"text-align: left;\">La AEM lleva a cabo estudios multidisciplinares. Pueden ser solicitudes procedentes de entidades relacionadas con el mundo del mueble, del arte, museos, etc.<\/p>\n<\/div>\n<\/div>\n<\/div>\n<\/div>\n\t\t\t\t\t\t\t\t<\/div>\n\t\t\t\t<div class=\"elementor-element elementor-element-51bcfa3 elementor-widget elementor-widget-spacer\" data-id=\"51bcfa3\" data-element_type=\"widget\" data-e-type=\"widget\" data-widget_type=\"spacer.default\">\n\t\t\t\t\t\t\t<div class=\"elementor-spacer\">\n\t\t\t<div class=\"elementor-spacer-inner\"><\/div>\n\t\t<\/div>\n\t\t\t\t\t\t<\/div>\n\t\t\t\t\t<\/div>\n\t\t<\/div>\n\t\t\t\t\t<\/div>\n\t\t<\/section>\n\t\t\t\t<section class=\"elementor-section elementor-top-section elementor-element elementor-element-45ed2e9 elementor-section-boxed elementor-section-height-default elementor-section-height-default\" data-id=\"45ed2e9\" data-element_type=\"section\" data-e-type=\"section\">\n\t\t\t\t\t\t<div class=\"elementor-container elementor-column-gap-default\">\n\t\t\t\t\t<div class=\"elementor-column elementor-col-100 elementor-top-column elementor-element elementor-element-c1e05ad\" data-id=\"c1e05ad\" data-element_type=\"column\" data-e-type=\"column\">\n\t\t\t<div class=\"elementor-widget-wrap elementor-element-populated\">\n\t\t\t\t\t\t<div class=\"elementor-element elementor-element-b3630df elementor-widget elementor-widget-timeline-widget-addon\" data-id=\"b3630df\" data-element_type=\"widget\" data-e-type=\"widget\" data-widget_type=\"timeline-widget-addon.default\">\n\t\t\t\t<div class=\"elementor-widget-container\">\n\t\t\t\t\t<!-- ========= Timeline Widget Addon For Elementor 1.6.24 ========= -->\n<div id=\"twae-wrapper-b3630df\" class=\"twae-vertical twae-wrapper  twae-both-sided\">   \n    <div class=\"twae-start\"><\/div>    \n    <div id=\"twea-timeline-b3630df\" class=\"twae-timeline\" ><!-- Story Year Label --><div class=\"twae-year twae-year-container story-year-6ef898a\">\n\t\t\t\t\t<div class=\"twae-year-label twae-year-text\">2021<\/div>\n\t\t\t\t<\/div><!-- Start of Story Repeater Content --><div id=\"story-6ef898a\" class=\"twae-story twae-repeater-item twae-story-right twae-story-no-icon\"><!-- Story Label --><div class=\"twae-labels\"><div class=\"twae-label-big\">Estudis<\/div><\/div><!-- Story Icon --><div class=\"twae-icon\"><i aria-hidden=\"true\" class=\"far fa-clock\"><\/i><\/div><!-- Story Arrow --><div class=\"twae-arrow\"><\/div><!-- Start of Story Content --><div class=\"twae-content\"><!-- Story Title --><div class=\"twae-title\">Intermediaci\u00f3 per fer anal\u00edtiques d'una pe\u00e7a del Museu del Disseny <\/div><!-- Story Image --><div class=\"twae-media large\"><img fetchpriority=\"high\" decoding=\"async\" width=\"500\" height=\"500\" src=\"https:\/\/www.estudidelmoble.com\/wp-content\/uploads\/2019\/10\/logo-Museu-Disseny-Barcelona.jpg\" class=\"attachment-large size-large\" alt=\"\" srcset=\"https:\/\/www.estudidelmoble.com\/wp-content\/uploads\/2019\/10\/logo-Museu-Disseny-Barcelona.jpg 500w, https:\/\/www.estudidelmoble.com\/wp-content\/uploads\/2019\/10\/logo-Museu-Disseny-Barcelona-300x300.jpg 300w, https:\/\/www.estudidelmoble.com\/wp-content\/uploads\/2019\/10\/logo-Museu-Disseny-Barcelona-100x100.jpg 100w, https:\/\/www.estudidelmoble.com\/wp-content\/uploads\/2019\/10\/logo-Museu-Disseny-Barcelona-150x150.jpg 150w, https:\/\/www.estudidelmoble.com\/wp-content\/uploads\/2019\/10\/logo-Museu-Disseny-Barcelona-350x350.jpg 350w\" sizes=\"(max-width: 500px) 100vw, 500px\" \/><\/div><!-- Story Description --><div class=\"twae-description\"><p>Des de l\u2019AEM, es propicia la intermediaci\u00f3 entre el <strong>Centre de Restauraci\u00f3 de Bens Mobles de Catalunya<\/strong> i el <strong>Museu del Disseny de Barcelona,<\/strong> per tal de fer anal\u00edtiques a una de les peces que el Museu t\u00e9 a les seves col\u2022leccions: la caixa MADB 138.825.<\/p><\/div><\/div><\/div><!-- Story Year Label --><div class=\"twae-year twae-year-container story-year-4b91f50\">\n\t\t\t\t\t<div class=\"twae-year-label twae-year-text\">2020<\/div>\n\t\t\t\t<\/div><!-- Start of Story Repeater Content --><div id=\"story-4b91f50\" class=\"twae-story twae-repeater-item twae-story-left twae-story-no-icon\"><!-- Story Label --><div class=\"twae-labels\"><div class=\"twae-label-big\">Estudis<\/div><\/div><!-- Story Icon --><div class=\"twae-icon\"><i aria-hidden=\"true\" class=\"far fa-clock\"><\/i><\/div><!-- Story Arrow --><div class=\"twae-arrow\"><\/div><!-- Start of Story Content --><div class=\"twae-content\"><!-- Story Title --><div class=\"twae-title\">Estudi hist\u00f2ric del cadirat del cor de la Catedral de Barcelona<\/div><!-- Story Image --><div class=\"twae-media large\"><img decoding=\"async\" width=\"800\" height=\"800\" src=\"https:\/\/www.estudidelmoble.com\/wp-content\/uploads\/2023\/01\/Catedral-de-Barcelona-Logo.jpg\" class=\"attachment-large size-large\" alt=\"\" srcset=\"https:\/\/www.estudidelmoble.com\/wp-content\/uploads\/2023\/01\/Catedral-de-Barcelona-Logo.jpg 810w, https:\/\/www.estudidelmoble.com\/wp-content\/uploads\/2023\/01\/Catedral-de-Barcelona-Logo-300x300.jpg 300w, https:\/\/www.estudidelmoble.com\/wp-content\/uploads\/2023\/01\/Catedral-de-Barcelona-Logo-150x150.jpg 150w, https:\/\/www.estudidelmoble.com\/wp-content\/uploads\/2023\/01\/Catedral-de-Barcelona-Logo-768x768.jpg 768w, https:\/\/www.estudidelmoble.com\/wp-content\/uploads\/2023\/01\/Catedral-de-Barcelona-Logo-600x600.jpg 600w, https:\/\/www.estudidelmoble.com\/wp-content\/uploads\/2023\/01\/Catedral-de-Barcelona-Logo-100x100.jpg 100w\" sizes=\"(max-width: 800px) 100vw, 800px\" \/><\/div><!-- Story Description --><div class=\"twae-description\"><p>Participaci\u00f3 en l\u2019<strong>estudi hist\u00f2ric del cadirat de cor de la Catedral de Barcelona<\/strong>. Com a fase pr\u00e8via a la restauraci\u00f3, la Catedral de Barcelona va crear un grup de treball multidisciplinari per estudiar a fons el cadirat de cor. L\u2019AEM ha format part, amb Nat\u00e0lia Guillamet, amb l\u2019objectiu d\u2019assessorar sobre q\u00fcestions constructives i terminol\u00f2giques,i ha col\u2022laborat en la interpretaci\u00f3 de la documentaci\u00f3 escrita antiga.<\/p><\/div><\/div><\/div><!-- Start of Story Repeater Content --><div id=\"story-e824c2b\" class=\"twae-story twae-repeater-item twae-story-right twae-story-no-icon\"><!-- Story Label --><div class=\"twae-labels\"><div class=\"twae-label-big\">Estudis<\/div><\/div><!-- Story Icon --><div class=\"twae-icon\"><i aria-hidden=\"true\" class=\"far fa-clock\"><\/i><\/div><!-- Story Arrow --><div class=\"twae-arrow\"><\/div><!-- Start of Story Content --><div class=\"twae-content\"><!-- Story Title --><div class=\"twae-title\">Les dones de la Casa Museu Duran i Sanpere<\/div><!-- Story Image --><div class=\"twae-media large\"><img decoding=\"async\" width=\"130\" height=\"130\" src=\"https:\/\/www.estudidelmoble.com\/wp-content\/uploads\/2022\/09\/Logo-Museu-Comarcal-de-Cervera.png\" class=\"attachment-large size-large\" alt=\"\" srcset=\"https:\/\/www.estudidelmoble.com\/wp-content\/uploads\/2022\/09\/Logo-Museu-Comarcal-de-Cervera.png 130w, https:\/\/www.estudidelmoble.com\/wp-content\/uploads\/2022\/09\/Logo-Museu-Comarcal-de-Cervera-100x100.png 100w\" sizes=\"(max-width: 130px) 100vw, 130px\" \/><\/div><!-- Story Description --><div class=\"twae-description\">La <strong>Casa Museu Duran i Sanpere<\/strong> s\u2019havia comunicat sempre com a casa de l\u2019historiador Agust\u00ed Duran Sanpere. El gui\u00f3 realitzat per l\u2019AEM permet llegir la casa posant com a protagonistes la seva mare i la seva dona, oferint punts de vista molt diferents i donant aix\u00ed sentit a molts espais i objectes de l\u2019interior.<\/div><\/div><\/div><!-- Story Year Label --><div class=\"twae-year twae-year-container story-year-c529f5c\">\n\t\t\t\t\t<div class=\"twae-year-label twae-year-text\">2019<\/div>\n\t\t\t\t<\/div><!-- Start of Story Repeater Content --><div id=\"story-c529f5c\" class=\"twae-story twae-repeater-item twae-story-left twae-story-no-icon\"><!-- Story Label --><div class=\"twae-labels\"><div class=\"twae-label-big\">Estudis<\/div><\/div><!-- Story Icon --><div class=\"twae-icon\"><\/div><!-- Story Arrow --><div class=\"twae-arrow\"><\/div><!-- Start of Story Content --><div class=\"twae-content\"><!-- Story Title --><div class=\"twae-title\">Fundaci\u00f3 Ramon Pla Armengol<\/div><!-- Story Image --><div class=\"twae-media large\"><img loading=\"lazy\" decoding=\"async\" width=\"558\" height=\"558\" src=\"https:\/\/www.estudidelmoble.com\/wp-content\/uploads\/2022\/09\/Fundacio-Ramon-Pla-Original-1.jpg\" class=\"attachment-large size-large\" alt=\"\" srcset=\"https:\/\/www.estudidelmoble.com\/wp-content\/uploads\/2022\/09\/Fundacio-Ramon-Pla-Original-1.jpg 558w, https:\/\/www.estudidelmoble.com\/wp-content\/uploads\/2022\/09\/Fundacio-Ramon-Pla-Original-1-300x300.jpg 300w, https:\/\/www.estudidelmoble.com\/wp-content\/uploads\/2022\/09\/Fundacio-Ramon-Pla-Original-1-150x150.jpg 150w, https:\/\/www.estudidelmoble.com\/wp-content\/uploads\/2022\/09\/Fundacio-Ramon-Pla-Original-1-100x100.jpg 100w\" sizes=\"(max-width: 558px) 100vw, 558px\" \/><\/div><!-- Story Description --><div class=\"twae-description\"><p>Despr\u00e9s de l\u2019ampliaci\u00f3 de les sales del museu, la Fundaci\u00f3 Ramon Pla Armengol encarreg\u00e0 la revisi\u00f3 del gui\u00f3 per a les visites a la col\u00b7lecci\u00f3 de mobles de N\u00faria Pla, aix\u00ed com la nova formaci\u00f3 dels guies.<\/p><\/div><\/div><\/div><!-- Story Year Label --><div class=\"twae-year twae-year-container story-year-369f49b\">\n\t\t\t\t\t<div class=\"twae-year-label twae-year-text\">2017<\/div>\n\t\t\t\t<\/div><!-- Start of Story Repeater Content --><div id=\"story-369f49b\" class=\"twae-story twae-repeater-item twae-story-right twae-story-no-icon\"><!-- Story Label --><div class=\"twae-labels\"><div class=\"twae-label-small\">Estudis<\/div><\/div><!-- Story Icon --><div class=\"twae-icon\"><i aria-hidden=\"true\" class=\"far fa-clock\"><\/i><\/div><!-- Story Arrow --><div class=\"twae-arrow\"><\/div><!-- Start of Story Content --><div class=\"twae-content\"><!-- Story Title --><div class=\"twae-title\">Museu del Disseny<\/div><!-- Story Image --><div class=\"twae-media large\"><img loading=\"lazy\" decoding=\"async\" width=\"500\" height=\"500\" src=\"https:\/\/www.estudidelmoble.com\/wp-content\/uploads\/2020\/01\/logo-Museu-Disseny-Barcelona.jpg\" class=\"attachment-large size-large\" alt=\"\" srcset=\"https:\/\/www.estudidelmoble.com\/wp-content\/uploads\/2020\/01\/logo-Museu-Disseny-Barcelona.jpg 500w, https:\/\/www.estudidelmoble.com\/wp-content\/uploads\/2020\/01\/logo-Museu-Disseny-Barcelona-300x300.jpg 300w, https:\/\/www.estudidelmoble.com\/wp-content\/uploads\/2020\/01\/logo-Museu-Disseny-Barcelona-100x100.jpg 100w, https:\/\/www.estudidelmoble.com\/wp-content\/uploads\/2020\/01\/logo-Museu-Disseny-Barcelona-350x350.jpg 350w, https:\/\/www.estudidelmoble.com\/wp-content\/uploads\/2020\/01\/logo-Museu-Disseny-Barcelona-150x150.jpg 150w\" sizes=\"(max-width: 500px) 100vw, 500px\" \/><\/div><!-- Story Description --><div class=\"twae-description\"><p>Presentar al <strong>Museu del Disseny <\/strong>l\u2019empresa <strong>Ferrocolor<\/strong>, els propietaris dels quals volien fer donaci\u00f3 d\u2019obres i documentaci\u00f3. AEM va ajudar a la selecci\u00f3, assessorar sobre la classificaci\u00f3 i estudiar les obres finalment escollides.<\/p><\/div><\/div><\/div><!-- Story Year Label --><div class=\"twae-year twae-year-container story-year-30f79d4\">\n\t\t\t\t\t<div class=\"twae-year-label twae-year-text\">2015<\/div>\n\t\t\t\t<\/div><!-- Start of Story Repeater Content --><div id=\"story-30f79d4\" class=\"twae-story twae-repeater-item twae-story-left twae-story-no-icon\"><!-- Story Label --><div class=\"twae-labels\"><div class=\"twae-label-small\">Estudis<\/div><\/div><!-- Story Icon --><div class=\"twae-icon\"><\/div><!-- Story Arrow --><div class=\"twae-arrow\"><\/div><!-- Start of Story Content --><div class=\"twae-content\"><!-- Story Title --><div class=\"twae-title\">Palau G\u00fcell<\/div><!-- Story Image --><div class=\"twae-media large\"><img loading=\"lazy\" decoding=\"async\" width=\"500\" height=\"500\" src=\"https:\/\/www.estudidelmoble.com\/wp-content\/uploads\/2023\/01\/Palau-Guell-Gaudi-Logo.jpg\" class=\"attachment-large size-large\" alt=\"\" srcset=\"https:\/\/www.estudidelmoble.com\/wp-content\/uploads\/2023\/01\/Palau-Guell-Gaudi-Logo.jpg 500w, https:\/\/www.estudidelmoble.com\/wp-content\/uploads\/2023\/01\/Palau-Guell-Gaudi-Logo-300x300.jpg 300w, https:\/\/www.estudidelmoble.com\/wp-content\/uploads\/2023\/01\/Palau-Guell-Gaudi-Logo-150x150.jpg 150w, https:\/\/www.estudidelmoble.com\/wp-content\/uploads\/2023\/01\/Palau-Guell-Gaudi-Logo-100x100.jpg 100w\" sizes=\"(max-width: 500px) 100vw, 500px\" \/><\/div><!-- Story Description --><div class=\"twae-description\"><p>El <strong>Palau G\u00fcell<\/strong> encarreg\u00e0 l\u2019estudi de 90 fotografies antigues del palau amb els seg\u00fcents objectius: acotar datacions de les fotos, aclarir proced\u00e8ncies, descripci\u00f3 i an\u00e0lisis de les imatges, oferir possibles continguts sobre vida quotidiana i con\u00e8ixer els drets d\u2019autors, aix\u00ed com les condicions i tr\u00e0mits per poder utilitzar-les o fer-ne difusi\u00f3.<\/p><\/div><\/div><\/div><!-- Start of Story Repeater Content --><div id=\"story-cb69403\" class=\"twae-story twae-repeater-item twae-story-right twae-story-no-icon\"><!-- Story Label --><div class=\"twae-labels\"><div class=\"twae-label-small\">Estudis<\/div><\/div><!-- Story Icon --><div class=\"twae-icon\"><\/div><!-- Story Arrow --><div class=\"twae-arrow\"><\/div><!-- Start of Story Content --><div class=\"twae-content\"><!-- Story Title --><div class=\"twae-title\">Fundaci\u00f3 Ramon Pla Armengol<\/div><!-- Story Image --><div class=\"twae-media large\"><img loading=\"lazy\" decoding=\"async\" width=\"558\" height=\"558\" src=\"https:\/\/www.estudidelmoble.com\/wp-content\/uploads\/2022\/09\/Fundacio-Ramon-Pla-Original-1.jpg\" class=\"attachment-large size-large\" alt=\"\" srcset=\"https:\/\/www.estudidelmoble.com\/wp-content\/uploads\/2022\/09\/Fundacio-Ramon-Pla-Original-1.jpg 558w, https:\/\/www.estudidelmoble.com\/wp-content\/uploads\/2022\/09\/Fundacio-Ramon-Pla-Original-1-300x300.jpg 300w, https:\/\/www.estudidelmoble.com\/wp-content\/uploads\/2022\/09\/Fundacio-Ramon-Pla-Original-1-150x150.jpg 150w, https:\/\/www.estudidelmoble.com\/wp-content\/uploads\/2022\/09\/Fundacio-Ramon-Pla-Original-1-100x100.jpg 100w\" sizes=\"(max-width: 558px) 100vw, 558px\" \/><\/div><!-- Story Description --><div class=\"twae-description\"><p>La <strong>Fundaci\u00f3 Ramon Pla Armengol<\/strong> sol\u00b7licit\u00e0 la redacci\u00f3 del gui\u00f3 per a les visites a la <strong>col\u00b7lecci\u00f3 de mobles de N\u00faria Pla<\/strong>, aix\u00ed com la formaci\u00f3 dels guies.<\/p><\/div><\/div><\/div><!-- Story Year Label --><div class=\"twae-year twae-year-container story-year-01c4c55\">\n\t\t\t\t\t<div class=\"twae-year-label twae-year-text\">2013<\/div>\n\t\t\t\t<\/div><!-- Start of Story Repeater Content --><div id=\"story-01c4c55\" class=\"twae-story twae-repeater-item twae-story-left twae-story-no-icon\"><!-- Story Label --><div class=\"twae-labels\"><div class=\"twae-label-small\">Estudis<\/div><\/div><!-- Story Icon --><div class=\"twae-icon\"><i aria-hidden=\"true\" class=\"far fa-clock\"><\/i><\/div><!-- Story Arrow --><div class=\"twae-arrow\"><\/div><!-- Start of Story Content --><div class=\"twae-content\"><!-- Story Title --><div class=\"twae-title\">Museu de Ci\u00e8ncies Naturals de Barcelona<\/div><!-- Story Image --><div class=\"twae-media large\"><img loading=\"lazy\" decoding=\"async\" width=\"800\" height=\"800\" src=\"https:\/\/www.estudidelmoble.com\/wp-content\/uploads\/2023\/01\/Museu-de-Ciencies-Naturals-de-Barcelona-Logo.png\" class=\"attachment-large size-large\" alt=\"\" srcset=\"https:\/\/www.estudidelmoble.com\/wp-content\/uploads\/2023\/01\/Museu-de-Ciencies-Naturals-de-Barcelona-Logo.png 800w, https:\/\/www.estudidelmoble.com\/wp-content\/uploads\/2023\/01\/Museu-de-Ciencies-Naturals-de-Barcelona-Logo-300x300.png 300w, https:\/\/www.estudidelmoble.com\/wp-content\/uploads\/2023\/01\/Museu-de-Ciencies-Naturals-de-Barcelona-Logo-150x150.png 150w, https:\/\/www.estudidelmoble.com\/wp-content\/uploads\/2023\/01\/Museu-de-Ciencies-Naturals-de-Barcelona-Logo-768x768.png 768w, https:\/\/www.estudidelmoble.com\/wp-content\/uploads\/2023\/01\/Museu-de-Ciencies-Naturals-de-Barcelona-Logo-600x600.png 600w, https:\/\/www.estudidelmoble.com\/wp-content\/uploads\/2023\/01\/Museu-de-Ciencies-Naturals-de-Barcelona-Logo-100x100.png 100w\" sizes=\"(max-width: 800px) 100vw, 800px\" \/><\/div><!-- Story Description --><div class=\"twae-description\"><p>Arrel del trasllat, el <strong>Museu de Ci\u00e8ncies Naturals de Barcelona\u00a0<\/strong>necessitava con\u00e8ixer quines vitrines i mobles de l\u2019antic edifici del Castell de Tres Dragons eren peces amb valor patrimonial per tal de conservar-les. L'AEM va estudiar els mobles i va redactar un informe que va permetre prendre decisions sobre el futur dels diferents mobles.<\/p><\/div><\/div><\/div><!-- Start of Story Repeater Content --><div id=\"story-20c7d48\" class=\"twae-story twae-repeater-item twae-story-right twae-story-no-icon\"><!-- Story Label --><div class=\"twae-labels\"><div class=\"twae-label-small\">Estudis<\/div><\/div><!-- Story Icon --><div class=\"twae-icon\"><\/div><!-- Story Arrow --><div class=\"twae-arrow\"><\/div><!-- Start of Story Content --><div class=\"twae-content\"><!-- Story Title --><div class=\"twae-title\">Museu de T\u00e0rrega<\/div><!-- Story Image --><div class=\"twae-media large\"><img loading=\"lazy\" decoding=\"async\" width=\"475\" height=\"475\" src=\"https:\/\/www.estudidelmoble.com\/wp-content\/uploads\/2022\/01\/logo-museu-tarrega-Q.jpg\" class=\"attachment-large size-large\" alt=\"\" srcset=\"https:\/\/www.estudidelmoble.com\/wp-content\/uploads\/2022\/01\/logo-museu-tarrega-Q.jpg 475w, https:\/\/www.estudidelmoble.com\/wp-content\/uploads\/2022\/01\/logo-museu-tarrega-Q-300x300.jpg 300w, https:\/\/www.estudidelmoble.com\/wp-content\/uploads\/2022\/01\/logo-museu-tarrega-Q-150x150.jpg 150w, https:\/\/www.estudidelmoble.com\/wp-content\/uploads\/2022\/01\/logo-museu-tarrega-Q-100x100.jpg 100w\" sizes=\"(max-width: 475px) 100vw, 475px\" \/><\/div><!-- Story Description --><div class=\"twae-description\"><p>El <strong>Museu de T\u00e0rrega<\/strong> volia posar en valor les sales principals de <strong>Cal Perell\u00f3<\/strong>, la casa on t\u00e9 seu el museu. L'AEM va estudiar els espais, els mobles, objectes i pintures i va plantejar un canvi de disposici\u00f3 dels mobles per tal de fer un discurs coherent i comprensible per al p\u00fablic. Es va publicar un opuscle amb la nova informaci\u00f3.<\/p><\/div><\/div><\/div><\/div>\n    <div class=\"twae-end\"><\/div>\n    <\/div><style type=\"text\/css\">.elementor-39297 .elementor-element.elementor-element-b3630df .twae-wrapper.twae-vertical .twae-story{margin-bottom:60px!important}.elementor-39297 .elementor-element.elementor-element-b3630df .twae-wrapper{--tw-cbx-title-color:#8E2920;}.elementor-39297 .elementor-element.elementor-element-b3630df .twae-wrapper{--tw-lbl-small-color:#333333;}.elementor-39297 .elementor-element.elementor-element-b3630df .twae-wrapper{--tw-ibx-bg:#F5F5F2;}.elementor-39297 .elementor-element.elementor-element-b3630df .twae-wrapper{--tw-ybx-text-color:#FFFFFF}.elementor-39297 .elementor-element.elementor-element-b3630df .twae-wrapper{--tw-ybx-bg:#8E2920}.elementor-39297 .elementor-element.elementor-element-b3630df .twae-wrapper .twae-year{background:none!important;}.elementor-39297 .elementor-element.elementor-element-b3630df .twae-wrapper{--tw-cbx-bg:#F5F5F2}.elementor-39297 .elementor-element.elementor-element-b3630df .twae-wrapper{--tw-line-bg:#8E2920}.elementor-39297 .elementor-element.elementor-element-b3630df .twae-wrapper{ \n\t\t\t--tw-cbx-bd-top-width: 0px;\n\t\t\t--tw-cbx-bd-right-width: 0px;\n\t\t\t--tw-cbx-bd-bottom-width: 0px;\n\t\t\t--tw-cbx-bd-left-width:0px;\n\t\t\t}.elementor-39297 .elementor-element.elementor-element-b3630df .twae-title{font-family:Source Sans Pro;font-size:22px;font-weight:500;}.elementor-39297 .elementor-element.elementor-element-b3630df .twae-label-big{font-family:Source Sans Pro;font-size:22px;font-weight:500;}.elementor-39297 .elementor-element.elementor-element-b3630df .twae-wrapper{--tw-lbl-big-size:22px}.elementor-39297 .elementor-element.elementor-element-b3630df .twae-label-small{font-family:Source Sans Pro;font-size:22px;font-weight:500;}.elementor-39297 .elementor-element.elementor-element-b3630df .twae-wrapper{--tw-lbl-small-size:22px}.elementor-39297 .elementor-element.elementor-element-b3630df .twae-description{font-family:Source Sans Pro;font-size:17px;font-weight:400;}.elementor-39297 .elementor-element.elementor-element-b3630df.twae-year{font-family:Source Sans Pro;font-size:19px;font-weight:400;}@media (max-width: 1024px){ .twae-wrapper{--tw-ybx-size: 80px !important;}}@media (max-width: 767px){ .twae-wrapper{--tw-ybx-size: 80px !important}}<\/style>\t\t\t\t<\/div>\n\t\t\t\t<\/div>\n\t\t\t\t\t<\/div>\n\t\t<\/div>\n\t\t\t\t\t<\/div>\n\t\t<\/section>\n\t\t\t\t<\/div>\n\t\t","protected":false},"excerpt":{"rendered":"<p>La Asociaci\u00f3n lleva a cabo estudios multidisciplinares. Pueden ser solicitudes procedentes de entidades relacionadas con el mundo del mueble, del arte, museos, etc.<\/p>\n","protected":false},"author":1,"featured_media":39675,"parent":4571,"menu_order":0,"comment_status":"closed","ping_status":"closed","template":"","meta":{"_acf_changed":false,"footnotes":""},"class_list":["post-39297","page","type-page","status-publish","has-post-thumbnail","hentry"],"acf":[],"_links":{"self":[{"href":"https:\/\/www.estudidelmoble.com\/es\/wp-json\/wp\/v2\/pages\/39297","targetHints":{"allow":["GET"]}}],"collection":[{"href":"https:\/\/www.estudidelmoble.com\/es\/wp-json\/wp\/v2\/pages"}],"about":[{"href":"https:\/\/www.estudidelmoble.com\/es\/wp-json\/wp\/v2\/types\/page"}],"author":[{"embeddable":true,"href":"https:\/\/www.estudidelmoble.com\/es\/wp-json\/wp\/v2\/users\/1"}],"replies":[{"embeddable":true,"href":"https:\/\/www.estudidelmoble.com\/es\/wp-json\/wp\/v2\/comments?post=39297"}],"version-history":[{"count":0,"href":"https:\/\/www.estudidelmoble.com\/es\/wp-json\/wp\/v2\/pages\/39297\/revisions"}],"up":[{"embeddable":true,"href":"https:\/\/www.estudidelmoble.com\/es\/wp-json\/wp\/v2\/pages\/4571"}],"wp:featuredmedia":[{"embeddable":true,"href":"https:\/\/www.estudidelmoble.com\/es\/wp-json\/wp\/v2\/media\/39675"}],"wp:attachment":[{"href":"https:\/\/www.estudidelmoble.com\/es\/wp-json\/wp\/v2\/media?parent=39297"}],"curies":[{"name":"wp","href":"https:\/\/api.w.org\/{rel}","templated":true}]}}