{"id":39312,"date":"2019-07-04T13:11:34","date_gmt":"2019-07-04T11:11:34","guid":{"rendered":"https:\/\/www.estudidelmoble.com\/servicios\/proyectos\/"},"modified":"2023-07-11T13:33:01","modified_gmt":"2023-07-11T11:33:01","slug":"proyectos","status":"publish","type":"page","link":"https:\/\/www.estudidelmoble.com\/es\/servicios\/proyectos\/","title":{"rendered":"Proyectos"},"content":{"rendered":"\t\t<div data-elementor-type=\"wp-page\" data-elementor-id=\"39312\" class=\"elementor elementor-39312 elementor-1201\" data-elementor-post-type=\"page\">\n\t\t\t\t\t\t<section class=\"elementor-section elementor-top-section elementor-element elementor-element-d5052ac elementor-section-boxed elementor-section-height-default elementor-section-height-default\" data-id=\"d5052ac\" data-element_type=\"section\" data-e-type=\"section\">\n\t\t\t\t\t\t<div class=\"elementor-container elementor-column-gap-default\">\n\t\t\t\t\t<div class=\"elementor-column elementor-col-100 elementor-top-column elementor-element elementor-element-32a92ba\" data-id=\"32a92ba\" data-element_type=\"column\" data-e-type=\"column\">\n\t\t\t<div class=\"elementor-widget-wrap elementor-element-populated\">\n\t\t\t\t\t\t<div class=\"elementor-element elementor-element-d46c7e0 elementor-hidden-mobile elementor-widget elementor-widget-spacer\" data-id=\"d46c7e0\" data-element_type=\"widget\" data-e-type=\"widget\" data-widget_type=\"spacer.default\">\n\t\t\t\t\t\t\t<div class=\"elementor-spacer\">\n\t\t\t<div class=\"elementor-spacer-inner\"><\/div>\n\t\t<\/div>\n\t\t\t\t\t\t<\/div>\n\t\t\t\t<div class=\"elementor-element elementor-element-7653dce elementor-widget elementor-widget-heading\" data-id=\"7653dce\" data-element_type=\"widget\" data-e-type=\"widget\" data-widget_type=\"heading.default\">\n\t\t\t\t\t<h1 class=\"elementor-heading-title elementor-size-default\">Proyectos<\/h1>\t\t\t\t<\/div>\n\t\t\t\t<div class=\"elementor-element elementor-element-a1b7339 elementor-hidden-mobile elementor-widget elementor-widget-spacer\" data-id=\"a1b7339\" data-element_type=\"widget\" data-e-type=\"widget\" data-widget_type=\"spacer.default\">\n\t\t\t\t\t\t\t<div class=\"elementor-spacer\">\n\t\t\t<div class=\"elementor-spacer-inner\"><\/div>\n\t\t<\/div>\n\t\t\t\t\t\t<\/div>\n\t\t\t\t\t<\/div>\n\t\t<\/div>\n\t\t\t\t\t<\/div>\n\t\t<\/section>\n\t\t\t\t<section class=\"elementor-section elementor-top-section elementor-element elementor-element-4b20a68 elementor-section-boxed elementor-section-height-default elementor-section-height-default\" data-id=\"4b20a68\" data-element_type=\"section\" data-e-type=\"section\">\n\t\t\t\t\t\t<div class=\"elementor-container elementor-column-gap-default\">\n\t\t\t\t\t<div class=\"elementor-column elementor-col-100 elementor-top-column elementor-element elementor-element-319ffbc\" data-id=\"319ffbc\" data-element_type=\"column\" data-e-type=\"column\">\n\t\t\t<div class=\"elementor-widget-wrap elementor-element-populated\">\n\t\t\t\t\t\t<div class=\"elementor-element elementor-element-2e2c3d5 elementor-drop-cap-yes elementor-drop-cap-view-default elementor-widget elementor-widget-text-editor\" data-id=\"2e2c3d5\" data-element_type=\"widget\" data-e-type=\"widget\" data-settings=\"{&quot;drop_cap&quot;:&quot;yes&quot;}\" data-widget_type=\"text-editor.default\">\n\t\t\t\t\t\t\t\t\t<p>La AEM lleva a cabo proyectos de investigaci\u00f3n, a menudo en colaboraci\u00f3n con otros centros de estudio.<\/p>\n\t\t\t\t\t\t\t\t<\/div>\n\t\t\t\t\t<\/div>\n\t\t<\/div>\n\t\t\t\t\t<\/div>\n\t\t<\/section>\n\t\t\t\t<section class=\"elementor-section elementor-top-section elementor-element elementor-element-4467df8 elementor-section-boxed elementor-section-height-default elementor-section-height-default\" data-id=\"4467df8\" data-element_type=\"section\" data-e-type=\"section\">\n\t\t\t\t\t\t<div class=\"elementor-container elementor-column-gap-default\">\n\t\t\t\t\t<div class=\"elementor-column elementor-col-100 elementor-top-column elementor-element elementor-element-3d0f1d6\" data-id=\"3d0f1d6\" data-element_type=\"column\" data-e-type=\"column\">\n\t\t\t<div class=\"elementor-widget-wrap elementor-element-populated\">\n\t\t\t\t\t\t<div class=\"elementor-element elementor-element-b7daaf2 elementor-widget elementor-widget-timeline-widget-addon\" data-id=\"b7daaf2\" data-element_type=\"widget\" data-e-type=\"widget\" data-widget_type=\"timeline-widget-addon.default\">\n\t\t\t\t<div class=\"elementor-widget-container\">\n\t\t\t\t\t<!-- ========= Timeline Widget Addon For Elementor 1.6.24 ========= -->\n<div id=\"twae-wrapper-b7daaf2\" class=\"twae-vertical twae-wrapper  twae-both-sided\">   \n    <div class=\"twae-start\"><\/div>    \n    <div id=\"twea-timeline-b7daaf2\" class=\"twae-timeline\" ><!-- Story Year Label --><div class=\"twae-year twae-year-container story-year-6a5d788\">\n\t\t\t\t\t<div class=\"twae-year-label twae-year-text\">2019<\/div>\n\t\t\t\t<\/div><!-- Start of Story Repeater Content --><div id=\"story-6a5d788\" class=\"twae-story twae-repeater-item twae-story-right twae-story-no-icon\"><!-- Story Label --><div class=\"twae-labels\"><div class=\"twae-label-big\">Proyectos<\/div><\/div><!-- Story Icon --><div class=\"twae-icon\"><i aria-hidden=\"true\" class=\"far fa-clock\"><\/i><\/div><!-- Story Arrow --><div class=\"twae-arrow\"><\/div><!-- Start of Story Content --><div class=\"twae-content\"><!-- Story Title --><div class=\"twae-title\">Centre de Documentaci\u00f3 i Museu T\u00e8xtil de Terrassa <\/div><!-- Story Image --><div class=\"twae-media large\"><img decoding=\"async\" width=\"191\" height=\"191\" src=\"https:\/\/www.estudidelmoble.com\/wp-content\/uploads\/2022\/02\/Museu-Textil-Terrassa_Q.png\" class=\"attachment-large size-large\" alt=\"\" srcset=\"https:\/\/www.estudidelmoble.com\/wp-content\/uploads\/2022\/02\/Museu-Textil-Terrassa_Q.png 191w, https:\/\/www.estudidelmoble.com\/wp-content\/uploads\/2022\/02\/Museu-Textil-Terrassa_Q-150x150.png 150w, https:\/\/www.estudidelmoble.com\/wp-content\/uploads\/2022\/02\/Museu-Textil-Terrassa_Q-100x100.png 100w\" sizes=\"(max-width: 191px) 100vw, 191px\" \/><\/div><!-- Story Description --><div class=\"twae-description\"><p>La Asociaci\u00f3n colabora con el pr\u00e9stamo de una colecci\u00f3n de maderas de la xiloteca de la Asociaci\u00f3n para la exposici\u00f3n Dec\u00f2rum. Vestir la casa para la ocasi\u00f3n, del <strong>Centre de Documentaci\u00f3 i Museu T\u00e8xtil de Terrassa<\/strong><\/p><\/div><\/div><\/div><!-- Story Year Label --><div class=\"twae-year twae-year-container story-year-c529f5c\">\n\t\t\t\t\t<div class=\"twae-year-label twae-year-text\">2018<\/div>\n\t\t\t\t<\/div><!-- Start of Story Repeater Content --><div id=\"story-c529f5c\" class=\"twae-story twae-repeater-item twae-story-left twae-story-no-icon\"><!-- Story Label --><div class=\"twae-labels\"><div class=\"twae-label-big\">Proyectos<\/div><\/div><!-- Story Icon --><div class=\"twae-icon\"><\/div><!-- Story Arrow --><div class=\"twae-arrow\"><\/div><!-- Start of Story Content --><div class=\"twae-content\"><!-- Story Title --><div class=\"twae-title\">Museu del Disseny de Barcelona<\/div><!-- Story Image --><div class=\"twae-media large\"><img fetchpriority=\"high\" decoding=\"async\" width=\"500\" height=\"500\" src=\"https:\/\/www.estudidelmoble.com\/wp-content\/uploads\/2019\/10\/logo-Museu-Disseny-Barcelona-3.jpg\" class=\"attachment-large size-large\" alt=\"\" srcset=\"https:\/\/www.estudidelmoble.com\/wp-content\/uploads\/2019\/10\/logo-Museu-Disseny-Barcelona-3.jpg 500w, https:\/\/www.estudidelmoble.com\/wp-content\/uploads\/2019\/10\/logo-Museu-Disseny-Barcelona-3-300x300.jpg 300w, https:\/\/www.estudidelmoble.com\/wp-content\/uploads\/2019\/10\/logo-Museu-Disseny-Barcelona-3-100x100.jpg 100w, https:\/\/www.estudidelmoble.com\/wp-content\/uploads\/2019\/10\/logo-Museu-Disseny-Barcelona-3-150x150.jpg 150w, https:\/\/www.estudidelmoble.com\/wp-content\/uploads\/2019\/10\/logo-Museu-Disseny-Barcelona-3-350x350.jpg 350w\" sizes=\"(max-width: 500px) 100vw, 500px\" \/><\/div><!-- Story Description --><div class=\"twae-description\">Presentar al <b>Museu del Disseny<\/b> l\u2019empresa<b> Ferrocolor<\/b>, cuyos propietarios quer\u00edan donar obras y documentaci\u00f3n. Gemma Rovirosa de la AEM ayud\u00f3 a la selecci\u00f3n, asesorar sobre la clasificaci\u00f3n y estudiar las obras finalmente escogidas.<\/div><\/div><\/div><!-- Story Year Label --><div class=\"twae-year twae-year-container story-year-30f79d4\">\n\t\t\t\t\t<div class=\"twae-year-label twae-year-text\">2015<\/div>\n\t\t\t\t<\/div><!-- Start of Story Repeater Content --><div id=\"story-30f79d4\" class=\"twae-story twae-repeater-item twae-story-right twae-story-no-icon\"><!-- Story Label --><div class=\"twae-labels\"><div class=\"twae-label-small\">Proyectos<\/div><\/div><!-- Story Icon --><div class=\"twae-icon\"><\/div><!-- Story Arrow --><div class=\"twae-arrow\"><\/div><!-- Start of Story Content --><div class=\"twae-content\"><!-- Story Title --><div class=\"twae-title\">Bas\u00edlica de Santa Maria del Pi<\/div><!-- Story Image --><div class=\"twae-media large\"><img decoding=\"async\" width=\"800\" height=\"800\" src=\"https:\/\/www.estudidelmoble.com\/wp-content\/uploads\/2022\/01\/logo-basilica-del-pi-Q-1024x1024.jpg\" class=\"attachment-large size-large\" alt=\"\" srcset=\"https:\/\/www.estudidelmoble.com\/wp-content\/uploads\/2022\/01\/logo-basilica-del-pi-Q-1024x1024.jpg 1024w, https:\/\/www.estudidelmoble.com\/wp-content\/uploads\/2022\/01\/logo-basilica-del-pi-Q-300x300.jpg 300w, https:\/\/www.estudidelmoble.com\/wp-content\/uploads\/2022\/01\/logo-basilica-del-pi-Q-150x150.jpg 150w, https:\/\/www.estudidelmoble.com\/wp-content\/uploads\/2022\/01\/logo-basilica-del-pi-Q-768x768.jpg 768w, https:\/\/www.estudidelmoble.com\/wp-content\/uploads\/2022\/01\/logo-basilica-del-pi-Q-600x600.jpg 600w, https:\/\/www.estudidelmoble.com\/wp-content\/uploads\/2022\/01\/logo-basilica-del-pi-Q-100x100.jpg 100w, https:\/\/www.estudidelmoble.com\/wp-content\/uploads\/2022\/01\/logo-basilica-del-pi-Q.jpg 1064w\" sizes=\"(max-width: 800px) 100vw, 800px\" \/><\/div><!-- Story Description --><div class=\"twae-description\"><p>articipaci\u00f3n en el proyecto de salvaci\u00f3n del<strong> Tabernacle de l\u2019\u00c0ngel Tort<\/strong> de Adri\u00e0 Ferran propiedad de la Bas\u00edlica de Santa Maria del Pi. Organizaci\u00f3n de conferencies y visitas, y difusi\u00f3n de su inter\u00e9s.<\/p><\/div><\/div><\/div><!-- Story Year Label --><div class=\"twae-year twae-year-container story-year-cb69403\">\n\t\t\t\t\t<div class=\"twae-year-label twae-year-text\">2008<\/div>\n\t\t\t\t<\/div><!-- Start of Story Repeater Content --><div id=\"story-cb69403\" class=\"twae-story twae-repeater-item twae-story-left twae-story-no-icon\"><!-- Story Label --><div class=\"twae-labels\"><div class=\"twae-label-small\">Proyectos<\/div><\/div><!-- Story Icon --><div class=\"twae-icon\"><\/div><!-- Story Arrow --><div class=\"twae-arrow\"><\/div><!-- Start of Story Content --><div class=\"twae-content\"><!-- Story Title --><div class=\"twae-title\">Museu Comarcal de La Garrotxa<\/div><!-- Story Image --><div class=\"twae-media large\"><img loading=\"lazy\" decoding=\"async\" width=\"764\" height=\"763\" src=\"https:\/\/www.estudidelmoble.com\/wp-content\/uploads\/2022\/01\/logo_museus-garrotxa-Q.jpg\" class=\"attachment-large size-large\" alt=\"\" srcset=\"https:\/\/www.estudidelmoble.com\/wp-content\/uploads\/2022\/01\/logo_museus-garrotxa-Q.jpg 764w, https:\/\/www.estudidelmoble.com\/wp-content\/uploads\/2022\/01\/logo_museus-garrotxa-Q-300x300.jpg 300w, https:\/\/www.estudidelmoble.com\/wp-content\/uploads\/2022\/01\/logo_museus-garrotxa-Q-150x150.jpg 150w, https:\/\/www.estudidelmoble.com\/wp-content\/uploads\/2022\/01\/logo_museus-garrotxa-Q-600x599.jpg 600w, https:\/\/www.estudidelmoble.com\/wp-content\/uploads\/2022\/01\/logo_museus-garrotxa-Q-100x100.jpg 100w\" sizes=\"(max-width: 764px) 100vw, 764px\" \/><\/div><!-- Story Description --><div class=\"twae-description\">La AEM y el departamento de Conservaci\u00f3n-Restauraci\u00f3n de la <b>Universitat de Barcelona<\/b> entregan al <b>Museu Comarcal de La Garrotxa<\/b> los resultados de la investigaci\u00f3n de cinco muebles decorados con embutido de plata de los que se contaba con una fuente de informaci\u00f3n excepcional: la firma de una de les piezas. El estudio ten\u00eda como objetivo determinar la composici\u00f3n del embutido met\u00e1lico y su proceso de alteraci\u00f3n. Formando parte de este estudio se present\u00f3 un p\u00f3ster en Londres:\n\n<strong>6th European Comission Conference on Sustaining Europe\u2019s Cultural Heritage 2004<\/strong>\n<a href=\"https:\/\/www.academia.edu\/42726020\/Physico_chemical_characterization_of_metallic_decoration_in_antique_furniture\" target=\"_blank\" rel=\"noopener\"><em>Physico-chemical<\/em><em>\u00a0characterization of metallic decoration in antique furniture.<\/em><\/a><\/div><\/div><\/div><!-- Story Year Label --><div class=\"twae-year twae-year-container story-year-01c4c55\">\n\t\t\t\t\t<div class=\"twae-year-label twae-year-text\">2006<\/div>\n\t\t\t\t<\/div><!-- Start of Story Repeater Content --><div id=\"story-01c4c55\" class=\"twae-story twae-repeater-item twae-story-right twae-story-no-icon\"><!-- Story Label --><div class=\"twae-labels\"><div class=\"twae-label-small\">Proyectos<\/div><\/div><!-- Story Icon --><div class=\"twae-icon\"><\/div><!-- Story Arrow --><div class=\"twae-arrow\"><\/div><!-- Start of Story Content --><div class=\"twae-content\"><!-- Story Title --><div class=\"twae-title\">Fundaci\u00f3 Caixa Girona i Fundaci\u00f3 Mascort<\/div><!-- Story Image --><div class=\"twae-media large\"><img loading=\"lazy\" decoding=\"async\" width=\"413\" height=\"334\" src=\"https:\/\/www.estudidelmoble.com\/wp-content\/uploads\/2019\/07\/CaixaGirona-i-Fund.Mascort.jpg\" class=\"attachment-large size-large\" alt=\"\" srcset=\"https:\/\/www.estudidelmoble.com\/wp-content\/uploads\/2019\/07\/CaixaGirona-i-Fund.Mascort.jpg 413w, https:\/\/www.estudidelmoble.com\/wp-content\/uploads\/2019\/07\/CaixaGirona-i-Fund.Mascort-350x283.jpg 350w, https:\/\/www.estudidelmoble.com\/wp-content\/uploads\/2019\/07\/CaixaGirona-i-Fund.Mascort-300x243.jpg 300w\" sizes=\"(max-width: 413px) 100vw, 413px\" \/><\/div><!-- Story Description --><div class=\"twae-description\"><p>La Asociaci\u00f3n para el Estudio del Mueble realiz\u00f3 una investigaci\u00f3n exhaustiva sobre el mobiliario de las comarcas del Alt y el Baix Empord\u00e0 en el siglo XVIII dirigida por la doctora en historia del arte M\u00f3nica Piera.<\/p><p>La investigaci\u00f3n se concret\u00f3 en la exposici\u00f3n \u201cEl moble de l\u2019Empord\u00e0 al s. XVIII\u201d, en la <strong>Fundaci\u00f3 Caixa Girona<\/strong>, en el 2008, con un cat\u00e1logo y un extenso y lujoso libro editado por la Fundaci\u00f3 Mascort bajo el t\u00edtulo <em>Aud\u00e0cia i Delicadesa. El moble de Torroella de Montgr\u00ed i l\u2019Empord\u00e0 (1700-1800).<\/em><\/p><\/div><\/div><\/div><!-- Start of Story Repeater Content --><div id=\"story-369f49b\" class=\"twae-story twae-repeater-item twae-story-left twae-story-no-icon\"><!-- Story Label --><div class=\"twae-labels\"><div class=\"twae-label-small\">Proyectos<\/div><\/div><!-- Story Icon --><div class=\"twae-icon\"><\/div><!-- Story Arrow --><div class=\"twae-arrow\"><\/div><!-- Start of Story Content --><div class=\"twae-content\"><!-- Story Title --><div class=\"twae-title\">Ajuntament de La Selva del Camp i la Diputaci\u00f3 de Tarragona<\/div><!-- Story Image --><div class=\"twae-media large\"><img loading=\"lazy\" decoding=\"async\" width=\"360\" height=\"333\" src=\"https:\/\/www.estudidelmoble.com\/wp-content\/uploads\/2019\/09\/Dipu-Tarrag-Selva-Camp.jpg\" class=\"attachment-large size-large\" alt=\"\" srcset=\"https:\/\/www.estudidelmoble.com\/wp-content\/uploads\/2019\/09\/Dipu-Tarrag-Selva-Camp.jpg 360w, https:\/\/www.estudidelmoble.com\/wp-content\/uploads\/2019\/09\/Dipu-Tarrag-Selva-Camp-350x324.jpg 350w, https:\/\/www.estudidelmoble.com\/wp-content\/uploads\/2019\/09\/Dipu-Tarrag-Selva-Camp-300x278.jpg 300w\" sizes=\"(max-width: 360px) 100vw, 360px\" \/><\/div><!-- Story Description --><div class=\"twae-description\"><p>El proyecto de investigaci\u00f3n El moble i els interiors de les cases a la Selva del Camp en el segle XVIII nace de la voluntad de investigar, catalogar y dar a conocer los muebles y los interiores de las casas de esta localidad en este per\u00edodo, as\u00ed como tambi\u00e9n de identificar a los artesanos y talleres existentes.<br \/>El proyecto fue llevado a cabo gracias a la colaboraci\u00f3n del <strong>Ajuntament de la Selva del Camp<\/strong> i la <strong>Diputaci\u00f3 de Tarragona.<\/strong><\/p><\/div><\/div><\/div><\/div>\n    <div class=\"twae-end\"><\/div>\n    <\/div><style type=\"text\/css\">.elementor-39312 .elementor-element.elementor-element-b7daaf2 .twae-wrapper.twae-vertical .twae-story{margin-bottom:60px!important}.elementor-39312 .elementor-element.elementor-element-b7daaf2 .twae-wrapper{--tw-cbx-title-color:#8E2920;}.elementor-39312 .elementor-element.elementor-element-b7daaf2 .twae-wrapper{--tw-lbl-small-color:#333333;}.elementor-39312 .elementor-element.elementor-element-b7daaf2 .twae-wrapper{--tw-ibx-bg:#F5F5F2;}.elementor-39312 .elementor-element.elementor-element-b7daaf2 .twae-wrapper{--tw-ybx-text-color:#FFFFFF}.elementor-39312 .elementor-element.elementor-element-b7daaf2 .twae-wrapper{--tw-ybx-bg:#8E2920}.elementor-39312 .elementor-element.elementor-element-b7daaf2 .twae-wrapper .twae-year{background:none!important;}.elementor-39312 .elementor-element.elementor-element-b7daaf2 .twae-wrapper{--tw-cbx-bg:#F5F5F2}.elementor-39312 .elementor-element.elementor-element-b7daaf2 .twae-wrapper{--tw-line-bg:#8E2920}.elementor-39312 .elementor-element.elementor-element-b7daaf2 .twae-wrapper{ \n\t\t\t--tw-cbx-bd-top-width: 0px;\n\t\t\t--tw-cbx-bd-right-width: 0px;\n\t\t\t--tw-cbx-bd-bottom-width: 0px;\n\t\t\t--tw-cbx-bd-left-width:0px;\n\t\t\t}.elementor-39312 .elementor-element.elementor-element-b7daaf2 .twae-title{font-family:Source Sans Pro;font-size:22px;font-weight:500;}.elementor-39312 .elementor-element.elementor-element-b7daaf2 .twae-label-big{font-family:Source Sans Pro;font-size:22px;font-weight:500;}.elementor-39312 .elementor-element.elementor-element-b7daaf2 .twae-wrapper{--tw-lbl-big-size:22px}.elementor-39312 .elementor-element.elementor-element-b7daaf2 .twae-label-small{font-family:Source Sans Pro;font-size:22px;font-weight:500;}.elementor-39312 .elementor-element.elementor-element-b7daaf2 .twae-wrapper{--tw-lbl-small-size:22px}.elementor-39312 .elementor-element.elementor-element-b7daaf2 .twae-description{font-family:Source Sans Pro;font-size:17px;font-weight:400;}.elementor-39312 .elementor-element.elementor-element-b7daaf2.twae-year{font-family:Source Sans Pro;font-size:19px;font-weight:400;}@media (max-width: 1024px){ .twae-wrapper{--tw-ybx-size: 80px !important;}}@media (max-width: 767px){ .twae-wrapper{--tw-ybx-size: 80px !important}}<\/style>\t\t\t\t<\/div>\n\t\t\t\t<\/div>\n\t\t\t\t\t<\/div>\n\t\t<\/div>\n\t\t\t\t\t<\/div>\n\t\t<\/section>\n\t\t\t\t<\/div>\n\t\t","protected":false},"excerpt":{"rendered":"<p>La AEM lleva a cabo proyectos de investigaci\u00f3n sobre mobiliario e interiorismo, a menudo en colaboraci\u00f3n con otros centros de estudio.<\/p>\n","protected":false},"author":1,"featured_media":39683,"parent":4571,"menu_order":0,"comment_status":"closed","ping_status":"closed","template":"","meta":{"_acf_changed":false,"footnotes":""},"class_list":["post-39312","page","type-page","status-publish","has-post-thumbnail","hentry"],"acf":[],"_links":{"self":[{"href":"https:\/\/www.estudidelmoble.com\/es\/wp-json\/wp\/v2\/pages\/39312","targetHints":{"allow":["GET"]}}],"collection":[{"href":"https:\/\/www.estudidelmoble.com\/es\/wp-json\/wp\/v2\/pages"}],"about":[{"href":"https:\/\/www.estudidelmoble.com\/es\/wp-json\/wp\/v2\/types\/page"}],"author":[{"embeddable":true,"href":"https:\/\/www.estudidelmoble.com\/es\/wp-json\/wp\/v2\/users\/1"}],"replies":[{"embeddable":true,"href":"https:\/\/www.estudidelmoble.com\/es\/wp-json\/wp\/v2\/comments?post=39312"}],"version-history":[{"count":0,"href":"https:\/\/www.estudidelmoble.com\/es\/wp-json\/wp\/v2\/pages\/39312\/revisions"}],"up":[{"embeddable":true,"href":"https:\/\/www.estudidelmoble.com\/es\/wp-json\/wp\/v2\/pages\/4571"}],"wp:featuredmedia":[{"embeddable":true,"href":"https:\/\/www.estudidelmoble.com\/es\/wp-json\/wp\/v2\/media\/39683"}],"wp:attachment":[{"href":"https:\/\/www.estudidelmoble.com\/es\/wp-json\/wp\/v2\/media?parent=39312"}],"curies":[{"name":"wp","href":"https:\/\/api.w.org\/{rel}","templated":true}]}}