{"id":59814,"date":"2023-11-14T13:52:33","date_gmt":"2023-11-14T11:52:33","guid":{"rendered":"https:\/\/www.estudidelmoble.com\/proyecto-madera-mueble-sostenibilidad\/tercera-fase-reflexiones-reutilizacion-diseno-presente-y-futuro\/el-mueble-mas-alla-del-arte-exposicion\/"},"modified":"2023-11-20T12:27:16","modified_gmt":"2023-11-20T10:27:16","slug":"el-mueble-mas-alla-del-arte-exposicion","status":"publish","type":"page","link":"https:\/\/www.estudidelmoble.com\/es\/proyecto-madera-mueble-sostenibilidad\/tercera-fase-reflexiones-reutilizacion-diseno-presente-y-futuro\/el-mueble-mas-alla-del-arte-exposicion\/","title":{"rendered":"El mueble m\u00e1s all\u00e1 del arte: exposici\u00f3n"},"content":{"rendered":"\t\t<div data-elementor-type=\"wp-page\" data-elementor-id=\"59814\" class=\"elementor elementor-59814 elementor-59750\" data-elementor-post-type=\"page\">\n\t\t\t\t\t\t<section class=\"elementor-section elementor-top-section elementor-element elementor-element-fe25e97 elementor-section-boxed elementor-section-height-default elementor-section-height-default\" data-id=\"fe25e97\" data-element_type=\"section\" data-e-type=\"section\" data-settings=\"{&quot;background_background&quot;:&quot;classic&quot;}\">\n\t\t\t\t\t\t<div class=\"elementor-container elementor-column-gap-default\">\n\t\t\t\t\t<div class=\"elementor-column elementor-col-100 elementor-top-column elementor-element elementor-element-2951eff\" data-id=\"2951eff\" data-element_type=\"column\" data-e-type=\"column\">\n\t\t\t<div class=\"elementor-widget-wrap elementor-element-populated\">\n\t\t\t\t\t\t<div class=\"elementor-element elementor-element-f9f103d elementor-widget elementor-widget-spacer\" data-id=\"f9f103d\" data-element_type=\"widget\" data-e-type=\"widget\" data-widget_type=\"spacer.default\">\n\t\t\t\t\t\t\t<div class=\"elementor-spacer\">\n\t\t\t<div class=\"elementor-spacer-inner\"><\/div>\n\t\t<\/div>\n\t\t\t\t\t\t<\/div>\n\t\t\t\t<div class=\"elementor-element elementor-element-179dc66 elementor-widget elementor-widget-image\" data-id=\"179dc66\" data-element_type=\"widget\" data-e-type=\"widget\" data-widget_type=\"image.default\">\n\t\t\t\t\t\t\t\t\t\t\t\t\t\t\t<img decoding=\"async\" src=\"https:\/\/www.estudidelmoble.com\/wp-content\/uploads\/2022\/02\/Logo-taula.jpg\" title=\"\" alt=\"\" loading=\"lazy\" \/>\t\t\t\t\t\t\t\t\t\t\t\t\t\t\t<\/div>\n\t\t\t\t<div class=\"elementor-element elementor-element-2403984 elementor-widget elementor-widget-spacer\" data-id=\"2403984\" data-element_type=\"widget\" data-e-type=\"widget\" data-widget_type=\"spacer.default\">\n\t\t\t\t\t\t\t<div class=\"elementor-spacer\">\n\t\t\t<div class=\"elementor-spacer-inner\"><\/div>\n\t\t<\/div>\n\t\t\t\t\t\t<\/div>\n\t\t\t\t\t<\/div>\n\t\t<\/div>\n\t\t\t\t\t<\/div>\n\t\t<\/section>\n\t\t\t\t<section class=\"elementor-section elementor-top-section elementor-element elementor-element-95be86b elementor-section-boxed elementor-section-height-default elementor-section-height-default\" data-id=\"95be86b\" data-element_type=\"section\" data-e-type=\"section\" data-settings=\"{&quot;background_background&quot;:&quot;classic&quot;}\">\n\t\t\t\t\t\t<div class=\"elementor-container elementor-column-gap-default\">\n\t\t\t\t\t<div class=\"elementor-column elementor-col-50 elementor-top-column elementor-element elementor-element-721381e\" data-id=\"721381e\" data-element_type=\"column\" data-e-type=\"column\">\n\t\t\t<div class=\"elementor-widget-wrap elementor-element-populated\">\n\t\t\t\t\t\t<div class=\"elementor-element elementor-element-1f59f26 elementor-view-stacked elementor-shape-circle elementor-position-block-start elementor-mobile-position-block-start elementor-widget elementor-widget-icon-box\" data-id=\"1f59f26\" data-element_type=\"widget\" data-e-type=\"widget\" data-widget_type=\"icon-box.default\">\n\t\t\t\t\t\t\t<div class=\"elementor-icon-box-wrapper\">\n\n\t\t\t\t\t\t<div class=\"elementor-icon-box-icon\">\n\t\t\t\t<span  class=\"elementor-icon\">\n\t\t\t\t<svg xmlns=\"http:\/\/www.w3.org\/2000\/svg\" xmlns:xlink=\"http:\/\/www.w3.org\/1999\/xlink\" id=\"Layer_1\" x=\"0px\" y=\"0px\" width=\"42.52px\" height=\"42.52px\" viewBox=\"0 0 42.52 42.52\" xml:space=\"preserve\"><g>\t<path fill=\"#8A2E24\" d=\"M21.26,39.426c10.031,0,18.164-8.133,18.164-18.166S31.292,3.094,21.26,3.094  c-10.032,0-18.165,8.133-18.165,18.166S11.228,39.426,21.26,39.426\"><\/path>\t<path fill=\"none\" stroke=\"#FFFFFF\" stroke-linecap=\"round\" stroke-miterlimit=\"10\" d=\"M21.26,14.594  c4.477,0,8.536,2.416,11.524,6.318c0.088,0.117,0.088,0.291,0,0.41c-2.988,3.9-7.05,6.318-11.524,6.318  c-4.476,0-8.537-2.418-11.525-6.318c-0.088-0.119-0.088-0.293,0-0.41C12.723,17.01,16.782,14.594,21.26,14.594z M17.522,21.117  c0,2.021,1.676,3.664,3.738,3.664c2.061,0,3.737-1.643,3.737-3.664c0-2.02-1.677-3.664-3.737-3.664  C19.198,17.453,17.522,19.098,17.522,21.117z M27.154,11.18l-0.919,2.297 M15.263,11.225l1.026,2.242 M21.25,10.014v2.752\"><\/path><\/g><\/svg>\t\t\t\t<\/span>\n\t\t\t<\/div>\n\t\t\t\n\t\t\t\t\t\t<div class=\"elementor-icon-box-content\">\n\n\t\t\t\t\t\t\t\t\t<h2 class=\"elementor-icon-box-title\">\n\t\t\t\t\t\t<span  >\n\t\t\t\t\t\t\tExposici\u00f3n\t\t\t\t\t\t<\/span>\n\t\t\t\t\t<\/h2>\n\t\t\t\t\n\t\t\t\t\n\t\t\t<\/div>\n\t\t\t\n\t\t<\/div>\n\t\t\t\t\t\t<\/div>\n\t\t\t\t<div class=\"elementor-element elementor-element-c7092e0 elementor-widget elementor-widget-heading\" data-id=\"c7092e0\" data-element_type=\"widget\" data-e-type=\"widget\" data-widget_type=\"heading.default\">\n\t\t\t\t\t<h1 class=\"elementor-heading-title elementor-size-default\">El mueble: \nm\u00e1s all\u00e1 del arte<\/h1>\t\t\t\t<\/div>\n\t\t\t\t<div class=\"elementor-element elementor-element-b6f9eeb elementor-widget elementor-widget-heading\" data-id=\"b6f9eeb\" data-element_type=\"widget\" data-e-type=\"widget\" data-widget_type=\"heading.default\">\n\t\t\t\t\t<span class=\"elementor-heading-title elementor-size-large\">Madera - Mueble - Sostenibilidad<\/span>\t\t\t\t<\/div>\n\t\t\t\t<div class=\"elementor-element elementor-element-a5e98a1 elementor-widget elementor-widget-heading\" data-id=\"a5e98a1\" data-element_type=\"widget\" data-e-type=\"widget\" data-widget_type=\"heading.default\">\n\t\t\t\t\t<span class=\"elementor-heading-title elementor-size-medium\">30 noviembre - 10 diciembre 2023<\/span>\t\t\t\t<\/div>\n\t\t\t\t<div class=\"elementor-element elementor-element-197edd2 elementor-widget elementor-widget-spacer\" data-id=\"197edd2\" data-element_type=\"widget\" data-e-type=\"widget\" data-widget_type=\"spacer.default\">\n\t\t\t\t\t\t\t<div class=\"elementor-spacer\">\n\t\t\t<div class=\"elementor-spacer-inner\"><\/div>\n\t\t<\/div>\n\t\t\t\t\t\t<\/div>\n\t\t\t\t<div class=\"elementor-element elementor-element-7389f1c elementor-widget elementor-widget-text-editor\" data-id=\"7389f1c\" data-element_type=\"widget\" data-e-type=\"widget\" data-widget_type=\"text-editor.default\">\n\t\t\t\t\t\t\t\t\t<hr \/><p><span style=\"color: #007196;\"><strong>Ubicaci\u00f3n:\u00a0<\/strong><\/span><br \/>Centre d&#8217;Artesania Catalunya<\/p><hr \/><p><span style=\"color: #007196;\"><strong><span dir=\"ltr\" role=\"presentation\">Horarios:\u00a0<\/span><\/strong><\/span><br \/>De lunes a s\u00e1bado: De 10h a 20h<br \/>Domingos y festivos: De 10h a 14h<\/p><p>Entrada gratuita<\/p>\t\t\t\t\t\t\t\t<\/div>\n\t\t\t\t<div class=\"elementor-element elementor-element-de3e256 elementor-widget elementor-widget-image\" data-id=\"de3e256\" data-element_type=\"widget\" data-e-type=\"widget\" data-widget_type=\"image.default\">\n\t\t\t\t\t\t\t\t\t\t\t\t\t\t\t<img fetchpriority=\"high\" decoding=\"async\" width=\"536\" height=\"276\" src=\"https:\/\/www.estudidelmoble.com\/wp-content\/uploads\/2023\/11\/Logo-Artesania-Catalunya.png\" class=\"attachment-medium_large size-medium_large wp-image-59785\" alt=\"\" srcset=\"https:\/\/www.estudidelmoble.com\/wp-content\/uploads\/2023\/11\/Logo-Artesania-Catalunya.png 536w, https:\/\/www.estudidelmoble.com\/wp-content\/uploads\/2023\/11\/Logo-Artesania-Catalunya-300x154.png 300w\" sizes=\"(max-width: 536px) 100vw, 536px\" \/>\t\t\t\t\t\t\t\t\t\t\t\t\t\t\t<\/div>\n\t\t\t\t<div class=\"elementor-element elementor-element-803463f elementor-widget elementor-widget-spacer\" data-id=\"803463f\" data-element_type=\"widget\" data-e-type=\"widget\" data-widget_type=\"spacer.default\">\n\t\t\t\t\t\t\t<div class=\"elementor-spacer\">\n\t\t\t<div class=\"elementor-spacer-inner\"><\/div>\n\t\t<\/div>\n\t\t\t\t\t\t<\/div>\n\t\t\t\t<div class=\"elementor-element elementor-element-b5f58fd elementor-widget elementor-widget-text-editor\" data-id=\"b5f58fd\" data-element_type=\"widget\" data-e-type=\"widget\" data-widget_type=\"text-editor.default\">\n\t\t\t\t\t\t\t\t\t<p><span style=\"font-weight: bolder;\">Con la colaboraci\u00f3n de:<\/span><\/p>\t\t\t\t\t\t\t\t<\/div>\n\t\t\t\t<section class=\"elementor-section elementor-inner-section elementor-element elementor-element-7064f79 elementor-section-boxed elementor-section-height-default elementor-section-height-default\" data-id=\"7064f79\" data-element_type=\"section\" data-e-type=\"section\">\n\t\t\t\t\t\t<div class=\"elementor-container elementor-column-gap-default\">\n\t\t\t\t\t<div class=\"elementor-column elementor-col-100 elementor-inner-column elementor-element elementor-element-f319b68\" data-id=\"f319b68\" data-element_type=\"column\" data-e-type=\"column\">\n\t\t\t<div class=\"elementor-widget-wrap elementor-element-populated\">\n\t\t\t\t\t\t<div class=\"elementor-element elementor-element-1166d89 elementor-widget elementor-widget-spacer\" data-id=\"1166d89\" data-element_type=\"widget\" data-e-type=\"widget\" data-widget_type=\"spacer.default\">\n\t\t\t\t\t\t\t<div class=\"elementor-spacer\">\n\t\t\t<div class=\"elementor-spacer-inner\"><\/div>\n\t\t<\/div>\n\t\t\t\t\t\t<\/div>\n\t\t\t\t<div class=\"elementor-element elementor-element-19bdf07 elementor-widget elementor-widget-image\" data-id=\"19bdf07\" data-element_type=\"widget\" data-e-type=\"widget\" data-widget_type=\"image.default\">\n\t\t\t\t\t\t\t\t\t\t\t\t\t\t\t<img decoding=\"async\" width=\"768\" height=\"175\" src=\"https:\/\/www.estudidelmoble.com\/wp-content\/uploads\/2023\/11\/Logo-CCAM-i-Generalitat-768x175.png\" class=\"attachment-medium_large size-medium_large wp-image-59783\" alt=\"\" srcset=\"https:\/\/www.estudidelmoble.com\/wp-content\/uploads\/2023\/11\/Logo-CCAM-i-Generalitat-768x175.png 768w, https:\/\/www.estudidelmoble.com\/wp-content\/uploads\/2023\/11\/Logo-CCAM-i-Generalitat-300x68.png 300w, https:\/\/www.estudidelmoble.com\/wp-content\/uploads\/2023\/11\/Logo-CCAM-i-Generalitat-1024x234.png 1024w, https:\/\/www.estudidelmoble.com\/wp-content\/uploads\/2023\/11\/Logo-CCAM-i-Generalitat-1536x350.png 1536w, https:\/\/www.estudidelmoble.com\/wp-content\/uploads\/2023\/11\/Logo-CCAM-i-Generalitat-600x137.png 600w, https:\/\/www.estudidelmoble.com\/wp-content\/uploads\/2023\/11\/Logo-CCAM-i-Generalitat.png 1675w\" sizes=\"(max-width: 768px) 100vw, 768px\" \/>\t\t\t\t\t\t\t\t\t\t\t\t\t\t\t<\/div>\n\t\t\t\t\t<\/div>\n\t\t<\/div>\n\t\t\t\t\t<\/div>\n\t\t<\/section>\n\t\t\t\t\t<\/div>\n\t\t<\/div>\n\t\t\t\t<div class=\"elementor-column elementor-col-50 elementor-top-column elementor-element elementor-element-fca5ee2\" data-id=\"fca5ee2\" data-element_type=\"column\" data-e-type=\"column\">\n\t\t\t<div class=\"elementor-widget-wrap elementor-element-populated\">\n\t\t\t\t\t\t<div class=\"elementor-element elementor-element-220a45f elementor-widget elementor-widget-image\" data-id=\"220a45f\" data-element_type=\"widget\" data-e-type=\"widget\" data-widget_type=\"image.default\">\n\t\t\t\t\t\t\t\t\t\t\t\t\t\t\t<img decoding=\"async\" width=\"573\" height=\"573\" src=\"https:\/\/www.estudidelmoble.com\/wp-content\/uploads\/2023\/11\/Cloenda-Fusta-Moble-Sostenibilitat-1.jpg\" class=\"attachment-medium_large size-medium_large wp-image-59781\" alt=\"\" srcset=\"https:\/\/www.estudidelmoble.com\/wp-content\/uploads\/2023\/11\/Cloenda-Fusta-Moble-Sostenibilitat-1.jpg 573w, https:\/\/www.estudidelmoble.com\/wp-content\/uploads\/2023\/11\/Cloenda-Fusta-Moble-Sostenibilitat-1-300x300.jpg 300w, https:\/\/www.estudidelmoble.com\/wp-content\/uploads\/2023\/11\/Cloenda-Fusta-Moble-Sostenibilitat-1-150x150.jpg 150w, https:\/\/www.estudidelmoble.com\/wp-content\/uploads\/2023\/11\/Cloenda-Fusta-Moble-Sostenibilitat-1-100x100.jpg 100w\" sizes=\"(max-width: 573px) 100vw, 573px\" \/>\t\t\t\t\t\t\t\t\t\t\t\t\t\t\t<\/div>\n\t\t\t\t<div class=\"elementor-element elementor-element-9cb84d9 elementor-widget elementor-widget-text-editor\" data-id=\"9cb84d9\" data-element_type=\"widget\" data-e-type=\"widget\" data-widget_type=\"text-editor.default\">\n\t\t\t\t\t\t\t\t\t<p><b>El mueble: m\u00e1s all\u00e1 del arte<\/b><span style=\"font-weight: 400;\"> es una exposici\u00f3n que nos invita a mirar los muebles con conciencia, sentido y sensibilidad. <\/span><span style=\"font-weight: 400;\">Establece una conexi\u00f3n directa entre el mueble y la sostenibilidad con el objetivo de adoptar una posici\u00f3n m\u00e1s comprometida con el mundo art\u00edstico y nos invita a entender que hacer uso eficiente de les piezas de madera significa preservar nuestro patrimonio cultural y natural.<\/span><\/p>\n<p><span style=\"font-weight: 400;\">La exposici\u00f3n hace patente la contribuci\u00f3n de los muebles de madera a la sostenibilidad y sit\u00faa a los muebles antiguos y contempor\u00e1neos en el eje entre el patrimonio art\u00edstico y el patrimonio natural. Adem\u00e1s, a la muestra descubrir\u00e1s las propuestas de investigaci\u00f3n, conservaci\u00f3n y difusi\u00f3n que hemos puesto en marcha durante los \u00faltimos tres a\u00f1os en defensa y valoraci\u00f3n del mueble de madera y que se convierten en valiosas fuentes de inspiraci\u00f3n.<\/span><\/p>\n<p>Esta muestra servir\u00e1 de resumen y clausura del proyecto Madera &#8211; Mueble &#8211; Sostenibilidad.<\/p>\t\t\t\t\t\t\t\t<\/div>\n\t\t\t\t<div class=\"elementor-element elementor-element-38a02fc elementor-widget elementor-widget-text-editor\" data-id=\"38a02fc\" data-element_type=\"widget\" data-e-type=\"widget\" data-widget_type=\"text-editor.default\">\n\t\t\t\t\t\t\t\t\t<p>La exposici\u00f3n se inaugura el jueves 30 de noviembre a las 17:00. Puedes descargar la invitaci\u00f3n en el bot\u00f3n.<\/p>\t\t\t\t\t\t\t\t<\/div>\n\t\t\t\t<div class=\"elementor-element elementor-element-51abaea elementor-align-center elementor-widget elementor-widget-button\" data-id=\"51abaea\" data-element_type=\"widget\" data-e-type=\"widget\" data-widget_type=\"button.default\">\n\t\t\t\t\t\t\t\t\t\t<a class=\"elementor-button elementor-button-link elementor-size-sm\" href=\"https:\/\/www.estudidelmoble.com\/wp-content\/uploads\/2023\/11\/INVITACION-El-mueble-mas-alla-del-arte.pdf\">\n\t\t\t\t\t\t<span class=\"elementor-button-content-wrapper\">\n\t\t\t\t\t\t\t\t\t<span class=\"elementor-button-text\">Invitaci\u00f3n<\/span>\n\t\t\t\t\t<\/span>\n\t\t\t\t\t<\/a>\n\t\t\t\t\t\t\t\t<\/div>\n\t\t\t\t<div class=\"elementor-element elementor-element-d0214c5 elementor-widget elementor-widget-spacer\" data-id=\"d0214c5\" data-element_type=\"widget\" data-e-type=\"widget\" data-widget_type=\"spacer.default\">\n\t\t\t\t\t\t\t<div class=\"elementor-spacer\">\n\t\t\t<div class=\"elementor-spacer-inner\"><\/div>\n\t\t<\/div>\n\t\t\t\t\t\t<\/div>\n\t\t\t\t<div class=\"elementor-element elementor-element-22a6985 elementor-widget elementor-widget-spacer\" data-id=\"22a6985\" data-element_type=\"widget\" data-e-type=\"widget\" data-widget_type=\"spacer.default\">\n\t\t\t\t\t\t\t<div class=\"elementor-spacer\">\n\t\t\t<div class=\"elementor-spacer-inner\"><\/div>\n\t\t<\/div>\n\t\t\t\t\t\t<\/div>\n\t\t\t\t<section class=\"elementor-section elementor-inner-section elementor-element elementor-element-e115db7 elementor-section-boxed elementor-section-height-default elementor-section-height-default\" data-id=\"e115db7\" data-element_type=\"section\" data-e-type=\"section\">\n\t\t\t\t\t\t<div class=\"elementor-container elementor-column-gap-default\">\n\t\t\t\t\t<div class=\"elementor-column elementor-col-33 elementor-inner-column elementor-element elementor-element-4028a84\" data-id=\"4028a84\" data-element_type=\"column\" data-e-type=\"column\">\n\t\t\t<div class=\"elementor-widget-wrap\">\n\t\t\t\t\t\t\t<\/div>\n\t\t<\/div>\n\t\t\t\t<div class=\"elementor-column elementor-col-33 elementor-inner-column elementor-element elementor-element-7ea05ae\" data-id=\"7ea05ae\" data-element_type=\"column\" data-e-type=\"column\">\n\t\t\t<div class=\"elementor-widget-wrap\">\n\t\t\t\t\t\t\t<\/div>\n\t\t<\/div>\n\t\t\t\t<div class=\"elementor-column elementor-col-33 elementor-inner-column elementor-element elementor-element-203ea69\" data-id=\"203ea69\" data-element_type=\"column\" data-e-type=\"column\">\n\t\t\t<div class=\"elementor-widget-wrap elementor-element-populated\">\n\t\t\t\t\t\t<div class=\"elementor-element elementor-element-bf05643 elementor-mobile-align-center elementor-align-center elementor-widget elementor-widget-button\" data-id=\"bf05643\" data-element_type=\"widget\" data-e-type=\"widget\" data-widget_type=\"button.default\">\n\t\t\t\t\t\t\t\t\t\t<a class=\"elementor-button elementor-button-link elementor-size-sm elementor-animation-shrink\" href=\"https:\/\/www.estudidelmoble.com\/projecte-fusta-moble-sostenibilitat\/\">\n\t\t\t\t\t\t<span class=\"elementor-button-content-wrapper\">\n\t\t\t\t\t\t<span class=\"elementor-button-icon\">\n\t\t\t\t<svg aria-hidden=\"true\" class=\"e-font-icon-svg e-fas-arrow-circle-up\" viewBox=\"0 0 512 512\" xmlns=\"http:\/\/www.w3.org\/2000\/svg\"><path d=\"M8 256C8 119 119 8 256 8s248 111 248 248-111 248-248 248S8 393 8 256zm143.6 28.9l72.4-75.5V392c0 13.3 10.7 24 24 24h16c13.3 0 24-10.7 24-24V209.4l72.4 75.5c9.3 9.7 24.8 9.9 34.3.4l10.9-11c9.4-9.4 9.4-24.6 0-33.9L273 107.7c-9.4-9.4-24.6-9.4-33.9 0L106.3 240.4c-9.4 9.4-9.4 24.6 0 33.9l10.9 11c9.6 9.5 25.1 9.3 34.4-.4z\"><\/path><\/svg>\t\t\t<\/span>\n\t\t\t\t\t\t\t\t\t<span class=\"elementor-button-text\">Tornar a l'\u00edndex F-M-S<\/span>\n\t\t\t\t\t<\/span>\n\t\t\t\t\t<\/a>\n\t\t\t\t\t\t\t\t<\/div>\n\t\t\t\t\t<\/div>\n\t\t<\/div>\n\t\t\t\t\t<\/div>\n\t\t<\/section>\n\t\t\t\t\t<\/div>\n\t\t<\/div>\n\t\t\t\t\t<\/div>\n\t\t<\/section>\n\t\t\t\t<section class=\"elementor-section elementor-top-section elementor-element elementor-element-d6fe3c6 elementor-section-full_width elementor-section-height-default elementor-section-height-default\" data-id=\"d6fe3c6\" data-element_type=\"section\" data-e-type=\"section\">\n\t\t\t\t\t\t<div class=\"elementor-container elementor-column-gap-default\">\n\t\t\t\t\t<div class=\"elementor-column elementor-col-100 elementor-top-column elementor-element elementor-element-d0c4222\" data-id=\"d0c4222\" data-element_type=\"column\" data-e-type=\"column\">\n\t\t\t<div class=\"elementor-widget-wrap elementor-element-populated\">\n\t\t\t\t\t\t<div class=\"elementor-element elementor-element-1a902b9 elementor-widget elementor-widget-spacer\" data-id=\"1a902b9\" data-element_type=\"widget\" data-e-type=\"widget\" data-widget_type=\"spacer.default\">\n\t\t\t\t\t\t\t<div class=\"elementor-spacer\">\n\t\t\t<div class=\"elementor-spacer-inner\"><\/div>\n\t\t<\/div>\n\t\t\t\t\t\t<\/div>\n\t\t\t\t<div class=\"elementor-element elementor-element-e3e533b elementor-widget-divider--view-line elementor-widget elementor-widget-divider\" data-id=\"e3e533b\" data-element_type=\"widget\" data-e-type=\"widget\" data-widget_type=\"divider.default\">\n\t\t\t\t\t\t\t<div class=\"elementor-divider\">\n\t\t\t<span class=\"elementor-divider-separator\">\n\t\t\t\t\t\t<\/span>\n\t\t<\/div>\n\t\t\t\t\t\t<\/div>\n\t\t\t\t<div class=\"elementor-element elementor-element-ec8b444 elementor-widget elementor-widget-text-editor\" data-id=\"ec8b444\" data-element_type=\"widget\" data-e-type=\"widget\" data-widget_type=\"text-editor.default\">\n\t\t\t\t\t\t\t\t\t<p>Amb el suport del Departament de Cultura:<\/p>\t\t\t\t\t\t\t\t<\/div>\n\t\t\t\t\t<\/div>\n\t\t<\/div>\n\t\t\t\t\t<\/div>\n\t\t<\/section>\n\t\t\t\t<\/div>\n\t\t","protected":false},"excerpt":{"rendered":"<p>El mueble m\u00e1s all\u00e1 del arte: exposici\u00f3n del proyecto Madera &#8211; Mueble &#8211; Sostenibilidad, sit\u00faa al mobiliario entre el patrimonio natural y art\u00edstico<\/p>\n","protected":false},"author":458,"featured_media":59781,"parent":43963,"menu_order":0,"comment_status":"closed","ping_status":"closed","template":"","meta":{"_acf_changed":false,"footnotes":""},"class_list":["post-59814","page","type-page","status-publish","has-post-thumbnail","hentry"],"acf":[],"_links":{"self":[{"href":"https:\/\/www.estudidelmoble.com\/es\/wp-json\/wp\/v2\/pages\/59814","targetHints":{"allow":["GET"]}}],"collection":[{"href":"https:\/\/www.estudidelmoble.com\/es\/wp-json\/wp\/v2\/pages"}],"about":[{"href":"https:\/\/www.estudidelmoble.com\/es\/wp-json\/wp\/v2\/types\/page"}],"author":[{"embeddable":true,"href":"https:\/\/www.estudidelmoble.com\/es\/wp-json\/wp\/v2\/users\/458"}],"replies":[{"embeddable":true,"href":"https:\/\/www.estudidelmoble.com\/es\/wp-json\/wp\/v2\/comments?post=59814"}],"version-history":[{"count":0,"href":"https:\/\/www.estudidelmoble.com\/es\/wp-json\/wp\/v2\/pages\/59814\/revisions"}],"up":[{"embeddable":true,"href":"https:\/\/www.estudidelmoble.com\/es\/wp-json\/wp\/v2\/pages\/43963"}],"wp:featuredmedia":[{"embeddable":true,"href":"https:\/\/www.estudidelmoble.com\/es\/wp-json\/wp\/v2\/media\/59781"}],"wp:attachment":[{"href":"https:\/\/www.estudidelmoble.com\/es\/wp-json\/wp\/v2\/media?parent=59814"}],"curies":[{"name":"wp","href":"https:\/\/api.w.org\/{rel}","templated":true}]}}