{"id":19853,"date":"2020-11-23T11:29:45","date_gmt":"2020-11-23T09:29:45","guid":{"rendered":"https:\/\/www.estudidelmoble.com\/producte\/de-la-exquisitez-a-lo-cotidiano\/"},"modified":"2021-03-23T21:01:06","modified_gmt":"2021-03-23T19:01:06","slug":"de-la-exquisitez-a-lo-cotidiano","status":"publish","type":"product","link":"https:\/\/www.estudidelmoble.com\/es\/producto\/de-la-exquisitez-a-lo-cotidiano\/","title":{"rendered":"De la exquisitez a lo cotidiano"},"content":{"rendered":"<p>Edici\u00f3n en CASTELLANO<\/p>\n<p>Esquemas en CASTELLANO y CATAL\u00c1N<\/p>\n<p><strong><em><b>De la exquisitez a lo cotidiano<\/b>: Di\u00e0legs entre obres de la Col\u00b7lecci\u00f3 Mascort i estudis t\u00e8cnics de l\u2019Associaci\u00f3 per a l\u2019Estudi del Moble<\/em><\/strong><\/p>\n<p><span style=\"font-weight: 400\">Esta publicaci\u00f3n presenta cincuenta estudios de muebles y los pone en relaci\u00f3n con el an\u00e1lisis de diez obras de arte de la Colecci\u00f3n Mascort. Los cap\u00edtulos se encabezan por textos de reconocidos expertos que enlazan las obras y sirven de eje conductor del discurso de los muebles.Ofrece informaci\u00f3n relevante hist\u00f3rica y t\u00e9cnica de las obras.<\/span><\/p>\n<p><span style=\"font-weight: 400\">Adem\u00e1s, adjunta esquemas terminol\u00f3gicos de las diferentes tipolog\u00edas de muebles, lo que convierte el libro en una obra indispensable para profesionales del sector.<\/span><\/p>\n<p><span style=\"font-weight: 400\">Las fotograf\u00edas a color y la elegante maquetaci\u00f3n ayudan a conseguir el objetivo principal de la obra que es dar a conocer el valor hist\u00f3rico del mueble, destacando sus materiales y las t\u00e9cnicas aplicadas.<\/span><\/p>\n","protected":false},"excerpt":{"rendered":"<p><span style=\"color: #7f2629\"><strong><em><b>Di\u00e0legs entre obres de la Col\u00b7lecci\u00f3 Mascort i estudis t\u00e8cnics de l&#8217;Associaci\u00f3 per a l&#8217;Estudi del Moble<\/b><\/em><\/strong><\/span><\/p>\n<p>Edici\u00f3n en CASTELLANO<br \/>Esquemas en CASTELLANO y CATAL\u00c1N<\/p>\n<p><strong>PVP: 25\u20ac<br \/>Precio SOCIOS: 25\u20ac<\/strong><\/p>\n","protected":false},"featured_media":19344,"template":"","meta":{"_acf_changed":false},"product_brand":[],"product_cat":[830],"product_tag":[],"class_list":{"0":"post-19853","1":"product","2":"type-product","3":"status-publish","4":"has-post-thumbnail","6":"product_cat-libros-y-otros","7":"product_shipping_class-envio-2","9":"first","10":"instock","11":"taxable","12":"shipping-taxable","13":"purchasable","14":"product-type-variable"},"acf":[],"_links":{"self":[{"href":"https:\/\/www.estudidelmoble.com\/es\/wp-json\/wp\/v2\/product\/19853","targetHints":{"allow":["GET"]}}],"collection":[{"href":"https:\/\/www.estudidelmoble.com\/es\/wp-json\/wp\/v2\/product"}],"about":[{"href":"https:\/\/www.estudidelmoble.com\/es\/wp-json\/wp\/v2\/types\/product"}],"version-history":[{"count":0,"href":"https:\/\/www.estudidelmoble.com\/es\/wp-json\/wp\/v2\/product\/19853\/revisions"}],"wp:featuredmedia":[{"embeddable":true,"href":"https:\/\/www.estudidelmoble.com\/es\/wp-json\/wp\/v2\/media\/19344"}],"wp:attachment":[{"href":"https:\/\/www.estudidelmoble.com\/es\/wp-json\/wp\/v2\/media?parent=19853"}],"wp:term":[{"taxonomy":"product_brand","embeddable":true,"href":"https:\/\/www.estudidelmoble.com\/es\/wp-json\/wp\/v2\/product_brand?post=19853"},{"taxonomy":"product_cat","embeddable":true,"href":"https:\/\/www.estudidelmoble.com\/es\/wp-json\/wp\/v2\/product_cat?post=19853"},{"taxonomy":"product_tag","embeddable":true,"href":"https:\/\/www.estudidelmoble.com\/es\/wp-json\/wp\/v2\/product_tag?post=19853"}],"curies":[{"name":"wp","href":"https:\/\/api.w.org\/{rel}","templated":true}]}}