{"id":19856,"date":"2020-11-26T10:25:17","date_gmt":"2020-11-26T08:25:17","guid":{"rendered":"https:\/\/www.estudidelmoble.com\/?post_type=product&#038;p=19856"},"modified":"2020-12-14T12:44:07","modified_gmt":"2020-12-14T10:44:07","slug":"la-casa-duran-i-sanpere","status":"publish","type":"product","link":"https:\/\/www.estudidelmoble.com\/es\/producto\/la-casa-duran-i-sanpere\/","title":{"rendered":"La casa Duran i Sanpere"},"content":{"rendered":"<div class=\"gmail_default\">\n<p>Edici\u00f3n en CATAL\u00c1N<\/p>\n<p><strong><em><b>La casa Duran i Sanpere<\/b>: <strong>Espais interiors representaci\u00f3 i vida quotidiana a la Cervera de finals del segle XIX i inicis del XX<\/strong><\/em><\/strong><\/p>\n<p><span style=\"font-weight: 400\">La casa de Agust\u00ed Duran i Sanpere (Cervera, Catalu\u00f1a) conserva espacios interiores de finales del siglo XIX en perfecto estado de conservaci\u00f3n, construidos en \u00e9poca de su padre, A. Duran i Ferreres. El libro, con cap\u00edtulos firmados por renombrados especialistas, sit\u00faa la casa en el contexto de la \u00e9poca y fija especial atenci\u00f3n a la decoraci\u00f3n y los muebles.<\/span><\/p>\n<p><span style=\"font-weight: 400\">Por otro lado, la publicaci\u00f3n se adentra en aspectos de la vida cotidiana de la primera mitad del siglo XX a partir de los objetos que se introdujeron en la casa en este periodo, entre ellos los primeros electrodom\u00e9sticos, radios y aparatos de m\u00fasica.\u00a0\u00a0<\/span><\/p>\n<p><span style=\"font-weight: 400\">La Asociaci\u00f3n para el Estudio del Mueble colabora en los escritos dedicados a la decoraci\u00f3n y el mobiliario.<\/span><\/p>\n<\/div>\n","protected":false},"excerpt":{"rendered":"<p><span style=\"color: #7f2629\"><strong><em><b>Espais interiors representaci\u00f3 i vida quotidiana a la Cervera de finals de segle XIX i inicis del XX<\/b><\/em><\/strong><\/span><\/p>\n<p>Edici\u00f3n en CATAL\u00c1N<\/p>\n<p><strong>PVP: 50\u20ac<br \/>Precio SOCIOS: 50\u20ac<\/strong><\/p>\n","protected":false},"featured_media":19829,"template":"","meta":{"_acf_changed":false},"product_brand":[],"product_cat":[830],"product_tag":[],"class_list":{"0":"post-19856","1":"product","2":"type-product","3":"status-publish","4":"has-post-thumbnail","6":"product_cat-libros-y-otros","7":"product_shipping_class-envio-2","9":"first","10":"instock","11":"taxable","12":"shipping-taxable","13":"purchasable","14":"product-type-variable"},"acf":[],"_links":{"self":[{"href":"https:\/\/www.estudidelmoble.com\/es\/wp-json\/wp\/v2\/product\/19856","targetHints":{"allow":["GET"]}}],"collection":[{"href":"https:\/\/www.estudidelmoble.com\/es\/wp-json\/wp\/v2\/product"}],"about":[{"href":"https:\/\/www.estudidelmoble.com\/es\/wp-json\/wp\/v2\/types\/product"}],"version-history":[{"count":0,"href":"https:\/\/www.estudidelmoble.com\/es\/wp-json\/wp\/v2\/product\/19856\/revisions"}],"wp:featuredmedia":[{"embeddable":true,"href":"https:\/\/www.estudidelmoble.com\/es\/wp-json\/wp\/v2\/media\/19829"}],"wp:attachment":[{"href":"https:\/\/www.estudidelmoble.com\/es\/wp-json\/wp\/v2\/media?parent=19856"}],"wp:term":[{"taxonomy":"product_brand","embeddable":true,"href":"https:\/\/www.estudidelmoble.com\/es\/wp-json\/wp\/v2\/product_brand?post=19856"},{"taxonomy":"product_cat","embeddable":true,"href":"https:\/\/www.estudidelmoble.com\/es\/wp-json\/wp\/v2\/product_cat?post=19856"},{"taxonomy":"product_tag","embeddable":true,"href":"https:\/\/www.estudidelmoble.com\/es\/wp-json\/wp\/v2\/product_tag?post=19856"}],"curies":[{"name":"wp","href":"https:\/\/api.w.org\/{rel}","templated":true}]}}