{"id":19859,"date":"2020-11-26T10:42:14","date_gmt":"2020-11-26T08:42:14","guid":{"rendered":"https:\/\/www.estudidelmoble.com\/producte\/audacia-i-delicadesa\/"},"modified":"2023-09-25T14:21:43","modified_gmt":"2023-09-25T12:21:43","slug":"audacia-i-delicadesa","status":"publish","type":"product","link":"https:\/\/www.estudidelmoble.com\/es\/producto\/audacia-i-delicadesa\/","title":{"rendered":"Aud\u00e0cia i delicadesa"},"content":{"rendered":"<div class=\"gmail_default\">\n<p>Edici\u00f3n en CATAL\u00c1N<\/p>\n<p><strong><em>Aud\u00e0cia i delicadesa: El moble de Torroella de Montgr\u00ed i l\u2019Empord\u00e0 (1700-1800)<\/em><\/strong><\/p>\n<p><span style=\"font-weight: 400\">La Asociaci\u00f3n para el Estudio del Mueble llev\u00f3 a cabo una investigaci\u00f3n exhaustiva sobre el mobiliario de las comarcas del Alt y Baix Empord\u00e0 en el siglo XVIII dirigida por la doctora en historia del arte, M\u00f3nica Piera y en la que participaron Kel Dom\u00e8nech, ebanista y restaurador y Dolors Ferrer, restauradora de muebles.<\/span><\/p>\n<p><span style=\"font-weight: 400\">El trabajo cont\u00f3 tambi\u00e9n con la colaboraci\u00f3n de otras muchas personas que aportaron informaci\u00f3n de todo tipo, desde historiadores locales a carpinteros y propietarios. Se analizaron m\u00e1s de 200 muebles, la gran mayor\u00eda en manos privadas y la informaci\u00f3n se contrast\u00f3 con la procedente de documentos y fotograf\u00edas antiguas.<\/span><\/p>\n<\/div>\n","protected":false},"excerpt":{"rendered":"<p><strong><span style=\"color: #7f2629\"><em>El moble de Torroella de Montgr\u00ed i l\u2019Empord\u00e0 (1700-1800)<br \/><\/em><\/span><\/strong><span style=\"color: #7f2629\">Autora: M\u00f3nica Piera Miquel<\/span><\/p>\n<p>Edici\u00f3n en CATAL\u00c1N<\/p>\n<p><strong>PVP: 75\u20ac<br \/>Precio SOCIOS: 68\u20ac<\/strong><\/p>\n","protected":false},"featured_media":19839,"template":"","meta":{"_acf_changed":false},"product_brand":[],"product_cat":[830],"product_tag":[],"class_list":{"0":"post-19859","1":"product","2":"type-product","3":"status-publish","4":"has-post-thumbnail","6":"product_cat-libros-y-otros","7":"product_shipping_class-envio-2","9":"first","10":"instock","11":"taxable","12":"shipping-taxable","13":"purchasable","14":"product-type-variable"},"acf":[],"_links":{"self":[{"href":"https:\/\/www.estudidelmoble.com\/es\/wp-json\/wp\/v2\/product\/19859","targetHints":{"allow":["GET"]}}],"collection":[{"href":"https:\/\/www.estudidelmoble.com\/es\/wp-json\/wp\/v2\/product"}],"about":[{"href":"https:\/\/www.estudidelmoble.com\/es\/wp-json\/wp\/v2\/types\/product"}],"version-history":[{"count":0,"href":"https:\/\/www.estudidelmoble.com\/es\/wp-json\/wp\/v2\/product\/19859\/revisions"}],"wp:featuredmedia":[{"embeddable":true,"href":"https:\/\/www.estudidelmoble.com\/es\/wp-json\/wp\/v2\/media\/19839"}],"wp:attachment":[{"href":"https:\/\/www.estudidelmoble.com\/es\/wp-json\/wp\/v2\/media?parent=19859"}],"wp:term":[{"taxonomy":"product_brand","embeddable":true,"href":"https:\/\/www.estudidelmoble.com\/es\/wp-json\/wp\/v2\/product_brand?post=19859"},{"taxonomy":"product_cat","embeddable":true,"href":"https:\/\/www.estudidelmoble.com\/es\/wp-json\/wp\/v2\/product_cat?post=19859"},{"taxonomy":"product_tag","embeddable":true,"href":"https:\/\/www.estudidelmoble.com\/es\/wp-json\/wp\/v2\/product_tag?post=19859"}],"curies":[{"name":"wp","href":"https:\/\/api.w.org\/{rel}","templated":true}]}}