{"id":19864,"date":"2020-11-26T10:54:08","date_gmt":"2020-11-26T08:54:08","guid":{"rendered":"https:\/\/www.estudidelmoble.com\/producte\/el-moble-popular-a-catalunya\/"},"modified":"2025-04-16T10:45:20","modified_gmt":"2025-04-16T08:45:20","slug":"el-moble-popular-a-catalunya","status":"publish","type":"product","link":"https:\/\/www.estudidelmoble.com\/es\/producto\/el-moble-popular-a-catalunya\/","title":{"rendered":"El moble Popular a Catalunya"},"content":{"rendered":"<div class=\"gmail_default\">Edici\u00f3n en CATAL\u00c1N<\/div>\n<div><\/div>\n<div class=\"gmail_default\"><strong><em><b>El moble Popular a Catalunya<\/b><\/em><\/strong><\/div>\n<div><\/div>\n<div class=\"gmail_default\">\n<p><span style=\"font-weight: 400;\">Se trata de un excelente libro para introduciros en el mundo del mueble tradicional. Guiados por la autora, Mar\u00eda del Agua Cort\u00e9s El\u00eda, conocer\u00e9is las t\u00e9cnicas de construcci\u00f3n, las funciones y los diferentes estilos, en una did\u00e1ctica combinaci\u00f3n de texto y dibujo, complementadas con im\u00e1genes de piezas representativas.<\/span><\/p>\n<p><span style=\"font-weight: 400;\">Se trata de una documentada y apasionada reivindicaci\u00f3n de un mueble a menudo humilde pero siempre singular, que es legatario de un tiempo y de un lugar. Su conocimiento nos ayuda a apreciarlo y nos invita a preservarlo y a darle sentido en el momento actual, de la manera que creemos m\u00e1s apropiada pero siempre con el respeto que se merece.<\/span><\/p>\n<p><span style=\"font-weight: 400;\">El libro analiza las caracter\u00edsticas del mueble popular: simplicidad, utilidad y manufactura artesanal. Se centra en los muebles de la casa de pay\u00e9s (c\u00f3modas, mesas, esca\u00f1os, camas, sillas, bancos, cajas&#8230;), distribuidos por zonas, de forma que el lector puede saber c\u00f3mo era el mobiliario de los espacios productivos, de los comunes o de los privados. La obra tambi\u00e9n hace un repaso de la evoluci\u00f3n hist\u00f3rica del mueble popular catal\u00e1n en cuanto a materiales, t\u00e9cnicas constructivas y decorativas, etc.<\/span><\/p>\n<p><span style=\"font-weight: 400;\">El volumen contiene una gran cantidad de dibujos de los objetos y tambi\u00e9n de fotograf\u00edas actuales y de archivo. De cariz divulgativo est\u00e1 dirigido a cualquier tipo de p\u00fablico, tanto ne\u00f3fito como experto (anticuarios, restauradores, coleccionistas).<\/span><\/p>\n<\/div>\n","protected":false},"excerpt":{"rendered":"<p>Edici\u00f3n en CATAL\u00c1N<\/p>\n<p><strong>PVP: 25\u20ac<br \/>\n<\/strong><strong>Precio SOCIOS: 25\u20ac<\/strong><\/p>\n","protected":false},"featured_media":19852,"template":"","meta":{"_acf_changed":false},"product_brand":[],"product_cat":[830],"product_tag":[],"class_list":{"0":"post-19864","1":"product","2":"type-product","3":"status-publish","4":"has-post-thumbnail","6":"product_cat-libros-y-otros","7":"product_shipping_class-envio-2","9":"first","10":"instock","11":"taxable","12":"shipping-taxable","13":"purchasable","14":"product-type-variable"},"acf":[],"_links":{"self":[{"href":"https:\/\/www.estudidelmoble.com\/es\/wp-json\/wp\/v2\/product\/19864","targetHints":{"allow":["GET"]}}],"collection":[{"href":"https:\/\/www.estudidelmoble.com\/es\/wp-json\/wp\/v2\/product"}],"about":[{"href":"https:\/\/www.estudidelmoble.com\/es\/wp-json\/wp\/v2\/types\/product"}],"version-history":[{"count":0,"href":"https:\/\/www.estudidelmoble.com\/es\/wp-json\/wp\/v2\/product\/19864\/revisions"}],"wp:featuredmedia":[{"embeddable":true,"href":"https:\/\/www.estudidelmoble.com\/es\/wp-json\/wp\/v2\/media\/19852"}],"wp:attachment":[{"href":"https:\/\/www.estudidelmoble.com\/es\/wp-json\/wp\/v2\/media?parent=19864"}],"wp:term":[{"taxonomy":"product_brand","embeddable":true,"href":"https:\/\/www.estudidelmoble.com\/es\/wp-json\/wp\/v2\/product_brand?post=19864"},{"taxonomy":"product_cat","embeddable":true,"href":"https:\/\/www.estudidelmoble.com\/es\/wp-json\/wp\/v2\/product_cat?post=19864"},{"taxonomy":"product_tag","embeddable":true,"href":"https:\/\/www.estudidelmoble.com\/es\/wp-json\/wp\/v2\/product_tag?post=19864"}],"curies":[{"name":"wp","href":"https:\/\/api.w.org\/{rel}","templated":true}]}}