{"id":19918,"date":"2015-09-14T11:42:24","date_gmt":"2015-09-14T09:42:24","guid":{"rendered":"https:\/\/www.estudidelmoble.com\/producte\/publicacion-10-2015\/"},"modified":"2020-12-14T13:47:50","modified_gmt":"2020-12-14T11:47:50","slug":"publicacion-10-2015","status":"publish","type":"product","link":"https:\/\/www.estudidelmoble.com\/es\/producto\/publicacion-10-2015\/","title":{"rendered":"PUBLICACI\u00d3N 10"},"content":{"rendered":"<p><span style=\"font-weight: 400\">Hablar de eclecticismo es hablar de la Barcelona que impuls\u00f3 su crecimiento con la urbanizaci\u00f3n del Eixample, de una burgues\u00eda industrial implicada en convertir la capital catalana en una ciudad cosmopolita, y una sociedad y unos pol\u00edticos que fueron capaces <\/span><span style=\"font-weight: 400\">de organizar la Exposici\u00f3n Universal de 1888. En pleno debate arte-industria, el mobiliario ecl\u00e9ctico aprovech\u00f3 los beneficios de la nueva maquinaria sin abandonar el oficio artesanal, especialmente la talla. Este libro recoge importantes aportaciones sobre un periodo clave del arte, saca a la luz obras in\u00e9ditas y presenta investigaciones que permiten conocer <\/span><span style=\"font-weight: 400\">mejor aspectos sobre el mueble y la decoraci\u00f3n.<\/span><\/p>\n","protected":false},"excerpt":{"rendered":"<p><span style=\"color: #7f2629\"><strong><b>Eclecticisme, l&#8217;avantsala del modernisme: espais i mobiliari<\/b><\/strong><\/span><\/p>\n<p class=\"p1\">Edici\u00f3n biling\u00fce, alterna art\u00edculos en castellano y catal\u00e1n<\/p>\n<p><strong>PVP: 18\u20ac<br \/>Precio SOCIOS: 15\u20ac<\/strong><\/p>\n","protected":false},"featured_media":19917,"template":"","meta":{"_acf_changed":false},"product_brand":[],"product_cat":[833],"product_tag":[],"class_list":{"0":"post-19918","1":"product","2":"type-product","3":"status-publish","4":"has-post-thumbnail","6":"product_cat-publicaciones","7":"product_shipping_class-envio-2","9":"first","10":"instock","11":"taxable","12":"shipping-taxable","13":"purchasable","14":"product-type-variable"},"acf":[],"_links":{"self":[{"href":"https:\/\/www.estudidelmoble.com\/es\/wp-json\/wp\/v2\/product\/19918","targetHints":{"allow":["GET"]}}],"collection":[{"href":"https:\/\/www.estudidelmoble.com\/es\/wp-json\/wp\/v2\/product"}],"about":[{"href":"https:\/\/www.estudidelmoble.com\/es\/wp-json\/wp\/v2\/types\/product"}],"version-history":[{"count":0,"href":"https:\/\/www.estudidelmoble.com\/es\/wp-json\/wp\/v2\/product\/19918\/revisions"}],"wp:featuredmedia":[{"embeddable":true,"href":"https:\/\/www.estudidelmoble.com\/es\/wp-json\/wp\/v2\/media\/19917"}],"wp:attachment":[{"href":"https:\/\/www.estudidelmoble.com\/es\/wp-json\/wp\/v2\/media?parent=19918"}],"wp:term":[{"taxonomy":"product_brand","embeddable":true,"href":"https:\/\/www.estudidelmoble.com\/es\/wp-json\/wp\/v2\/product_brand?post=19918"},{"taxonomy":"product_cat","embeddable":true,"href":"https:\/\/www.estudidelmoble.com\/es\/wp-json\/wp\/v2\/product_cat?post=19918"},{"taxonomy":"product_tag","embeddable":true,"href":"https:\/\/www.estudidelmoble.com\/es\/wp-json\/wp\/v2\/product_tag?post=19918"}],"curies":[{"name":"wp","href":"https:\/\/api.w.org\/{rel}","templated":true}]}}