{"id":19925,"date":"2016-09-14T11:38:43","date_gmt":"2016-09-14T09:38:43","guid":{"rendered":"https:\/\/www.estudidelmoble.com\/producte\/publicacion-11-2016\/"},"modified":"2026-03-20T13:19:35","modified_gmt":"2026-03-20T11:19:35","slug":"publicacion-11-2016","status":"publish","type":"product","link":"https:\/\/www.estudidelmoble.com\/es\/producto\/publicacion-11-2016\/","title":{"rendered":"La recuperaci\u00f3 d\u2019interiors hist\u00f2rics"},"content":{"rendered":"<p><span style=\"font-weight: 400;\">Es necesario reivindicar los \u201coficios art\u00edsticos\u201d para poderlos aplicar a la restauraci\u00f3n. <\/span><span style=\"font-weight: 400;\">Muchas especialidades han estado al servicio de los interiores arquitect\u00f3nicos y su decoraci\u00f3n a lo largo no s\u00f3lo de muchos a\u00f1os, sino de muchos siglos.Probablemente hoy, cuando parece que est\u00e1n a punto de desaparecer, justamente pueden jugar un nuevo rol al servicio de patrimonio, esto es, de la conservaci\u00f3n y la restauraci\u00f3n del patrimonio, que tan bien define las maneras de vivir y actuar de las generaciones que nos han precedido, es decir, nuestra memoria hist\u00f3rica.<\/span><\/p>\n","protected":false},"excerpt":{"rendered":"<p><span style=\"color: #7f2629\"><strong><b>La recuperaci\u00f3 d&#8217;interiors hist\u00f2rics<\/b><\/strong><\/span><\/p>\n<p class=\"p1\">Edici\u00f3n biling\u00fce, alterna art\u00edculos en castellano y catal\u00e1n<\/p>\n<p><strong>PVP: 18\u20ac<br \/>Precio SOCIOS: 15\u20ac<\/strong><\/p>\n","protected":false},"featured_media":19924,"template":"","meta":{"_acf_changed":false},"product_brand":[],"product_cat":[833],"product_tag":[],"class_list":{"0":"post-19925","1":"product","2":"type-product","3":"status-publish","4":"has-post-thumbnail","6":"product_cat-publicaciones","7":"product_shipping_class-envio-2","9":"first","10":"instock","11":"taxable","12":"shipping-taxable","13":"purchasable","14":"product-type-variable"},"acf":[],"_links":{"self":[{"href":"https:\/\/www.estudidelmoble.com\/es\/wp-json\/wp\/v2\/product\/19925","targetHints":{"allow":["GET"]}}],"collection":[{"href":"https:\/\/www.estudidelmoble.com\/es\/wp-json\/wp\/v2\/product"}],"about":[{"href":"https:\/\/www.estudidelmoble.com\/es\/wp-json\/wp\/v2\/types\/product"}],"version-history":[{"count":0,"href":"https:\/\/www.estudidelmoble.com\/es\/wp-json\/wp\/v2\/product\/19925\/revisions"}],"wp:featuredmedia":[{"embeddable":true,"href":"https:\/\/www.estudidelmoble.com\/es\/wp-json\/wp\/v2\/media\/19924"}],"wp:attachment":[{"href":"https:\/\/www.estudidelmoble.com\/es\/wp-json\/wp\/v2\/media?parent=19925"}],"wp:term":[{"taxonomy":"product_brand","embeddable":true,"href":"https:\/\/www.estudidelmoble.com\/es\/wp-json\/wp\/v2\/product_brand?post=19925"},{"taxonomy":"product_cat","embeddable":true,"href":"https:\/\/www.estudidelmoble.com\/es\/wp-json\/wp\/v2\/product_cat?post=19925"},{"taxonomy":"product_tag","embeddable":true,"href":"https:\/\/www.estudidelmoble.com\/es\/wp-json\/wp\/v2\/product_tag?post=19925"}],"curies":[{"name":"wp","href":"https:\/\/api.w.org\/{rel}","templated":true}]}}