{"id":20141,"date":"2020-07-07T15:42:45","date_gmt":"2020-07-07T13:42:45","guid":{"rendered":"https:\/\/www.estudidelmoble.com\/producte\/arraigados-en-la-tierra-es\/"},"modified":"2025-02-21T10:46:34","modified_gmt":"2025-02-21T08:46:34","slug":"arraigados-en-la-tierra-es","status":"publish","type":"product","link":"https:\/\/www.estudidelmoble.com\/es\/producto\/arraigados-en-la-tierra-es\/","title":{"rendered":"Arraigados en la tierra"},"content":{"rendered":"<p>&nbsp;<\/p>\n<div class=\"gmail_default\">\n<hr \/>\n<p>&nbsp;<\/p>\n<p>Edici\u00f3n en CASTELLANO<\/p>\n<p><strong><em><span class=\"il\">Arraigados<\/span> a la tierra. 30 muebles seleccionados de una colecci\u00f3n privada<\/em><\/strong><br \/><strong><em>Autora M\u00f3nica Piera. Fotograf\u00edas de Lu\u00eds Casals<\/em><\/strong><\/p>\n<p>Acercar la mirada a los muebles antiguos, transmitir las emociones que producen cuando observamos y tocamos estas \u201cesculturas \u00fatiles\u201d y explicar c\u00f3mo se las ingeniaban los artesanos para convertir los troncos en obras art\u00edsticas son los principales objetivos de Arraigados a la tierra.<\/p>\n<\/div>\n<div class=\"gmail_default\">30 muebles seleccionados de una colecci\u00f3n privada. M\u00f3nica Piera, especialista en historia del mueble, y Llu\u00eds Casals, fot\u00f3grafo, nos gu\u00edan por la<br \/>colecci\u00f3n, nos dejan disfrutar de las sutilezas de cada uno de los muebles y nos desvelan los secretos de unas piezas, en su mayor\u00eda catalanas o italianas, que se construyeron para dar soluci\u00f3n a unas necesidades en tiempos pasados y se han reencarnado en objetos de colecci\u00f3n de una familia del siglo XXI.<\/div>\n<div>\u00a0<\/div>\n<p><!--more--><\/p>\n<p style=\"text-align: left;\">El libro es un goce para la vista y su lectura amena incita a la reflexi\u00f3n. Los t\u00edtulos de los seis cap\u00edtulos y de los treinta escritos ya nos informan que el acercamiento a los muebles se aleja del concepto de ficha t\u00e9cnica, para convertirse en relatos cortos y \u00e1giles donde la aproximaci\u00f3n subjetiva es tan importante como los datos constructivos y art\u00edsticos.<\/p>\n<p style=\"text-align: left;\">Descubrimos los muebles con funciones simb\u00f3licas y aprendemos c\u00f3mo viv\u00edan la casa otras sociedades. Adem\u00e1s, la lectura nos permite entender el bienestar psicol\u00f3gico que aportan los muebles antiguos a un hogar actual, especialmente cuando se trata de obras de calidad, como las escogidas en el libro.<\/p>\n<p>Arraigados en la tierra subraya el papel esencial de los \u00e1rboles, seres vivos que procuran la materia prima con la que se construyeron estas producciones y homenajea a los carpinteros y ebanistas an\u00f3nimos que proyectaron estas proezas. En este sentido, en contra de lo que se ha escrito, el texto reivindica la capacidad para dise\u00f1ar de estos mueblistas de antes de la industrializaci\u00f3n.<\/p>\n","protected":false},"excerpt":{"rendered":"<p><span style=\"color: #7f2629;\"><strong><em> 30 muebles seleccionados de una colecci\u00f3n privada<\/em><\/strong><\/span><br \/><span style=\"color: #7f2629;\">Autora M\u00f3nica Piera.<\/span><\/p>\n<p>Mucho m\u00e1s que un libro de regalo, Arraigados a la tierra es la luz necesaria para entender como disfrutan aquellos que coleccionan muebles antiguos.<\/p>\n<p>Edici\u00f3n en CASTELLANO<\/p>\n<p><strong>PVP: 25\u20ac<br \/>Preu SOCIOS: 20\u20ac<\/strong><\/p>\n","protected":false},"featured_media":15756,"template":"","meta":{"_acf_changed":false},"product_brand":[],"product_cat":[830],"product_tag":[847,850],"class_list":{"0":"post-20141","1":"product","2":"type-product","3":"status-publish","4":"has-post-thumbnail","6":"product_cat-libros-y-otros","7":"product_tag-castellano-es","8":"product_tag-monica-piera-es","9":"product_shipping_class-envio-2","11":"first","12":"instock","13":"featured","14":"taxable","15":"shipping-taxable","16":"purchasable","17":"product-type-variable"},"acf":[],"_links":{"self":[{"href":"https:\/\/www.estudidelmoble.com\/es\/wp-json\/wp\/v2\/product\/20141","targetHints":{"allow":["GET"]}}],"collection":[{"href":"https:\/\/www.estudidelmoble.com\/es\/wp-json\/wp\/v2\/product"}],"about":[{"href":"https:\/\/www.estudidelmoble.com\/es\/wp-json\/wp\/v2\/types\/product"}],"version-history":[{"count":0,"href":"https:\/\/www.estudidelmoble.com\/es\/wp-json\/wp\/v2\/product\/20141\/revisions"}],"wp:featuredmedia":[{"embeddable":true,"href":"https:\/\/www.estudidelmoble.com\/es\/wp-json\/wp\/v2\/media\/15756"}],"wp:attachment":[{"href":"https:\/\/www.estudidelmoble.com\/es\/wp-json\/wp\/v2\/media?parent=20141"}],"wp:term":[{"taxonomy":"product_brand","embeddable":true,"href":"https:\/\/www.estudidelmoble.com\/es\/wp-json\/wp\/v2\/product_brand?post=20141"},{"taxonomy":"product_cat","embeddable":true,"href":"https:\/\/www.estudidelmoble.com\/es\/wp-json\/wp\/v2\/product_cat?post=20141"},{"taxonomy":"product_tag","embeddable":true,"href":"https:\/\/www.estudidelmoble.com\/es\/wp-json\/wp\/v2\/product_tag?post=20141"}],"curies":[{"name":"wp","href":"https:\/\/api.w.org\/{rel}","templated":true}]}}