{"id":20149,"date":"2020-07-07T15:42:45","date_gmt":"2020-07-07T13:42:45","guid":{"rendered":"https:\/\/www.estudidelmoble.com\/producte\/arrelats-a-la-terra-es\/"},"modified":"2025-05-06T09:09:11","modified_gmt":"2025-05-06T07:09:11","slug":"arrelats-a-la-terra-es","status":"publish","type":"product","link":"https:\/\/www.estudidelmoble.com\/es\/producto\/arrelats-a-la-terra-es\/","title":{"rendered":"Arrelats a la Terra"},"content":{"rendered":"<div class=\"gmail_default\">\n<p>Edici\u00f3n en CATAL\u00c1N<\/p>\n<p><strong><em>Arrelats a la terra: 30 mobles seleccionats d\u2019una col\u00b7lecci\u00f3 privada.<\/em><\/strong><br \/>\n<strong><em>Autora M\u00f3nica Piera. Fotograf\u00edes de Lu\u00eds Casals<\/em><\/strong><\/p>\n<p>Apropar la mirada als mobles antics, transmetre les emocions que produeixen quan observem i toquem aquestes \u201cescultures \u00fatils\u201d i explicar com se les enginyaven els artesans per convertir els troncs en obres art\u00edstiques s\u00f3n els principals objectius d\u2019Arrelats a la terra. 30 mobles seleccionats d\u2019una col\u00b7lecci\u00f3 privada.<\/p>\n<p>M\u00f3nica Piera, especialista en hist\u00f2ria del moble, i Llu\u00eds Casals, fot\u00f2graf, ens guien per la col\u00b7lecci\u00f3, ens deixen gaudir de les subtileses de cada un dels mobles i ens desvetllen els seus secrets. Les peces, en la seva majoria catalanes o italianes, es van constru\u00ed per donar soluci\u00f3 a unes necessitats en temps passats i s\u2019han reencarnat en objectes de col\u00b7lecci\u00f3 d\u2019una fam\u00edlia del segle XXI.<\/p>\n<p><!--more--><\/p>\n<p>El llibre \u00e9s un gaudi per a la vista i la lectura amena incita a la reflexi\u00f3. El t\u00edtols dels sis cap\u00edtols i dels trenta escrits ja ens informen que l\u2019apropament als mobles s\u2019allunya del concepte de fitxa t\u00e8cnica per convertir-se en relats curts i \u00e0gils on l\u2019aproximaci\u00f3 subjectiva \u00e9s tan important com les dades constructives i art\u00edstiques. Descobrim els mobles amb funci\u00f3 simb\u00f2lica i aprenem com vivien la casa altres societats. A m\u00e9s, la lectura ens permet entendre el benestar psicol\u00f2gic que aporten els mobles antics a una llar actual, especialment quan es tracta d\u2019obres de qualitat com les recollides en el llibre.<\/p>\n<p>Arrelats a la terra subratlla el paper essencial dels arbres, sers vius que procuren la mat\u00e8ria primera amb la que es construeixen aquestes obres d\u2019art i homenatja els fusters i ebenistes an\u00f2nims que projectaren aquestes proeses. En aquest sentit, en contra del que s\u2019ha escrit, el text reivindica la capacitat de disseny dels moblistes d\u2019abans de la industrialitzaci\u00f3.<\/p>\n<p>Molt m\u00e9s que un llibre de regal, Arrelats a la terra \u00e9s la llum necess\u00e0ria per entendre com gaudeixen aquells que col\u00b7leccionen mobles antics.<\/p>\n<\/div>\n","protected":false},"excerpt":{"rendered":"<p><span style=\"color: #7f2629;\"><strong><em>30 mobles seleccionats d\u2019una col\u00b7lecci\u00f3 privada.<br \/>\n<\/em><\/strong><\/span><span style=\"color: #7f2629;\">Autora: M\u00f3nica Piera<\/span><\/p>\n<p>Mucho m\u00e1s que un libro de regalo, Arraigados a la tierra es la luz necesaria para entender como disfrutan aquellos que coleccionan muebles antiguos.<\/p>\n<p>Edici\u00f3n en CATAL\u00c1N<\/p>\n<p><strong>PVP: 25\u20ac<br \/>\nPrecio SOCIOS: 20\u20ac<\/strong><\/p>\n","protected":false},"featured_media":13975,"template":"","meta":{"_acf_changed":false},"product_brand":[],"product_cat":[830],"product_tag":[848,850],"class_list":{"0":"post-20149","1":"product","2":"type-product","3":"status-publish","4":"has-post-thumbnail","6":"product_cat-libros-y-otros","7":"product_tag-catalan-es","8":"product_tag-monica-piera-es","9":"product_shipping_class-envio-2","11":"first","12":"instock","13":"featured","14":"taxable","15":"shipping-taxable","16":"purchasable","17":"product-type-variable"},"acf":[],"_links":{"self":[{"href":"https:\/\/www.estudidelmoble.com\/es\/wp-json\/wp\/v2\/product\/20149","targetHints":{"allow":["GET"]}}],"collection":[{"href":"https:\/\/www.estudidelmoble.com\/es\/wp-json\/wp\/v2\/product"}],"about":[{"href":"https:\/\/www.estudidelmoble.com\/es\/wp-json\/wp\/v2\/types\/product"}],"version-history":[{"count":0,"href":"https:\/\/www.estudidelmoble.com\/es\/wp-json\/wp\/v2\/product\/20149\/revisions"}],"wp:featuredmedia":[{"embeddable":true,"href":"https:\/\/www.estudidelmoble.com\/es\/wp-json\/wp\/v2\/media\/13975"}],"wp:attachment":[{"href":"https:\/\/www.estudidelmoble.com\/es\/wp-json\/wp\/v2\/media?parent=20149"}],"wp:term":[{"taxonomy":"product_brand","embeddable":true,"href":"https:\/\/www.estudidelmoble.com\/es\/wp-json\/wp\/v2\/product_brand?post=20149"},{"taxonomy":"product_cat","embeddable":true,"href":"https:\/\/www.estudidelmoble.com\/es\/wp-json\/wp\/v2\/product_cat?post=20149"},{"taxonomy":"product_tag","embeddable":true,"href":"https:\/\/www.estudidelmoble.com\/es\/wp-json\/wp\/v2\/product_tag?post=20149"}],"curies":[{"name":"wp","href":"https:\/\/api.w.org\/{rel}","templated":true}]}}