{"id":20717,"date":"2006-09-14T13:19:24","date_gmt":"2006-09-14T11:19:24","guid":{"rendered":"https:\/\/www.estudidelmoble.com\/producte\/publicacion-1\/"},"modified":"2021-11-06T15:42:11","modified_gmt":"2021-11-06T13:42:11","slug":"publicacion-1-2006","status":"publish","type":"product","link":"https:\/\/www.estudidelmoble.com\/es\/producto\/publicacion-1-2006\/","title":{"rendered":"PUBLICACI\u00d3N 1"},"content":{"rendered":"<p><span style=\"font-weight: 400\">El mobiliario de \u00e9poca<\/span><span style=\"font-weight: 400\"> medieval elaborado<\/span><span style=\"font-weight: 400\"> en el territorio que conform\u00f3 la Corona de Arag\u00f3n constituye un conjunto sumamente interesante e importante; excepcional tanto por la coherencia de las soluciones constructivas, las formas y decoraciones, como por la gran cantidad de ejemplares conservados. Los muebles de este periodo presentan caracter\u00edsticas particulares que los distinguen respecto de otros focos de producci\u00f3n, con soluciones estructurales propias y decoraciones que configuran soluciones est\u00e9ticas definitorias de una gran riqueza t\u00e9cnica, formal y material.<\/span><\/p>\n<p><span style=\"font-weight: 400\">La publicaci\u00f3n se articula en dos partes: la primera (hasta la p\u00e1gina 42) es una amplia introducci\u00f3n a la realidad social, religiosa y art\u00edstica del periodo; y la segunda se centra en el mobiliario y ofrece una visi\u00f3n del mueble entendido como concepto global, incluyendo el mobiliario de uso lit\u00fargico y de \u00e1mbito civil y tambi\u00e9n determinadas tipolog\u00edas de elementos y objetos hechos con madera, que a menudo han sido ninguneadas por los estudios.<\/span><\/p>\n","protected":false},"excerpt":{"rendered":"<p><span style=\"color: #7f2629\"><strong><b>El moble medieval a la Corona d\u2019Arag\u00f3<\/b><\/strong><\/span><\/p>\n<p>Edici\u00f3n Catal\u00e1n<\/p>\n<p><strong>PVP: 18\u20ac<br \/>Precio SOCIOS: 15\u20ac<\/strong><\/p>\n","protected":false},"featured_media":19872,"template":"","meta":{"_acf_changed":false},"product_brand":[],"product_cat":[833],"product_tag":[],"class_list":{"0":"post-20717","1":"product","2":"type-product","3":"status-publish","4":"has-post-thumbnail","6":"product_cat-publicaciones","7":"product_shipping_class-envio-2","9":"first","10":"instock","11":"taxable","12":"shipping-taxable","13":"purchasable","14":"product-type-variable"},"acf":[],"_links":{"self":[{"href":"https:\/\/www.estudidelmoble.com\/es\/wp-json\/wp\/v2\/product\/20717","targetHints":{"allow":["GET"]}}],"collection":[{"href":"https:\/\/www.estudidelmoble.com\/es\/wp-json\/wp\/v2\/product"}],"about":[{"href":"https:\/\/www.estudidelmoble.com\/es\/wp-json\/wp\/v2\/types\/product"}],"version-history":[{"count":0,"href":"https:\/\/www.estudidelmoble.com\/es\/wp-json\/wp\/v2\/product\/20717\/revisions"}],"wp:featuredmedia":[{"embeddable":true,"href":"https:\/\/www.estudidelmoble.com\/es\/wp-json\/wp\/v2\/media\/19872"}],"wp:attachment":[{"href":"https:\/\/www.estudidelmoble.com\/es\/wp-json\/wp\/v2\/media?parent=20717"}],"wp:term":[{"taxonomy":"product_brand","embeddable":true,"href":"https:\/\/www.estudidelmoble.com\/es\/wp-json\/wp\/v2\/product_brand?post=20717"},{"taxonomy":"product_cat","embeddable":true,"href":"https:\/\/www.estudidelmoble.com\/es\/wp-json\/wp\/v2\/product_cat?post=20717"},{"taxonomy":"product_tag","embeddable":true,"href":"https:\/\/www.estudidelmoble.com\/es\/wp-json\/wp\/v2\/product_tag?post=20717"}],"curies":[{"name":"wp","href":"https:\/\/api.w.org\/{rel}","templated":true}]}}