{"id":21004,"date":"2020-12-16T11:58:56","date_gmt":"2020-12-16T09:58:56","guid":{"rendered":"https:\/\/www.estudidelmoble.com\/?post_type=product&#038;p=21004"},"modified":"2022-01-20T14:24:54","modified_gmt":"2022-01-20T12:24:54","slug":"revista-n-26-my-2018","status":"publish","type":"product","link":"https:\/\/www.estudidelmoble.com\/es\/producto\/revista-n-26-my-2018\/","title":{"rendered":"Revista N\u00ba26, my. 2018"},"content":{"rendered":"<h4><em>Estudi del Moble \/ Estudio del Mueble<\/em><br \/>\nRevista de la Asociaci\u00f3n para el Estudio del Mueble. N\u00fam: 26<\/h4>\n<p><b>Temas:<br \/>\n<\/b><span style=\"font-weight: 400;\">Restauraci\u00f3 d\u2019una calaixera catalana de la segona meitat del segle XVIII<br \/>\n<\/span><span style=\"font-weight: 400;\">Las sillas del Caf\u00e9 Museum de Viena<br \/>\n<\/span><span style=\"font-weight: 400;\">Llu\u00eds Folch i Brossa: moble, art i ind\u00fastria a la d\u00e8cada del 1880<br \/>\n<\/span><span style=\"font-weight: 400;\">Entrevista amb Jordi de Nadal<\/span><\/p>\n","protected":false},"excerpt":{"rendered":"<p class=\"p1\">Edici\u00f3n biling\u00fce, alterna art\u00edculos en castellano y catal\u00e1n<\/p>\n<p><strong>PVP: 8\u20ac<\/strong><br \/>\n<strong>Precio SOCIOS: 6\u20ac<br \/>\n<\/strong><\/p>\n","protected":false},"featured_media":21010,"template":"","meta":{"_acf_changed":false},"product_brand":[],"product_cat":[834],"product_tag":[],"class_list":{"0":"post-21004","1":"product","2":"type-product","3":"status-publish","4":"has-post-thumbnail","6":"product_cat-revista-es","7":"product_shipping_class-envio-1","9":"first","10":"instock","11":"taxable","12":"shipping-taxable","13":"purchasable","14":"product-type-variable"},"acf":[],"_links":{"self":[{"href":"https:\/\/www.estudidelmoble.com\/es\/wp-json\/wp\/v2\/product\/21004","targetHints":{"allow":["GET"]}}],"collection":[{"href":"https:\/\/www.estudidelmoble.com\/es\/wp-json\/wp\/v2\/product"}],"about":[{"href":"https:\/\/www.estudidelmoble.com\/es\/wp-json\/wp\/v2\/types\/product"}],"version-history":[{"count":0,"href":"https:\/\/www.estudidelmoble.com\/es\/wp-json\/wp\/v2\/product\/21004\/revisions"}],"wp:featuredmedia":[{"embeddable":true,"href":"https:\/\/www.estudidelmoble.com\/es\/wp-json\/wp\/v2\/media\/21010"}],"wp:attachment":[{"href":"https:\/\/www.estudidelmoble.com\/es\/wp-json\/wp\/v2\/media?parent=21004"}],"wp:term":[{"taxonomy":"product_brand","embeddable":true,"href":"https:\/\/www.estudidelmoble.com\/es\/wp-json\/wp\/v2\/product_brand?post=21004"},{"taxonomy":"product_cat","embeddable":true,"href":"https:\/\/www.estudidelmoble.com\/es\/wp-json\/wp\/v2\/product_cat?post=21004"},{"taxonomy":"product_tag","embeddable":true,"href":"https:\/\/www.estudidelmoble.com\/es\/wp-json\/wp\/v2\/product_tag?post=21004"}],"curies":[{"name":"wp","href":"https:\/\/api.w.org\/{rel}","templated":true}]}}