{"id":21018,"date":"2020-12-16T12:11:08","date_gmt":"2020-12-16T10:11:08","guid":{"rendered":"https:\/\/www.estudidelmoble.com\/?post_type=product&#038;p=21018"},"modified":"2022-01-20T14:23:54","modified_gmt":"2022-01-20T12:23:54","slug":"revista-n-25-nov-2017","status":"publish","type":"product","link":"https:\/\/www.estudidelmoble.com\/es\/producto\/revista-n-25-nov-2017\/","title":{"rendered":"Revista N\u00ba25, nov. 2017"},"content":{"rendered":"<h4><em>Estudi del Moble \/ Estudio del Mueble<\/em><br \/>\nRevista de la Asociaci\u00f3n para el Estudio del Mueble. N\u00fam: 25<\/h4>\n<p><b>Temas:<br \/>\n<\/b><span style=\"font-weight: 400;\">De muebles y palabras: en el centenario de Santiago Pey<br \/>\n<\/span><span style=\"font-weight: 400;\">El mueble en la exposici\u00f3n \u201cLas mujeres tambi\u00e9n se sientan\u201d<br \/>\n<\/span><span style=\"font-weight: 400;\">Un retrete para el Real Museo de Pinturas<br \/>\n<\/span><span style=\"font-weight: 400;\">El v\u00e0ter en els seus inicis<br \/>\n<\/span><span style=\"font-weight: 400;\">Entrevista amb Joan G\u00fcell<\/span><\/p>\n","protected":false},"excerpt":{"rendered":"<p class=\"p1\">Edici\u00f3n biling\u00fce, alterna art\u00edculos en castellano y catal\u00e1n<\/p>\n<p><strong>PVP: 8\u20ac<\/strong><br \/>\n<strong>Precio SOCIOS: 6\u20ac<br \/>\n<\/strong><\/p>\n","protected":false},"featured_media":21024,"template":"","meta":{"_acf_changed":false},"product_brand":[],"product_cat":[834],"product_tag":[],"class_list":{"0":"post-21018","1":"product","2":"type-product","3":"status-publish","4":"has-post-thumbnail","6":"product_cat-revista-es","7":"product_shipping_class-envio-1","9":"first","10":"instock","11":"taxable","12":"shipping-taxable","13":"purchasable","14":"product-type-variable"},"acf":[],"_links":{"self":[{"href":"https:\/\/www.estudidelmoble.com\/es\/wp-json\/wp\/v2\/product\/21018","targetHints":{"allow":["GET"]}}],"collection":[{"href":"https:\/\/www.estudidelmoble.com\/es\/wp-json\/wp\/v2\/product"}],"about":[{"href":"https:\/\/www.estudidelmoble.com\/es\/wp-json\/wp\/v2\/types\/product"}],"version-history":[{"count":0,"href":"https:\/\/www.estudidelmoble.com\/es\/wp-json\/wp\/v2\/product\/21018\/revisions"}],"wp:featuredmedia":[{"embeddable":true,"href":"https:\/\/www.estudidelmoble.com\/es\/wp-json\/wp\/v2\/media\/21024"}],"wp:attachment":[{"href":"https:\/\/www.estudidelmoble.com\/es\/wp-json\/wp\/v2\/media?parent=21018"}],"wp:term":[{"taxonomy":"product_brand","embeddable":true,"href":"https:\/\/www.estudidelmoble.com\/es\/wp-json\/wp\/v2\/product_brand?post=21018"},{"taxonomy":"product_cat","embeddable":true,"href":"https:\/\/www.estudidelmoble.com\/es\/wp-json\/wp\/v2\/product_cat?post=21018"},{"taxonomy":"product_tag","embeddable":true,"href":"https:\/\/www.estudidelmoble.com\/es\/wp-json\/wp\/v2\/product_tag?post=21018"}],"curies":[{"name":"wp","href":"https:\/\/api.w.org\/{rel}","templated":true}]}}