{"id":21035,"date":"2020-12-16T12:28:40","date_gmt":"2020-12-16T10:28:40","guid":{"rendered":"https:\/\/www.estudidelmoble.com\/?post_type=product&#038;p=21035"},"modified":"2026-03-17T11:08:06","modified_gmt":"2026-03-17T09:08:06","slug":"revista-n-24-jun-2017","status":"publish","type":"product","link":"https:\/\/www.estudidelmoble.com\/es\/producto\/revista-n-24-jun-2017\/","title":{"rendered":"Revista N\u00ba24, jun. 2017"},"content":{"rendered":"<h4><em>Estudi del Moble \/ Estudio del Mueble<\/em><br \/>\nRevista de l&#8217;Associaci\u00f3 per a l&#8217;Estudi del Moble. N\u00fam: 24<\/h4>\n<p><b>Temes:<br \/>\n<\/b><span style=\"font-weight: 400;\">A. Riquer y C\u00eda: un projecte empresarial ef\u00edmer d\u2019arts del moble i de decoraci\u00f3 d\u2019interiors a Barcelona<br \/>\nEntrevista a Moss\u00e8n Toni Pardo recupera per segona vegada l\u2019oratori de l\u2019Arbo\u00e7 de J. Busquets<br \/>\nLos treinta a\u00f1os de La Literatura, de Vicent Mart\u00ednez<br \/>\nAndadores infantiles populares: diferentes modelos en una colecci\u00f3n privada<\/span><\/p>\n","protected":false},"excerpt":{"rendered":"<p class=\"p1\">Edici\u00f3n biling\u00fce, alterna art\u00edculos en castellano y catal\u00e1n<\/p>\n<p><strong>PVP: 8\u20ac<\/strong><br \/>\n<strong>Precio SOCIOS: 6\u20ac<br \/>\n<\/strong><\/p>\n","protected":false},"featured_media":21041,"template":"","meta":{"_acf_changed":false},"product_brand":[],"product_cat":[834],"product_tag":[],"class_list":{"0":"post-21035","1":"product","2":"type-product","3":"status-publish","4":"has-post-thumbnail","6":"product_cat-revista-es","7":"product_shipping_class-envio-1","9":"first","10":"instock","11":"taxable","12":"shipping-taxable","13":"purchasable","14":"product-type-variable"},"acf":[],"_links":{"self":[{"href":"https:\/\/www.estudidelmoble.com\/es\/wp-json\/wp\/v2\/product\/21035","targetHints":{"allow":["GET"]}}],"collection":[{"href":"https:\/\/www.estudidelmoble.com\/es\/wp-json\/wp\/v2\/product"}],"about":[{"href":"https:\/\/www.estudidelmoble.com\/es\/wp-json\/wp\/v2\/types\/product"}],"version-history":[{"count":0,"href":"https:\/\/www.estudidelmoble.com\/es\/wp-json\/wp\/v2\/product\/21035\/revisions"}],"wp:featuredmedia":[{"embeddable":true,"href":"https:\/\/www.estudidelmoble.com\/es\/wp-json\/wp\/v2\/media\/21041"}],"wp:attachment":[{"href":"https:\/\/www.estudidelmoble.com\/es\/wp-json\/wp\/v2\/media?parent=21035"}],"wp:term":[{"taxonomy":"product_brand","embeddable":true,"href":"https:\/\/www.estudidelmoble.com\/es\/wp-json\/wp\/v2\/product_brand?post=21035"},{"taxonomy":"product_cat","embeddable":true,"href":"https:\/\/www.estudidelmoble.com\/es\/wp-json\/wp\/v2\/product_cat?post=21035"},{"taxonomy":"product_tag","embeddable":true,"href":"https:\/\/www.estudidelmoble.com\/es\/wp-json\/wp\/v2\/product_tag?post=21035"}],"curies":[{"name":"wp","href":"https:\/\/api.w.org\/{rel}","templated":true}]}}