{"id":21077,"date":"2020-12-16T12:59:57","date_gmt":"2020-12-16T10:59:57","guid":{"rendered":"https:\/\/www.estudidelmoble.com\/?post_type=product&#038;p=21077"},"modified":"2022-01-20T13:55:33","modified_gmt":"2022-01-20T11:55:33","slug":"revista-n-21-oct-2015","status":"publish","type":"product","link":"https:\/\/www.estudidelmoble.com\/es\/producto\/revista-n-21-oct-2015\/","title":{"rendered":"Revista N\u00ba21, oct. 2015"},"content":{"rendered":"<h4><em>Estudi del Moble \/ Estudio del Mueble<\/em><br \/>\nRevista de la Asociaci\u00f3n para el Estudio del Mueble. N\u00fam: 21<\/h4>\n<p><b>Temas:<br \/>\n<\/b><span style=\"font-weight: 400;\">La caixa de mariner de Mabrouk del Museu de la Pesca de Palam\u00f3s i els seus vincles amb el can\u00e7oner popular<br \/>\n<\/span><span style=\"font-weight: 400;\">Living cube, 2007-2013. Jean Nouvel Design<br \/>\n<\/span><span style=\"font-weight: 400;\">Peculiaritats de la restauraci\u00f3 de laca oriental<\/span><\/p>\n","protected":false},"excerpt":{"rendered":"<p class=\"p1\">Edici\u00f3n biling\u00fce, alterna art\u00edculos en castellano y catal\u00e1n<\/p>\n<p><strong>PVP: 8\u20ac<\/strong><br \/>\n<strong>Precio SOCIOS: 6\u20ac<br \/>\n<\/strong><\/p>\n","protected":false},"featured_media":21083,"template":"","meta":{"_acf_changed":false},"product_brand":[],"product_cat":[834],"product_tag":[],"class_list":{"0":"post-21077","1":"product","2":"type-product","3":"status-publish","4":"has-post-thumbnail","6":"product_cat-revista-es","7":"product_shipping_class-envio-1","9":"first","10":"instock","11":"taxable","12":"shipping-taxable","13":"purchasable","14":"product-type-variable"},"acf":[],"_links":{"self":[{"href":"https:\/\/www.estudidelmoble.com\/es\/wp-json\/wp\/v2\/product\/21077","targetHints":{"allow":["GET"]}}],"collection":[{"href":"https:\/\/www.estudidelmoble.com\/es\/wp-json\/wp\/v2\/product"}],"about":[{"href":"https:\/\/www.estudidelmoble.com\/es\/wp-json\/wp\/v2\/types\/product"}],"version-history":[{"count":0,"href":"https:\/\/www.estudidelmoble.com\/es\/wp-json\/wp\/v2\/product\/21077\/revisions"}],"wp:featuredmedia":[{"embeddable":true,"href":"https:\/\/www.estudidelmoble.com\/es\/wp-json\/wp\/v2\/media\/21083"}],"wp:attachment":[{"href":"https:\/\/www.estudidelmoble.com\/es\/wp-json\/wp\/v2\/media?parent=21077"}],"wp:term":[{"taxonomy":"product_brand","embeddable":true,"href":"https:\/\/www.estudidelmoble.com\/es\/wp-json\/wp\/v2\/product_brand?post=21077"},{"taxonomy":"product_cat","embeddable":true,"href":"https:\/\/www.estudidelmoble.com\/es\/wp-json\/wp\/v2\/product_cat?post=21077"},{"taxonomy":"product_tag","embeddable":true,"href":"https:\/\/www.estudidelmoble.com\/es\/wp-json\/wp\/v2\/product_tag?post=21077"}],"curies":[{"name":"wp","href":"https:\/\/api.w.org\/{rel}","templated":true}]}}