{"id":21091,"date":"2020-12-16T13:07:29","date_gmt":"2020-12-16T11:07:29","guid":{"rendered":"https:\/\/www.estudidelmoble.com\/?post_type=product&#038;p=21091"},"modified":"2022-01-20T13:54:22","modified_gmt":"2022-01-20T11:54:22","slug":"revista-n-20-nov-2014","status":"publish","type":"product","link":"https:\/\/www.estudidelmoble.com\/es\/producto\/revista-n-20-nov-2014\/","title":{"rendered":"Revista N\u00ba20, nov. 2014"},"content":{"rendered":"<h4><em>Estudi del Moble \/ Estudio del Mueble<\/em><br \/>\nRevista de la Asociaci\u00f3n para el Estudio del Mueble. N\u00fam: 20<\/h4>\n<p><b>Temas:<br \/>\n<\/b><span style=\"font-weight: 400;\">El mail-coach d\u2019Eusebio Bertrand i Serra en la Barcelona dels feli\u00e7os vint<br \/>\n<\/span><span style=\"font-weight: 400;\">Escritorio Comp\u00e1s, de Pedro Miralles Claver<br \/>\n<\/span><span style=\"font-weight: 400;\">Restauraci\u00f3 d\u2019una cadira considerada \u201crom\u00e0nica\u201d de la col\u00b7lecci\u00f3 del <\/span><span style=\"font-weight: 400;\">Museu Etnol\u00f2gic de Barcelona. MEB 1989-23-02<br \/>\n<\/span><span style=\"font-weight: 400;\">Una c\u00f3moda con marqueter\u00eda y bronces firmada por Maison Millet<\/span><\/p>\n","protected":false},"excerpt":{"rendered":"<p class=\"p1\">Edici\u00f3n biling\u00fce, alterna art\u00edculos en castellano y catal\u00e1n<\/p>\n<p><strong>PVP: 8\u20ac<\/strong><br \/>\n<strong>Precio SOCIOS: 6\u20ac<br \/>\n<\/strong><\/p>\n","protected":false},"featured_media":21097,"template":"","meta":{"_acf_changed":false},"product_brand":[],"product_cat":[834],"product_tag":[],"class_list":{"0":"post-21091","1":"product","2":"type-product","3":"status-publish","4":"has-post-thumbnail","6":"product_cat-revista-es","7":"product_shipping_class-envio-1","9":"first","10":"instock","11":"taxable","12":"shipping-taxable","13":"purchasable","14":"product-type-variable"},"acf":[],"_links":{"self":[{"href":"https:\/\/www.estudidelmoble.com\/es\/wp-json\/wp\/v2\/product\/21091","targetHints":{"allow":["GET"]}}],"collection":[{"href":"https:\/\/www.estudidelmoble.com\/es\/wp-json\/wp\/v2\/product"}],"about":[{"href":"https:\/\/www.estudidelmoble.com\/es\/wp-json\/wp\/v2\/types\/product"}],"version-history":[{"count":0,"href":"https:\/\/www.estudidelmoble.com\/es\/wp-json\/wp\/v2\/product\/21091\/revisions"}],"wp:featuredmedia":[{"embeddable":true,"href":"https:\/\/www.estudidelmoble.com\/es\/wp-json\/wp\/v2\/media\/21097"}],"wp:attachment":[{"href":"https:\/\/www.estudidelmoble.com\/es\/wp-json\/wp\/v2\/media?parent=21091"}],"wp:term":[{"taxonomy":"product_brand","embeddable":true,"href":"https:\/\/www.estudidelmoble.com\/es\/wp-json\/wp\/v2\/product_brand?post=21091"},{"taxonomy":"product_cat","embeddable":true,"href":"https:\/\/www.estudidelmoble.com\/es\/wp-json\/wp\/v2\/product_cat?post=21091"},{"taxonomy":"product_tag","embeddable":true,"href":"https:\/\/www.estudidelmoble.com\/es\/wp-json\/wp\/v2\/product_tag?post=21091"}],"curies":[{"name":"wp","href":"https:\/\/api.w.org\/{rel}","templated":true}]}}