{"id":21114,"date":"2020-12-16T13:28:57","date_gmt":"2020-12-16T11:28:57","guid":{"rendered":"https:\/\/www.estudidelmoble.com\/?post_type=product&#038;p=21114"},"modified":"2022-01-20T13:53:11","modified_gmt":"2022-01-20T11:53:11","slug":"revista-n-19-my-2014","status":"publish","type":"product","link":"https:\/\/www.estudidelmoble.com\/es\/producto\/revista-n-19-my-2014\/","title":{"rendered":"Revista N\u00ba19, my. 2014"},"content":{"rendered":"<h4><em>Estudi del Moble \/ Estudio del Mueble<\/em><br \/>\nRevista de la Asociaci\u00f3n para el Estudio del Mueble. N\u00fam: 19<\/h4>\n<p><b>Temas:<br \/>\n<\/b><span style=\"font-weight: 400;\">C\u00f3mo naci\u00f3 el Xai daliniano<br \/>\n<\/span><span style=\"font-weight: 400;\">Moble singular: cadira cigne<br \/>\n<\/span><span style=\"font-weight: 400;\">Caixes catalanes del segle XVI amb retrats. La caixa del Museu Etnol\u00f2gic de Barcelona<br \/>\n<\/span><span style=\"font-weight: 400;\">Estudi de la decoraci\u00f3 subjacent de la caixa catalana policromada del segle XVI de la col\u00b7lecci\u00f3 del Museu del Disseny de Barcelona. MADB 9909<br \/>\n<\/span><span style=\"font-weight: 400;\">Una cama monta\u00f1esa en una colecci\u00f3n madrile\u00f1a<\/span><\/p>\n","protected":false},"excerpt":{"rendered":"<p class=\"p1\">Edici\u00f3n biling\u00fce, alterna art\u00edculos en castellano y catal\u00e1n<\/p>\n<p><strong>PVP: 8\u20ac<\/strong><br \/>\n<strong>Precio SOCIOS: 6\u20ac<br \/>\n<\/strong><\/p>\n","protected":false},"featured_media":21120,"template":"","meta":{"_acf_changed":false},"product_brand":[],"product_cat":[834],"product_tag":[],"class_list":{"0":"post-21114","1":"product","2":"type-product","3":"status-publish","4":"has-post-thumbnail","6":"product_cat-revista-es","7":"product_shipping_class-envio-1","9":"first","10":"instock","11":"taxable","12":"shipping-taxable","13":"purchasable","14":"product-type-variable"},"acf":[],"_links":{"self":[{"href":"https:\/\/www.estudidelmoble.com\/es\/wp-json\/wp\/v2\/product\/21114","targetHints":{"allow":["GET"]}}],"collection":[{"href":"https:\/\/www.estudidelmoble.com\/es\/wp-json\/wp\/v2\/product"}],"about":[{"href":"https:\/\/www.estudidelmoble.com\/es\/wp-json\/wp\/v2\/types\/product"}],"version-history":[{"count":0,"href":"https:\/\/www.estudidelmoble.com\/es\/wp-json\/wp\/v2\/product\/21114\/revisions"}],"wp:featuredmedia":[{"embeddable":true,"href":"https:\/\/www.estudidelmoble.com\/es\/wp-json\/wp\/v2\/media\/21120"}],"wp:attachment":[{"href":"https:\/\/www.estudidelmoble.com\/es\/wp-json\/wp\/v2\/media?parent=21114"}],"wp:term":[{"taxonomy":"product_brand","embeddable":true,"href":"https:\/\/www.estudidelmoble.com\/es\/wp-json\/wp\/v2\/product_brand?post=21114"},{"taxonomy":"product_cat","embeddable":true,"href":"https:\/\/www.estudidelmoble.com\/es\/wp-json\/wp\/v2\/product_cat?post=21114"},{"taxonomy":"product_tag","embeddable":true,"href":"https:\/\/www.estudidelmoble.com\/es\/wp-json\/wp\/v2\/product_tag?post=21114"}],"curies":[{"name":"wp","href":"https:\/\/api.w.org\/{rel}","templated":true}]}}