{"id":21131,"date":"2020-12-16T13:36:51","date_gmt":"2020-12-16T11:36:51","guid":{"rendered":"https:\/\/www.estudidelmoble.com\/?post_type=product&#038;p=21131"},"modified":"2022-01-20T13:51:59","modified_gmt":"2022-01-20T11:51:59","slug":"revista-n-18-nov-2013","status":"publish","type":"product","link":"https:\/\/www.estudidelmoble.com\/es\/producto\/revista-n-18-nov-2013\/","title":{"rendered":"Revista N\u00ba18, nov. 2013"},"content":{"rendered":"<h4><em>Estudi del Moble \/ Estudio del Mueble<\/em><br \/>\nRevista de la Asociaci\u00f3n para el Estudio del Mueble. N\u00fam: 18<\/h4>\n<p><b>Temas:<br \/>\n<\/b><span style=\"font-weight: 400;\">Concurs i ruta d\u2019aparadors \/ Concurso y ruta de escaparates: Art Total. Barcelona amb Wagner<br \/>\n<\/span><span style=\"font-weight: 400;\">Antoni Bonet Castellana, arquitectura y dise\u00f1o<br \/>\n<\/span><span style=\"font-weight: 400;\">Mueble singular: banco procedente de Palencia, siglos XVII-XVIII<br \/>\n<\/span><span style=\"font-weight: 400;\">El moble cl\u00e0ssic xin\u00e8s<br \/>\n<\/span><span style=\"font-weight: 400;\">Conservaci\u00f3 i restauraci\u00f3 d\u2019un escriptori barroc del Museu d\u2019Arts Decoratives de Barcelona<\/span><\/p>\n","protected":false},"excerpt":{"rendered":"<p class=\"p1\">Edici\u00f3n biling\u00fce, alterna art\u00edculos en castellano y catal\u00e1n<\/p>\n<p><strong>PVP: 8\u20ac<\/strong><br \/>\n<strong>Precio SOCIOS: 6\u20ac<br \/>\n<\/strong><\/p>\n","protected":false},"featured_media":21138,"template":"","meta":{"_acf_changed":false},"product_brand":[],"product_cat":[834],"product_tag":[],"class_list":{"0":"post-21131","1":"product","2":"type-product","3":"status-publish","4":"has-post-thumbnail","6":"product_cat-revista-es","7":"product_shipping_class-envio-1","9":"first","10":"instock","11":"taxable","12":"shipping-taxable","13":"purchasable","14":"product-type-variable"},"acf":[],"_links":{"self":[{"href":"https:\/\/www.estudidelmoble.com\/es\/wp-json\/wp\/v2\/product\/21131","targetHints":{"allow":["GET"]}}],"collection":[{"href":"https:\/\/www.estudidelmoble.com\/es\/wp-json\/wp\/v2\/product"}],"about":[{"href":"https:\/\/www.estudidelmoble.com\/es\/wp-json\/wp\/v2\/types\/product"}],"version-history":[{"count":0,"href":"https:\/\/www.estudidelmoble.com\/es\/wp-json\/wp\/v2\/product\/21131\/revisions"}],"wp:featuredmedia":[{"embeddable":true,"href":"https:\/\/www.estudidelmoble.com\/es\/wp-json\/wp\/v2\/media\/21138"}],"wp:attachment":[{"href":"https:\/\/www.estudidelmoble.com\/es\/wp-json\/wp\/v2\/media?parent=21131"}],"wp:term":[{"taxonomy":"product_brand","embeddable":true,"href":"https:\/\/www.estudidelmoble.com\/es\/wp-json\/wp\/v2\/product_brand?post=21131"},{"taxonomy":"product_cat","embeddable":true,"href":"https:\/\/www.estudidelmoble.com\/es\/wp-json\/wp\/v2\/product_cat?post=21131"},{"taxonomy":"product_tag","embeddable":true,"href":"https:\/\/www.estudidelmoble.com\/es\/wp-json\/wp\/v2\/product_tag?post=21131"}],"curies":[{"name":"wp","href":"https:\/\/api.w.org\/{rel}","templated":true}]}}