{"id":21147,"date":"2020-12-16T13:46:45","date_gmt":"2020-12-16T11:46:45","guid":{"rendered":"https:\/\/www.estudidelmoble.com\/?post_type=product&#038;p=21147"},"modified":"2022-01-20T13:50:56","modified_gmt":"2022-01-20T11:50:56","slug":"revista-n-17-my-2013","status":"publish","type":"product","link":"https:\/\/www.estudidelmoble.com\/es\/producto\/revista-n-17-my-2013\/","title":{"rendered":"Revista N\u00ba17, my. 2013"},"content":{"rendered":"<h4><em>Estudi del Moble \/ Estudio del Mueble<\/em><br \/>\nRevista de la Asociaci\u00f3n para el Estudio del Mueble. N\u00fam: 17<\/h4>\n<p><b>Temas:<br \/>\n<\/b><span style=\"font-weight: 400;\">La caoba: or\u00edgenes de un material singular<br \/>\n<\/span><span style=\"font-weight: 400;\">La berlina del marqu\u00e8s de la Torre<br \/>\n<\/span><span style=\"font-weight: 400;\">Mueble singular: chaiselongue Rio<br \/>\n<\/span><span style=\"font-weight: 400;\">La vida millorada: evoluci\u00f3 de les caracter\u00edstiques formals del mobiliari en els interiors dom\u00e8stics barcelonins de 1600 a 1700<br \/>\n<\/span><span style=\"font-weight: 400;\">L\u2019Armari dels Privilegis i Actes de la Ciutat, de l\u2019Arxiu Municipal de Lleida<\/span><\/p>\n","protected":false},"excerpt":{"rendered":"<p class=\"p1\">Edici\u00f3n biling\u00fce, alterna art\u00edculos en castellano y catal\u00e1n<\/p>\n<p><strong>PVP: 8\u20ac<\/strong><br \/>\n<strong>Precio SOCIOS: 6\u20ac<br \/>\n<\/strong><\/p>\n","protected":false},"featured_media":21153,"template":"","meta":{"_acf_changed":false},"product_brand":[],"product_cat":[834],"product_tag":[],"class_list":{"0":"post-21147","1":"product","2":"type-product","3":"status-publish","4":"has-post-thumbnail","6":"product_cat-revista-es","7":"product_shipping_class-envio-1","9":"first","10":"instock","11":"taxable","12":"shipping-taxable","13":"purchasable","14":"product-type-variable"},"acf":[],"_links":{"self":[{"href":"https:\/\/www.estudidelmoble.com\/es\/wp-json\/wp\/v2\/product\/21147","targetHints":{"allow":["GET"]}}],"collection":[{"href":"https:\/\/www.estudidelmoble.com\/es\/wp-json\/wp\/v2\/product"}],"about":[{"href":"https:\/\/www.estudidelmoble.com\/es\/wp-json\/wp\/v2\/types\/product"}],"version-history":[{"count":0,"href":"https:\/\/www.estudidelmoble.com\/es\/wp-json\/wp\/v2\/product\/21147\/revisions"}],"wp:featuredmedia":[{"embeddable":true,"href":"https:\/\/www.estudidelmoble.com\/es\/wp-json\/wp\/v2\/media\/21153"}],"wp:attachment":[{"href":"https:\/\/www.estudidelmoble.com\/es\/wp-json\/wp\/v2\/media?parent=21147"}],"wp:term":[{"taxonomy":"product_brand","embeddable":true,"href":"https:\/\/www.estudidelmoble.com\/es\/wp-json\/wp\/v2\/product_brand?post=21147"},{"taxonomy":"product_cat","embeddable":true,"href":"https:\/\/www.estudidelmoble.com\/es\/wp-json\/wp\/v2\/product_cat?post=21147"},{"taxonomy":"product_tag","embeddable":true,"href":"https:\/\/www.estudidelmoble.com\/es\/wp-json\/wp\/v2\/product_tag?post=21147"}],"curies":[{"name":"wp","href":"https:\/\/api.w.org\/{rel}","templated":true}]}}