{"id":21175,"date":"2020-12-16T14:10:29","date_gmt":"2020-12-16T12:10:29","guid":{"rendered":"https:\/\/www.estudidelmoble.com\/?post_type=product&#038;p=21175"},"modified":"2022-01-20T13:48:25","modified_gmt":"2022-01-20T11:48:25","slug":"revista-n-15-my-2012","status":"publish","type":"product","link":"https:\/\/www.estudidelmoble.com\/es\/producto\/revista-n-15-my-2012\/","title":{"rendered":"Revista N\u00ba15, my. 2012"},"content":{"rendered":"<h4><em>Estudi del Moble \/ Estudio del Mueble<\/em><br \/>\nRevista de la Asociaci\u00f3n para el Estudio del Mueble. N\u00fam: 15<\/h4>\n<p><b>Temas:<br \/>\n<\/b><span style=\"font-weight: 400;\">Els dormitoris Reials <\/span><span style=\"font-weight: 400;\">del Palau de Pedralbes<br \/>\n<\/span><span style=\"font-weight: 400;\">Cama de la Reina Victoria Eugenia<br \/>\n<\/span><span style=\"font-weight: 400;\">Tres mesas de \u00c1ngel Maeso<br \/>\n<\/span><span style=\"font-weight: 400;\">Il secr\u00e9taire \u00e0 dos d\u2019\u00e2ne<\/span><\/p>\n","protected":false},"excerpt":{"rendered":"<p class=\"p1\">Edici\u00f3n biling\u00fce, alterna art\u00edculos en castellano y catal\u00e1n<\/p>\n<p><strong>PVP: 6\u20ac<\/strong><br \/>\n<strong>Precio SOCIOS: 4\u20ac<br \/>\n<\/strong><\/p>\n","protected":false},"featured_media":21181,"template":"","meta":{"_acf_changed":false},"product_brand":[],"product_cat":[834],"product_tag":[],"class_list":{"0":"post-21175","1":"product","2":"type-product","3":"status-publish","4":"has-post-thumbnail","6":"product_cat-revista-es","7":"product_shipping_class-envio-1","9":"first","10":"instock","11":"taxable","12":"shipping-taxable","13":"purchasable","14":"product-type-variable"},"acf":[],"_links":{"self":[{"href":"https:\/\/www.estudidelmoble.com\/es\/wp-json\/wp\/v2\/product\/21175","targetHints":{"allow":["GET"]}}],"collection":[{"href":"https:\/\/www.estudidelmoble.com\/es\/wp-json\/wp\/v2\/product"}],"about":[{"href":"https:\/\/www.estudidelmoble.com\/es\/wp-json\/wp\/v2\/types\/product"}],"version-history":[{"count":0,"href":"https:\/\/www.estudidelmoble.com\/es\/wp-json\/wp\/v2\/product\/21175\/revisions"}],"wp:featuredmedia":[{"embeddable":true,"href":"https:\/\/www.estudidelmoble.com\/es\/wp-json\/wp\/v2\/media\/21181"}],"wp:attachment":[{"href":"https:\/\/www.estudidelmoble.com\/es\/wp-json\/wp\/v2\/media?parent=21175"}],"wp:term":[{"taxonomy":"product_brand","embeddable":true,"href":"https:\/\/www.estudidelmoble.com\/es\/wp-json\/wp\/v2\/product_brand?post=21175"},{"taxonomy":"product_cat","embeddable":true,"href":"https:\/\/www.estudidelmoble.com\/es\/wp-json\/wp\/v2\/product_cat?post=21175"},{"taxonomy":"product_tag","embeddable":true,"href":"https:\/\/www.estudidelmoble.com\/es\/wp-json\/wp\/v2\/product_tag?post=21175"}],"curies":[{"name":"wp","href":"https:\/\/api.w.org\/{rel}","templated":true}]}}