{"id":21348,"date":"2020-12-16T18:18:46","date_gmt":"2020-12-16T16:18:46","guid":{"rendered":"https:\/\/www.estudidelmoble.com\/?post_type=product&#038;p=21348"},"modified":"2022-01-20T13:14:11","modified_gmt":"2022-01-20T11:14:11","slug":"revista-n-8-castellano-nov-2008","status":"publish","type":"product","link":"https:\/\/www.estudidelmoble.com\/es\/producto\/revista-n-8-castellano-nov-2008\/","title":{"rendered":"Revista N\u00ba8 castellano, nov. 2008"},"content":{"rendered":"<h4><em>Estudi del Moble \/ Estudio del Mueble<\/em><br \/>\nRevista de la Asociaci\u00f3n para el Estudio del Mueble. N\u00fam: 8<\/h4>\n<p><b>Temas:<br \/>\n<\/b><span style=\"font-weight: 400;\">La arqueta de Projecta en el tesoro de Esquilino<br \/>\n<\/span><span style=\"font-weight: 400;\">Evoluci\u00f3n del mueble en la \u00e9poca isabelina<br \/>\n<\/span><span style=\"font-weight: 400;\">Monlla\u00f3, m\u00e1s all\u00e1 de la restauraci\u00f3n<br \/>\n<\/span><span style=\"font-weight: 400;\">Restauraci\u00f3n de un escritorio lacado<\/span><\/p>\n","protected":false},"excerpt":{"rendered":"<p class=\"p1\">Edici\u00f3n en castellano<\/p>\n<p><strong>PVP: 6\u20ac<\/strong><br \/>\n<strong>Precio SOCIOS: 4\u20ac<br \/>\n<\/strong><\/p>\n","protected":false},"featured_media":21689,"template":"","meta":{"_acf_changed":false},"product_brand":[],"product_cat":[834],"product_tag":[],"class_list":{"0":"post-21348","1":"product","2":"type-product","3":"status-publish","4":"has-post-thumbnail","6":"product_cat-revista-es","7":"product_shipping_class-envio-1","9":"first","10":"instock","11":"taxable","12":"shipping-taxable","13":"purchasable","14":"product-type-variable"},"acf":[],"_links":{"self":[{"href":"https:\/\/www.estudidelmoble.com\/es\/wp-json\/wp\/v2\/product\/21348","targetHints":{"allow":["GET"]}}],"collection":[{"href":"https:\/\/www.estudidelmoble.com\/es\/wp-json\/wp\/v2\/product"}],"about":[{"href":"https:\/\/www.estudidelmoble.com\/es\/wp-json\/wp\/v2\/types\/product"}],"version-history":[{"count":0,"href":"https:\/\/www.estudidelmoble.com\/es\/wp-json\/wp\/v2\/product\/21348\/revisions"}],"wp:featuredmedia":[{"embeddable":true,"href":"https:\/\/www.estudidelmoble.com\/es\/wp-json\/wp\/v2\/media\/21689"}],"wp:attachment":[{"href":"https:\/\/www.estudidelmoble.com\/es\/wp-json\/wp\/v2\/media?parent=21348"}],"wp:term":[{"taxonomy":"product_brand","embeddable":true,"href":"https:\/\/www.estudidelmoble.com\/es\/wp-json\/wp\/v2\/product_brand?post=21348"},{"taxonomy":"product_cat","embeddable":true,"href":"https:\/\/www.estudidelmoble.com\/es\/wp-json\/wp\/v2\/product_cat?post=21348"},{"taxonomy":"product_tag","embeddable":true,"href":"https:\/\/www.estudidelmoble.com\/es\/wp-json\/wp\/v2\/product_tag?post=21348"}],"curies":[{"name":"wp","href":"https:\/\/api.w.org\/{rel}","templated":true}]}}