{"id":21358,"date":"2020-12-16T18:24:03","date_gmt":"2020-12-16T16:24:03","guid":{"rendered":"https:\/\/www.estudidelmoble.com\/?post_type=product&#038;p=21358"},"modified":"2022-01-20T13:12:46","modified_gmt":"2022-01-20T11:12:46","slug":"revista-n-7-catalan-my-2008","status":"publish","type":"product","link":"https:\/\/www.estudidelmoble.com\/es\/producto\/revista-n-7-catalan-my-2008\/","title":{"rendered":"Revista N\u00ba7 catal\u00e1n, my. 2008"},"content":{"rendered":"<h4><em>Estudi del Moble \/ Estudio del Mueble<\/em><br \/>\nRevista de la Asociaci\u00f3n para el Estudio del Mueble. N\u00fam: 7<\/h4>\n<p><b>Temas:<br \/>\n<\/b><span style=\"font-weight: 400;\">La t\u00e8cnica del torn en \u00e8poca g\u00f2tica<br \/>\n<\/span><span style=\"font-weight: 400;\">L\u2019Art D\u00e9co i la Companyia d\u2019Arts Franceses<br \/>\n<\/span><span style=\"font-weight: 400;\">El col\u00b7leccionisme a Catalunya avui<br \/>\n<\/span><span style=\"font-weight: 400;\">El \u2018correu\u2019 del Museu de Darmstadt<\/span><\/p>\n","protected":false},"excerpt":{"rendered":"<p class=\"p1\">Edici\u00f3n en catal\u00e1n<\/p>\n<p><strong>PVP: 6\u20ac<\/strong><br \/>\n<strong>Precio SOCIOS: 4\u20ac<br \/>\n<\/strong><\/p>\n","protected":false},"featured_media":21364,"template":"","meta":{"_acf_changed":false},"product_brand":[],"product_cat":[834],"product_tag":[],"class_list":{"0":"post-21358","1":"product","2":"type-product","3":"status-publish","4":"has-post-thumbnail","6":"product_cat-revista-es","7":"product_shipping_class-envio-1","9":"first","10":"instock","11":"taxable","12":"shipping-taxable","13":"purchasable","14":"product-type-variable"},"acf":[],"_links":{"self":[{"href":"https:\/\/www.estudidelmoble.com\/es\/wp-json\/wp\/v2\/product\/21358","targetHints":{"allow":["GET"]}}],"collection":[{"href":"https:\/\/www.estudidelmoble.com\/es\/wp-json\/wp\/v2\/product"}],"about":[{"href":"https:\/\/www.estudidelmoble.com\/es\/wp-json\/wp\/v2\/types\/product"}],"version-history":[{"count":0,"href":"https:\/\/www.estudidelmoble.com\/es\/wp-json\/wp\/v2\/product\/21358\/revisions"}],"wp:featuredmedia":[{"embeddable":true,"href":"https:\/\/www.estudidelmoble.com\/es\/wp-json\/wp\/v2\/media\/21364"}],"wp:attachment":[{"href":"https:\/\/www.estudidelmoble.com\/es\/wp-json\/wp\/v2\/media?parent=21358"}],"wp:term":[{"taxonomy":"product_brand","embeddable":true,"href":"https:\/\/www.estudidelmoble.com\/es\/wp-json\/wp\/v2\/product_brand?post=21358"},{"taxonomy":"product_cat","embeddable":true,"href":"https:\/\/www.estudidelmoble.com\/es\/wp-json\/wp\/v2\/product_cat?post=21358"},{"taxonomy":"product_tag","embeddable":true,"href":"https:\/\/www.estudidelmoble.com\/es\/wp-json\/wp\/v2\/product_tag?post=21358"}],"curies":[{"name":"wp","href":"https:\/\/api.w.org\/{rel}","templated":true}]}}