{"id":21389,"date":"2020-12-16T18:45:01","date_gmt":"2020-12-16T16:45:01","guid":{"rendered":"https:\/\/www.estudidelmoble.com\/?post_type=product&#038;p=21389"},"modified":"2022-01-20T13:07:49","modified_gmt":"2022-01-20T11:07:49","slug":"revista-n-6-castellano-nov-2007","status":"publish","type":"product","link":"https:\/\/www.estudidelmoble.com\/es\/producto\/revista-n-6-castellano-nov-2007\/","title":{"rendered":"Revista N\u00ba6 castellano, nov. 2007"},"content":{"rendered":"<h4><em>Estudi del Moble \/ Estudio del Mueble<\/em><br \/>\nRevista de la Asociaci\u00f3n para el Estudio del Mueble. N\u00fam: 6<\/h4>\n<p><b>Temas:<br \/>\n<\/b><span style=\"font-weight: 400;\">Una visita a la tienda de muebles Kohn en Par\u00eds<br \/>\n<\/span><span style=\"font-weight: 400;\">Pere Cosp Villar\u00f3: decoraci\u00f3n y dise\u00f1o<br \/>\n<\/span><span style=\"font-weight: 400;\">\u201cExportaccions\u201d miradas actuales al siglo XVIII<br \/>\n<\/span><span style=\"font-weight: 400;\">La catalogaci\u00f3n de la colecci\u00f3n del mobiliario del MNAD<br \/>\n<\/span><span style=\"font-weight: 400;\">Los lechos de la dormici\u00f3n de la Virgen Mar\u00eda en Mallorca<\/span><\/p>\n","protected":false},"excerpt":{"rendered":"<p class=\"p1\">Edici\u00f3n en castellano<\/p>\n<p><strong>PVP: 6\u20ac<\/strong><br \/>\n<strong>Precio SOCIOS: 4\u20ac<br \/>\n<\/strong><\/p>\n","protected":false},"featured_media":21681,"template":"","meta":{"_acf_changed":false},"product_brand":[],"product_cat":[834],"product_tag":[],"class_list":{"0":"post-21389","1":"product","2":"type-product","3":"status-publish","4":"has-post-thumbnail","6":"product_cat-revista-es","7":"product_shipping_class-envio-1","9":"first","10":"instock","11":"taxable","12":"shipping-taxable","13":"purchasable","14":"product-type-variable"},"acf":[],"_links":{"self":[{"href":"https:\/\/www.estudidelmoble.com\/es\/wp-json\/wp\/v2\/product\/21389","targetHints":{"allow":["GET"]}}],"collection":[{"href":"https:\/\/www.estudidelmoble.com\/es\/wp-json\/wp\/v2\/product"}],"about":[{"href":"https:\/\/www.estudidelmoble.com\/es\/wp-json\/wp\/v2\/types\/product"}],"version-history":[{"count":0,"href":"https:\/\/www.estudidelmoble.com\/es\/wp-json\/wp\/v2\/product\/21389\/revisions"}],"wp:featuredmedia":[{"embeddable":true,"href":"https:\/\/www.estudidelmoble.com\/es\/wp-json\/wp\/v2\/media\/21681"}],"wp:attachment":[{"href":"https:\/\/www.estudidelmoble.com\/es\/wp-json\/wp\/v2\/media?parent=21389"}],"wp:term":[{"taxonomy":"product_brand","embeddable":true,"href":"https:\/\/www.estudidelmoble.com\/es\/wp-json\/wp\/v2\/product_brand?post=21389"},{"taxonomy":"product_cat","embeddable":true,"href":"https:\/\/www.estudidelmoble.com\/es\/wp-json\/wp\/v2\/product_cat?post=21389"},{"taxonomy":"product_tag","embeddable":true,"href":"https:\/\/www.estudidelmoble.com\/es\/wp-json\/wp\/v2\/product_tag?post=21389"}],"curies":[{"name":"wp","href":"https:\/\/api.w.org\/{rel}","templated":true}]}}