{"id":21449,"date":"2020-12-16T19:31:32","date_gmt":"2020-12-16T17:31:32","guid":{"rendered":"https:\/\/www.estudidelmoble.com\/?post_type=product&#038;p=21449"},"modified":"2022-01-20T13:01:09","modified_gmt":"2022-01-20T11:01:09","slug":"revista-n-4-castellano-des-2006","status":"publish","type":"product","link":"https:\/\/www.estudidelmoble.com\/es\/producto\/revista-n-4-castellano-des-2006\/","title":{"rendered":"Revista N\u00ba4 castellano, des. 2006"},"content":{"rendered":"<h4><em>Estudi del Moble \/ Estudio del Mueble<\/em><br \/>\nRevista de la Asociaci\u00f3n para el Estudio del Mueble. N\u00fam: 4<\/h4>\n<p><b>Temas:<br \/>\n<\/b><span style=\"font-weight: 400;\">El mueble del Empord\u00e0 en el siglo XVIII<br \/>\n<\/span><span style=\"font-weight: 400;\">El armario de Cornell\u00e0 de Conflent<br \/>\n<\/span><span style=\"font-weight: 400;\">Dise\u00f1o: qu\u00e9 hay detr\u00e1s de un mueble<\/span><\/p>\n","protected":false},"excerpt":{"rendered":"<p><span style=\"color: #007196;\"><strong>\u00a1AGOTADO!<\/strong><\/span><\/p>\n<p class=\"p1\">Edici\u00f3n en castellano<\/p>\n<p><strong>PVP: 6\u20ac<\/strong><br \/>\n<strong>Precio SOCIOS: 4\u20ac<br \/>\n<\/strong><\/p>\n","protected":false},"featured_media":21441,"template":"","meta":{"_acf_changed":false},"product_brand":[],"product_cat":[834],"product_tag":[],"class_list":{"0":"post-21449","1":"product","2":"type-product","3":"status-publish","4":"has-post-thumbnail","6":"product_cat-revista-es","7":"product_shipping_class-envio-1","9":"first","10":"outofstock","11":"taxable","12":"shipping-taxable","13":"purchasable","14":"product-type-variable"},"acf":[],"_links":{"self":[{"href":"https:\/\/www.estudidelmoble.com\/es\/wp-json\/wp\/v2\/product\/21449","targetHints":{"allow":["GET"]}}],"collection":[{"href":"https:\/\/www.estudidelmoble.com\/es\/wp-json\/wp\/v2\/product"}],"about":[{"href":"https:\/\/www.estudidelmoble.com\/es\/wp-json\/wp\/v2\/types\/product"}],"version-history":[{"count":0,"href":"https:\/\/www.estudidelmoble.com\/es\/wp-json\/wp\/v2\/product\/21449\/revisions"}],"wp:featuredmedia":[{"embeddable":true,"href":"https:\/\/www.estudidelmoble.com\/es\/wp-json\/wp\/v2\/media\/21441"}],"wp:attachment":[{"href":"https:\/\/www.estudidelmoble.com\/es\/wp-json\/wp\/v2\/media?parent=21449"}],"wp:term":[{"taxonomy":"product_brand","embeddable":true,"href":"https:\/\/www.estudidelmoble.com\/es\/wp-json\/wp\/v2\/product_brand?post=21449"},{"taxonomy":"product_cat","embeddable":true,"href":"https:\/\/www.estudidelmoble.com\/es\/wp-json\/wp\/v2\/product_cat?post=21449"},{"taxonomy":"product_tag","embeddable":true,"href":"https:\/\/www.estudidelmoble.com\/es\/wp-json\/wp\/v2\/product_tag?post=21449"}],"curies":[{"name":"wp","href":"https:\/\/api.w.org\/{rel}","templated":true}]}}