{"id":23147,"date":"2020-07-15T11:14:05","date_gmt":"2020-07-15T09:14:05","guid":{"rendered":"https:\/\/www.estudidelmoble.com\/producte\/minixiloteca\/"},"modified":"2026-03-06T13:10:17","modified_gmt":"2026-03-06T11:10:17","slug":"minixiloteca","status":"publish","type":"product","link":"https:\/\/www.estudidelmoble.com\/es\/producto\/minixiloteca\/","title":{"rendered":"MINIXILOTECA"},"content":{"rendered":"<p>La minixiloteca se compone de 37 peque\u00f1as muestras de las maderas m\u00e1s utilizadas en nuestro entorno, desde el cerezo hasta la caoba. Su tama\u00f1o es ideal para llevar en la bolsa del material de trabajo, incluso en el bolsillo.<\/p>\n<p>La minixiloteca es de gran ayuda cuando estudias muebles de una colecci\u00f3n, cuando presentas un dise\u00f1o a un cliente o cuando has de hacer un presupuesto de conservaci\u00f3n \u2013 restauraci\u00f3n.<\/p>\n<p>Es un regalo ideal para arquitectos, restauradores, dise\u00f1adores, decoradores, historiadores del patrimonio, ebanistas y para todos los amantes de la naturaleza y el bosque.<\/p>\n","protected":false},"excerpt":{"rendered":"<p>37 peque\u00f1as muestras de las maderas m\u00e1s utilizadas, desde el cerezo hasta la caoba. Ahora, en tu bolsillo.<\/p>\n<p><strong>PVP: 55 \u20ac<\/strong><br \/>\n<strong>Preu SOCIO: 45 \u20ac<\/strong><\/p>\n","protected":false},"featured_media":68901,"template":"","meta":{"_acf_changed":false},"product_brand":[],"product_cat":[832],"product_tag":[],"class_list":{"0":"post-23147","1":"product","2":"type-product","3":"status-publish","4":"has-post-thumbnail","6":"product_cat-minixiloteca-es","7":"product_shipping_class-envio-2","9":"first","10":"instock","11":"taxable","12":"shipping-taxable","13":"purchasable","14":"product-type-variable"},"acf":[],"_links":{"self":[{"href":"https:\/\/www.estudidelmoble.com\/es\/wp-json\/wp\/v2\/product\/23147","targetHints":{"allow":["GET"]}}],"collection":[{"href":"https:\/\/www.estudidelmoble.com\/es\/wp-json\/wp\/v2\/product"}],"about":[{"href":"https:\/\/www.estudidelmoble.com\/es\/wp-json\/wp\/v2\/types\/product"}],"version-history":[{"count":0,"href":"https:\/\/www.estudidelmoble.com\/es\/wp-json\/wp\/v2\/product\/23147\/revisions"}],"wp:featuredmedia":[{"embeddable":true,"href":"https:\/\/www.estudidelmoble.com\/es\/wp-json\/wp\/v2\/media\/68901"}],"wp:attachment":[{"href":"https:\/\/www.estudidelmoble.com\/es\/wp-json\/wp\/v2\/media?parent=23147"}],"wp:term":[{"taxonomy":"product_brand","embeddable":true,"href":"https:\/\/www.estudidelmoble.com\/es\/wp-json\/wp\/v2\/product_brand?post=23147"},{"taxonomy":"product_cat","embeddable":true,"href":"https:\/\/www.estudidelmoble.com\/es\/wp-json\/wp\/v2\/product_cat?post=23147"},{"taxonomy":"product_tag","embeddable":true,"href":"https:\/\/www.estudidelmoble.com\/es\/wp-json\/wp\/v2\/product_tag?post=23147"}],"curies":[{"name":"wp","href":"https:\/\/api.w.org\/{rel}","templated":true}]}}