{"id":23454,"date":"2021-02-09T20:30:53","date_gmt":"2021-02-09T18:30:53","guid":{"rendered":"https:\/\/www.estudidelmoble.com\/producte\/curso-historia-del-mueble-europeo-hasta-1900\/"},"modified":"2021-03-05T12:00:24","modified_gmt":"2021-03-05T10:00:24","slug":"inscripcion-hablamos-de-con-visitas","status":"publish","type":"product","link":"https:\/\/www.estudidelmoble.com\/es\/producto\/inscripcion-hablamos-de-con-visitas\/","title":{"rendered":"Inscripci\u00f3n \u00abHablamos de\u00bb con visitas"},"content":{"rendered":"<p><strong>D\u00edas\u00a0 12, 13 y 19 de marzo.<br \/>\nConferencias de 10.00 a 18.00 horas.<br \/>\nHorario visitas entre las 10.00 y las 14.00 horas.<\/strong><\/p>\n<p>Los hermanos Sebasti\u00e0 y Oleguer Junyent fueron dos de los personajes m\u00e1s interesantes del mundo del arte en la Barcelona de entre los XIX y XX. En nuestra jornada anual Hablamos de queremos acercarnos a estas dos personalidades brillantes, de caracteres muy diferentes, y que desde \u00e1ngulos diversos abarcaron el amplio abanico art\u00edstico de la \u00e9poca. De la mano de distintos especialistas exploraremos todas las facetas y conoceremos algunas de sus creaciones m\u00e1s singulares.<\/p>\n<p>Al mismo tiempo, tendremos la oportunidad de visitar algunos de los espacios m\u00e1s m\u00e1gicos de la ciudad, donde Oleguer Junyent dej\u00f3 su huella: viajaremos en el tiempo visitando su taller de la calle Bonavista, disfrutaremos de los magn\u00edficos vitrales wagnerianos, recientemente restaurados, y de \u201cla pecera\u201d del C\u00edrculo del Liceo, y visitaremos la Casa Bur\u00e9s, uno de los interiores m\u00e1s espectaculares del modernismo. Tambi\u00e9n descubriremos las escenograf\u00edas que dise\u00f1\u00f3 gracias a la colecci\u00f3n de teatrines que se conservan en el Museo de las Artes Esc\u00e9nicas: todo un mundo en miniatura.<\/p>\n<p>Para saber m\u00e1s sobre el PROGRAMA de <strong>Hablamos De\u2026 Los Junyent. Artistas, decoradores y coleccionistas<\/strong>, haz clic <a href=\"https:\/\/www.estudidelmoble.com\/es\/hablamos-de-los-junyent-artistas-decoradores-y-coleccionistas\/\" target=\"_blank\" rel=\"noopener noreferrer\"><strong><span style=\"color: #7f2629;\">AQU\u00cd<\/span><\/strong><\/a><\/p>\n","protected":false},"excerpt":{"rendered":"<p><span style=\"color: #7f2629;\"><strong>Conferencias online y visitas presenciales.<br \/>\nD\u00edas 12, 13 i 19 de marzo.<\/strong><\/span><\/p>\n<p><span style=\"color: #7f2629;\"><em><span style=\"color: #333333;\">Este producto <strong>est\u00e1 agotado<\/strong>. Puedes inscribirte a la actividad en la o<strong>pci\u00f3n s\u00f3lo online<\/strong>. Si lo deseas, puedes enviar un<a href=\"mailto: info@estudidelmoble.com\"> email a la Asociaci\u00f3n<\/a> para inscribirte en la <strong>lista de espera,<\/strong> indicando tu nombre y un tel\u00e9fono de contacto.\u00a0 Te avisaremos en caso de que se libere alguna plaza.\u00a0<\/span><\/em><strong><br \/>\n<span style=\"color: #333333;\"><br \/>\n<\/span><\/strong><\/span><i>Idioma: catal\u00e1n y castellano<\/i><span style=\"color: #7f2629;\"><strong><span style=\"color: #333333;\"><br \/>\n<\/span><\/strong><\/span><\/p>\n<p><strong>PVP:\u00a0 80\u20ac<\/strong><br \/>\n<strong>Socios:\u00a0 45\u20ac<br \/>\n*Precio AMIGO:<b> 60\u20ac\u00a0 <\/b><\/strong>(socios de FAD, usuarios del carnet del CDOC, GRACMON, CRAC y AMC)<br \/>\n<strong>*Precio Especial<\/strong>:\u00a0<strong>50\u20ac <\/strong>(estudiantes y desempleados)<strong><br \/>\n<\/strong>Becas: Consultar en info@estudidelmoble.com<strong><br \/>\n<\/strong><\/p>\n<p><strong><span style=\"color: #8e2920;\"><b>Incluye el <\/b><\/span><b><span style=\"color: #8e2920;\">DOSSIER AEM II, revista digital con los art\u00edculos de la jornada. Disponible con posterioridad al curso.<\/span><\/b><\/strong><\/p>\n<p><span style=\"color: #007196;\"><em><b>*<\/b> Consultar m\u00e1s abajo <b>C\u00d3DIGOS de DESCUENTO<\/b><b><br \/>\n<\/b><i>Descuentos no acumulables<\/i><\/em><\/span><\/p>\n","protected":false},"featured_media":23521,"template":"","meta":{"_acf_changed":false},"product_brand":[],"product_cat":[946],"product_tag":[],"class_list":{"0":"post-23454","1":"product","2":"type-product","3":"status-publish","4":"has-post-thumbnail","6":"product_cat-cursos-es","8":"first","9":"outofstock","10":"purchasable","11":"product-type-variable"},"acf":[],"_links":{"self":[{"href":"https:\/\/www.estudidelmoble.com\/es\/wp-json\/wp\/v2\/product\/23454","targetHints":{"allow":["GET"]}}],"collection":[{"href":"https:\/\/www.estudidelmoble.com\/es\/wp-json\/wp\/v2\/product"}],"about":[{"href":"https:\/\/www.estudidelmoble.com\/es\/wp-json\/wp\/v2\/types\/product"}],"version-history":[{"count":0,"href":"https:\/\/www.estudidelmoble.com\/es\/wp-json\/wp\/v2\/product\/23454\/revisions"}],"wp:featuredmedia":[{"embeddable":true,"href":"https:\/\/www.estudidelmoble.com\/es\/wp-json\/wp\/v2\/media\/23521"}],"wp:attachment":[{"href":"https:\/\/www.estudidelmoble.com\/es\/wp-json\/wp\/v2\/media?parent=23454"}],"wp:term":[{"taxonomy":"product_brand","embeddable":true,"href":"https:\/\/www.estudidelmoble.com\/es\/wp-json\/wp\/v2\/product_brand?post=23454"},{"taxonomy":"product_cat","embeddable":true,"href":"https:\/\/www.estudidelmoble.com\/es\/wp-json\/wp\/v2\/product_cat?post=23454"},{"taxonomy":"product_tag","embeddable":true,"href":"https:\/\/www.estudidelmoble.com\/es\/wp-json\/wp\/v2\/product_tag?post=23454"}],"curies":[{"name":"wp","href":"https:\/\/api.w.org\/{rel}","templated":true}]}}