{"id":24150,"date":"2021-02-09T20:30:53","date_gmt":"2021-02-09T18:30:53","guid":{"rendered":"https:\/\/www.estudidelmoble.com\/producte\/curso-historia-del-mueble-europeo-hasta-1900\/"},"modified":"2021-03-07T10:15:26","modified_gmt":"2021-03-07T08:15:26","slug":"inscripcio-hablamos-de-sin-visitas","status":"publish","type":"product","link":"https:\/\/www.estudidelmoble.com\/es\/producto\/inscripcio-hablamos-de-sin-visitas\/","title":{"rendered":"Inscripci\u00f3n \u00abHablamos de\u00bb sin visitas"},"content":{"rendered":"<p><strong>12 de marzo<br \/>\nConferencias de 10.00 a 18.00 horas.<\/strong><\/p>\n<p>Los hermanos Sebasti\u00e0 y Oleguer Junyent fueron dos de los personajes m\u00e1s interesantes del mundo del arte en la Barcelona de entre los XIX y XX. En nuestra jornada anual Hablamos de queremos acercarnos a estas dos personalidades brillantes, de caracteres muy diferentes, y que desde \u00e1ngulos diversos abarcaron el amplio abanico art\u00edstico de la \u00e9poca. De la mano de distintos especialistas exploraremos todas las facetas y conoceremos algunas de sus creaciones m\u00e1s singulares.<\/p>\n<p>Al mismo tiempo, tendremos la oportunidad de visitar algunos de los espacios m\u00e1s m\u00e1gicos de la ciudad, donde Oleguer Junyent dej\u00f3 su huella: viajaremos en el tiempo visitando su taller de la calle Bonavista, disfrutaremos de los magn\u00edficos vitrales wagnerianos, recientemente restaurados, y de \u201cla pecera\u201d del C\u00edrculo del Liceo, y visitaremos la Casa Bur\u00e9s, uno de los interiores m\u00e1s espectaculares del modernismo. Tambi\u00e9n descubriremos las escenograf\u00edas que dise\u00f1\u00f3 gracias a la colecci\u00f3n de teatrines que se conservan en el Museo de las<br \/>\nArtes Esc\u00e9nicas: todo un mundo en miniatura.<\/p>\n<p>Para tener m\u00e1s informaci\u00f3n sobre el\u00a0 PROGRAMA de <strong>Hablamos De\u2026 Los Junyent. Artistas, decoradores y coleccionistas<\/strong>, haz clic <a href=\"https:\/\/www.estudidelmoble.com\/es\/hablamos-de-los-junyent-artistas-decoradores-y-coleccionistas\/\" target=\"_blank\" rel=\"noopener noreferrer\"><strong><span style=\"color: #7f2629;\">AQU\u00cd<\/span><\/strong><\/a><\/p>\n","protected":false},"excerpt":{"rendered":"<p><span style=\"color: #7f2629;\"><strong>Conferencias online<br \/>\n12 de marzo.<br \/>\n<span style=\"color: #333333;\"><br \/>\n<\/span><\/strong><\/span><i>Idioma: catal\u00e1n y castellano<\/i><span style=\"color: #7f2629;\"><strong><span style=\"color: #333333;\"><br \/>\n<\/span><\/strong><\/span><\/p>\n<p><strong><b>PVP:\u00a0 40 \u20ac\u00a0<\/b><b><br \/>\n<\/b><b>Socios:\u00a0 25 \u20ac<\/b><b>*<br \/>\n<\/b><b>* Precio AMIGO : 30\u20ac<\/b><\/strong>(socios de FAD, usuarios del carnet del CDOC, GRACMON, CRAC y AMC)\u00a0<strong><b><br \/>\n<\/b><b>*Precio ESPECIAL<\/b>:\u00a0<b>27 \u20ac<\/b><\/strong> (estudiantes y desempleados)\u00a0<strong><b><br \/>\n<\/b><\/strong>Becas: consultar a info@estudidelmoble.com<\/p>\n<p><strong><span style=\"color: #8e2920;\"><b>Incluye el <\/b><\/span><b><span style=\"color: #8e2920;\">DOSSIER AEM II, revista digital con los art\u00edculos de la jornada. Disponible con posterioridad al curso<\/span><\/b><\/strong><\/p>\n<p><span style=\"color: #007196;\"><em><b>*<\/b> Consultar m\u00e1s abajo\u00a0 <b>C\u00d3DIGOS de DESCUENTO<\/b><b><br \/>\n<\/b><i>Descuentos no acumulables<\/i><\/em><\/span><\/p>\n","protected":false},"featured_media":24194,"template":"","meta":{"_acf_changed":false},"product_brand":[],"product_cat":[946],"product_tag":[],"class_list":{"0":"post-24150","1":"product","2":"type-product","3":"status-publish","4":"has-post-thumbnail","6":"product_cat-cursos-es","8":"first","9":"instock","10":"purchasable","11":"product-type-variable"},"acf":[],"_links":{"self":[{"href":"https:\/\/www.estudidelmoble.com\/es\/wp-json\/wp\/v2\/product\/24150","targetHints":{"allow":["GET"]}}],"collection":[{"href":"https:\/\/www.estudidelmoble.com\/es\/wp-json\/wp\/v2\/product"}],"about":[{"href":"https:\/\/www.estudidelmoble.com\/es\/wp-json\/wp\/v2\/types\/product"}],"version-history":[{"count":0,"href":"https:\/\/www.estudidelmoble.com\/es\/wp-json\/wp\/v2\/product\/24150\/revisions"}],"wp:featuredmedia":[{"embeddable":true,"href":"https:\/\/www.estudidelmoble.com\/es\/wp-json\/wp\/v2\/media\/24194"}],"wp:attachment":[{"href":"https:\/\/www.estudidelmoble.com\/es\/wp-json\/wp\/v2\/media?parent=24150"}],"wp:term":[{"taxonomy":"product_brand","embeddable":true,"href":"https:\/\/www.estudidelmoble.com\/es\/wp-json\/wp\/v2\/product_brand?post=24150"},{"taxonomy":"product_cat","embeddable":true,"href":"https:\/\/www.estudidelmoble.com\/es\/wp-json\/wp\/v2\/product_cat?post=24150"},{"taxonomy":"product_tag","embeddable":true,"href":"https:\/\/www.estudidelmoble.com\/es\/wp-json\/wp\/v2\/product_tag?post=24150"}],"curies":[{"name":"wp","href":"https:\/\/api.w.org\/{rel}","templated":true}]}}