{"id":29637,"date":"2021-06-09T12:40:16","date_gmt":"2021-06-09T10:40:16","guid":{"rendered":"https:\/\/www.estudidelmoble.com\/producte\/inscripcion-el-mueble-tambien-cuestion-de-mujeres\/"},"modified":"2021-06-17T14:33:24","modified_gmt":"2021-06-17T12:33:24","slug":"inscripcion-el-mueble-tambien-cuestion-de-mujeres","status":"publish","type":"product","link":"https:\/\/www.estudidelmoble.com\/es\/producto\/inscripcion-el-mueble-tambien-cuestion-de-mujeres\/","title":{"rendered":"Inscripci\u00f3n El mueble, tambi\u00e9n cuesti\u00f3n de mujeres"},"content":{"rendered":"<p><strong>D\u00edas 30 de junio, 1 y 2 de julio<br \/>\nDe 10.00 a 17.00 horas<br \/>\nVisita d\u00eda 2 de julio de 10.00 a 12.00 horas<\/strong><\/p>\n<p>En estas jornadas queremos reivindicar las mujeres artistas e industriales protagonistas en la construcci\u00f3n y ornamentaci\u00f3n de mobiliario, y la decoraci\u00f3n de interiores, viudas que dirigen los talleres y coleccionistas.<br \/>\nAsimismo, conoceremos aquellos espacios del \u00e1mbito privado,<br \/>\nprincipalmente de las casas, con decoraciones y mobiliario pensado por y para las mujeres. Expondremos casos hasta 1950.<\/p>\n<p>Para leer m\u00e1s informaci\u00f3n sobre el\u00a0 PROGRAMA de <strong>El mueble, tambi\u00e9n cuesti\u00f3n de mujeres<\/strong>, haz clic <a href=\"https:\/\/www.estudidelmoble.com\/curs-el-moble-tambe-questio-de-dones\/\" target=\"_blank\" rel=\"noopener noreferrer\"><strong><span style=\"color: #7f2629;\">AQU\u00cd<\/span><\/strong><\/a><\/p>\n","protected":false},"excerpt":{"rendered":"<p><span style=\"color: #7f2629;\"><strong>Conferencias y visitas presenciales.<br \/>\nD\u00edas 30 de junio, 1 y 2 de julio<\/strong><\/span><\/p>\n<p><i>Idioma: catal\u00e1n y castellano<\/i><span style=\"color: #7f2629;\"><strong><span style=\"color: #333333;\"><br \/>\n<\/span><\/strong><\/span><\/p>\n<p><strong>PVP:\u00a0 160\u20ac<\/strong><br \/>\n<strong>Socios:\u00a0 80\u20ac<br \/>\n*Precio AMIGO:<b> 112\u20ac <\/b><\/strong>(socios de FAD, AMC, FHD, CRAC, GRACMON y ELISAVA)<br \/>\n<strong>*Precio Especial<\/strong>: <strong>80\u20ac <\/strong>(estudiantes y parados)<strong><br \/>\n<\/strong>Becas: Consultar a info@estudidelmoble.com<strong><br \/>\n<\/strong><\/p>\n<p><strong><span style=\"color: #8e2920;\"><b>Incluye\u00a0 la publicaci\u00f3n de un volumen monogr\u00e1fico con los art\u00edculos de las jornadas.\u00a0\u00a0<\/b><\/span><\/strong><\/p>\n<p><span style=\"color: #007196;\"><em><b>*<\/b> Consultar m\u00e1s abajo los\u00a0 <b>C\u00d3DIGOS de DESCUENTO<\/b><b><br \/>\n<\/b><i>Descuentos no acumulables<\/i><\/em><\/span><\/p>\n","protected":false},"featured_media":29473,"template":"","meta":{"_acf_changed":false},"product_brand":[],"product_cat":[946],"product_tag":[],"class_list":{"0":"post-29637","1":"product","2":"type-product","3":"status-publish","4":"has-post-thumbnail","6":"product_cat-cursos-es","8":"first","9":"instock","10":"purchasable","11":"product-type-variable"},"acf":[],"_links":{"self":[{"href":"https:\/\/www.estudidelmoble.com\/es\/wp-json\/wp\/v2\/product\/29637","targetHints":{"allow":["GET"]}}],"collection":[{"href":"https:\/\/www.estudidelmoble.com\/es\/wp-json\/wp\/v2\/product"}],"about":[{"href":"https:\/\/www.estudidelmoble.com\/es\/wp-json\/wp\/v2\/types\/product"}],"version-history":[{"count":0,"href":"https:\/\/www.estudidelmoble.com\/es\/wp-json\/wp\/v2\/product\/29637\/revisions"}],"wp:featuredmedia":[{"embeddable":true,"href":"https:\/\/www.estudidelmoble.com\/es\/wp-json\/wp\/v2\/media\/29473"}],"wp:attachment":[{"href":"https:\/\/www.estudidelmoble.com\/es\/wp-json\/wp\/v2\/media?parent=29637"}],"wp:term":[{"taxonomy":"product_brand","embeddable":true,"href":"https:\/\/www.estudidelmoble.com\/es\/wp-json\/wp\/v2\/product_brand?post=29637"},{"taxonomy":"product_cat","embeddable":true,"href":"https:\/\/www.estudidelmoble.com\/es\/wp-json\/wp\/v2\/product_cat?post=29637"},{"taxonomy":"product_tag","embeddable":true,"href":"https:\/\/www.estudidelmoble.com\/es\/wp-json\/wp\/v2\/product_tag?post=29637"}],"curies":[{"name":"wp","href":"https:\/\/api.w.org\/{rel}","templated":true}]}}