{"id":31224,"date":"2021-07-27T11:34:04","date_gmt":"2021-07-27T09:34:04","guid":{"rendered":"https:\/\/www.estudidelmoble.com\/?post_type=product&#038;p=31224"},"modified":"2021-10-18T12:33:59","modified_gmt":"2021-10-18T10:33:59","slug":"curso-historia-del-mueble-siglos-xx-y-xxi","status":"publish","type":"product","link":"https:\/\/www.estudidelmoble.com\/es\/producto\/curso-historia-del-mueble-siglos-xx-y-xxi\/","title":{"rendered":"Curso: Historia del Mueble. Siglos XX y XXI"},"content":{"rendered":"<p>El siglo XX es considerado un per\u00edodo especialmente interesante para la<br \/>\nhistoria del mueble. Los incesantes cambios econ\u00f3micos, sociales y<br \/>\nculturales afectan profundamente al arte, la arquitectura y el dise\u00f1o,<br \/>\ngenerando un escenario de propuestas sin precedentes.<\/p>\n<p>Este curso aborda este complejo per\u00edodo, aproxima a los planteamientos m\u00e1s innovadores y se propone:<\/p>\n<p>&#8211; Superar la visi\u00f3n basada en categor\u00edas estil\u00edsticas para llegar a un<br \/>\nentendimiento cr\u00edtico de las razones que llevan a nuevas formas de<br \/>\ndise\u00f1ar y producir el interior y el mobiliario que se suceden entre finales<br \/>\ndel siglo XIX y principios del siglo XXI.<\/p>\n<p>&#8211; Centrar la atenci\u00f3n en el contexto internacional, principalmente en<br \/>\nEuropa y Estados Unidos.<\/p>\n<p>&#8211; Establecer una relaci\u00f3n directa con los entornos m\u00e1s pr\u00f3ximos del dise\u00f1o catal\u00e1n y espa\u00f1ol.<\/p>\n<p>Para consultar el programa completo del Curso Historia del Mueble. Siglos XX i XXI, haz clic <a title=\"Programa\" href=\"https:\/\/www.estudidelmoble.com\/es\/iv-edicion-historia-del-mueble-siglos-xx-y-xxi\/\" target=\"_blank\" rel=\"noopener noreferrer\"><strong><span style=\"color: #7f2629;\">AQU\u00cd<\/span><\/strong><\/a><\/p>\n","protected":false},"excerpt":{"rendered":"<p><span style=\"color: #7f2629;\"><strong>IV Edici\u00f3n<span style=\"color: #333333;\"><br \/>\nCurso de 75 horas, online y presencial<\/span><\/strong><\/span><br \/>\n<strong>Idioma:<\/strong> Castellano y catal\u00e1n<\/p>\n<p><strong>PVP: <\/strong>500 \u20ac<strong><br \/>\nSocio AEM:<\/strong>\u00a0270 \u20ac<br \/>\n<strong>*Estudiante (-25 a\u00f1os) :<\/strong>\u00a0150 \u20ac<br \/>\n<strong>*Estudiante (+25 a\u00f1os):<\/strong>\u00a0270 \u20ac<br \/>\n<strong>*Precio AMIGO:<\/strong> 375\u20ac<br \/>\n<strong>*Precio Especial:<\/strong> 425\u20ac<\/p>\n<p><span style=\"color: #007196;\"><strong>*<\/strong> i <strong>**<\/strong>Consultar abajo\u00a0 <strong>C\u00d3DIGOS de DESCUENTO<br \/>\n<\/strong><em>Descuentos no acumulables<\/em><\/span><\/p>\n","protected":false},"featured_media":30246,"template":"","meta":{"_acf_changed":false},"product_brand":[],"product_cat":[946],"product_tag":[],"class_list":{"0":"post-31224","1":"product","2":"type-product","3":"status-publish","4":"has-post-thumbnail","6":"product_cat-cursos-es","8":"first","9":"instock","10":"purchasable","11":"product-type-variable"},"acf":[],"_links":{"self":[{"href":"https:\/\/www.estudidelmoble.com\/es\/wp-json\/wp\/v2\/product\/31224","targetHints":{"allow":["GET"]}}],"collection":[{"href":"https:\/\/www.estudidelmoble.com\/es\/wp-json\/wp\/v2\/product"}],"about":[{"href":"https:\/\/www.estudidelmoble.com\/es\/wp-json\/wp\/v2\/types\/product"}],"version-history":[{"count":0,"href":"https:\/\/www.estudidelmoble.com\/es\/wp-json\/wp\/v2\/product\/31224\/revisions"}],"wp:featuredmedia":[{"embeddable":true,"href":"https:\/\/www.estudidelmoble.com\/es\/wp-json\/wp\/v2\/media\/30246"}],"wp:attachment":[{"href":"https:\/\/www.estudidelmoble.com\/es\/wp-json\/wp\/v2\/media?parent=31224"}],"wp:term":[{"taxonomy":"product_brand","embeddable":true,"href":"https:\/\/www.estudidelmoble.com\/es\/wp-json\/wp\/v2\/product_brand?post=31224"},{"taxonomy":"product_cat","embeddable":true,"href":"https:\/\/www.estudidelmoble.com\/es\/wp-json\/wp\/v2\/product_cat?post=31224"},{"taxonomy":"product_tag","embeddable":true,"href":"https:\/\/www.estudidelmoble.com\/es\/wp-json\/wp\/v2\/product_tag?post=31224"}],"curies":[{"name":"wp","href":"https:\/\/api.w.org\/{rel}","templated":true}]}}