{"id":32334,"date":"2021-09-02T13:36:30","date_gmt":"2021-09-02T11:36:30","guid":{"rendered":"https:\/\/www.estudidelmoble.com\/producte\/decorum-vestir-la-casa-para-la-ocasion\/"},"modified":"2021-09-02T13:36:30","modified_gmt":"2021-09-02T11:36:30","slug":"decorum-vestir-la-casa-para-la-ocasion","status":"publish","type":"product","link":"https:\/\/www.estudidelmoble.com\/es\/producto\/decorum-vestir-la-casa-para-la-ocasion\/","title":{"rendered":"Dec\u00f2rum. Vestir la casa para la ocasi\u00f3n"},"content":{"rendered":"<p>Edici\u00f3n en CATAL\u00c1N<\/p>\n<p>Desde hace unos a\u00f1os, el Museo T\u00e9xtil colabora con la Asociaci\u00f3n para el Estudio del Mueble en el asesoramiento de los textiles que forman parte del mobiliario y la decoraci\u00f3n del hogar, sea documentando piezas o haciendo formaci\u00f3n. A ra\u00edz de esta colaboraci\u00f3n vimos que val\u00eda la pena poner en com\u00fan los conocimientos y la experiencia, tanto de la Asociaci\u00f3n como del Museo, y comunicarlos a un amplio abanico de p\u00fablico.<\/p>\n","protected":false},"excerpt":{"rendered":"<p><strong><span style=\"color: #7f2629;\"><em>Dec\u00f2rum. Vestir la casa para la ocasi\u00f3n<br \/>\n<\/em><\/span><\/strong><span style=\"color: #7f2629;\">Autor: VV.AA.<\/span><\/p>\n<p>Edici\u00f3n en CATAL\u00c1N<\/p>\n<p><strong>PVP: 55\u20ac<br \/>\nPrecio SOCIOS: 55\u20ac<\/strong><\/p>\n","protected":false},"featured_media":31710,"template":"","meta":{"_acf_changed":false},"product_brand":[],"product_cat":[830],"product_tag":[],"class_list":{"0":"post-32334","1":"product","2":"type-product","3":"status-publish","4":"has-post-thumbnail","6":"product_cat-libros-y-otros","7":"product_shipping_class-envio-2","9":"first","10":"instock","11":"taxable","12":"shipping-taxable","13":"purchasable","14":"product-type-variable"},"acf":[],"_links":{"self":[{"href":"https:\/\/www.estudidelmoble.com\/es\/wp-json\/wp\/v2\/product\/32334","targetHints":{"allow":["GET"]}}],"collection":[{"href":"https:\/\/www.estudidelmoble.com\/es\/wp-json\/wp\/v2\/product"}],"about":[{"href":"https:\/\/www.estudidelmoble.com\/es\/wp-json\/wp\/v2\/types\/product"}],"version-history":[{"count":0,"href":"https:\/\/www.estudidelmoble.com\/es\/wp-json\/wp\/v2\/product\/32334\/revisions"}],"wp:featuredmedia":[{"embeddable":true,"href":"https:\/\/www.estudidelmoble.com\/es\/wp-json\/wp\/v2\/media\/31710"}],"wp:attachment":[{"href":"https:\/\/www.estudidelmoble.com\/es\/wp-json\/wp\/v2\/media?parent=32334"}],"wp:term":[{"taxonomy":"product_brand","embeddable":true,"href":"https:\/\/www.estudidelmoble.com\/es\/wp-json\/wp\/v2\/product_brand?post=32334"},{"taxonomy":"product_cat","embeddable":true,"href":"https:\/\/www.estudidelmoble.com\/es\/wp-json\/wp\/v2\/product_cat?post=32334"},{"taxonomy":"product_tag","embeddable":true,"href":"https:\/\/www.estudidelmoble.com\/es\/wp-json\/wp\/v2\/product_tag?post=32334"}],"curies":[{"name":"wp","href":"https:\/\/api.w.org\/{rel}","templated":true}]}}