{"id":39295,"date":"2021-11-30T15:34:52","date_gmt":"2021-11-30T13:34:52","guid":{"rendered":"https:\/\/www.estudidelmoble.com\/producte\/dossier-aem-num-2-digital\/"},"modified":"2021-11-30T15:34:52","modified_gmt":"2021-11-30T13:34:52","slug":"dossier-aem-num-2-digital","status":"publish","type":"product","link":"https:\/\/www.estudidelmoble.com\/es\/producto\/dossier-aem-num-2-digital\/","title":{"rendered":"Dossier AEM N\u00fam. 2 DIGITAL"},"content":{"rendered":"<p>Dossier AEM es la primera revista digital de la Asociaci\u00f3n para el Estudio del Mueble, una publicaci\u00f3n pensada tambi\u00e9n para poder ser descargada e impresa.<\/p>\n<p>Se trata de una revista monogr\u00e1fica que, a la vez, conecta el mueble con otras disciplinas para invitar a la participaci\u00f3n a estudiosos que trabajan en otros campos y enriquecernos con sus conocimientos.<\/p>\n<p><em><strong>Els Junyent. Artistes, decoradors i col\u00b7leccionistes<\/strong><\/em> es el segundo Dossier que edita la AEM.<\/p>\n<p>Los protagonistas de las jornadas \u201cParlem de\u2026\u201d del a\u00f1o 2021 fueron los hermanos Sebasti\u00e0 y Oleguer Junyent, dos personalidades brillantes de caracteres muy diferentes, y que desde varios \u00e1ngulos abarcaron el amplio abanico art\u00edstico de la \u00e9poca: la Barcelona de entre los siglos XIX y XX. Adentrarse en la biograf\u00eda de estos artistas es como mirar a trav\u00e9s de un caleidoscopio: una vez que observas a trav\u00e9s de \u00e9l, descubres todo un mundo sorprendente y fascinante que atrapa al instante.<\/p>\n","protected":false},"excerpt":{"rendered":"<p><span style=\"color: #7f2629;\"><strong>Els Junyent, artistes, decoradors i col\u00b7leccionistes<\/strong><\/span><\/p>\n<p><span style=\"font-weight: 400;\">Revista digital en formato PDF<br \/>\nEdici\u00f3n que alterna art\u00edculos en catal\u00e1n y castellano<\/span><\/p>\n<p><strong>PVP: 18\u20ac<br \/>\nPrecio SOCIOS y SUSCRIPTORES: <span style=\"color: #106d87;\">GRATUITO<\/span><br \/>\n<\/strong><span style=\"color: #106d87;\">(pide tu c\u00f3digo en info@estudidelmoble.com)<\/span><strong><br \/>\n<\/strong><\/p>\n","protected":false},"featured_media":34540,"template":"","meta":{"_acf_changed":false},"product_brand":[],"product_cat":[995],"product_tag":[],"class_list":{"0":"post-39295","1":"product","2":"type-product","3":"status-publish","4":"has-post-thumbnail","6":"product_cat-dossier-aem-es","8":"first","9":"instock","10":"featured","11":"downloadable","12":"virtual","13":"taxable","14":"purchasable","15":"product-type-simple"},"acf":[],"_links":{"self":[{"href":"https:\/\/www.estudidelmoble.com\/es\/wp-json\/wp\/v2\/product\/39295","targetHints":{"allow":["GET"]}}],"collection":[{"href":"https:\/\/www.estudidelmoble.com\/es\/wp-json\/wp\/v2\/product"}],"about":[{"href":"https:\/\/www.estudidelmoble.com\/es\/wp-json\/wp\/v2\/types\/product"}],"version-history":[{"count":0,"href":"https:\/\/www.estudidelmoble.com\/es\/wp-json\/wp\/v2\/product\/39295\/revisions"}],"wp:featuredmedia":[{"embeddable":true,"href":"https:\/\/www.estudidelmoble.com\/es\/wp-json\/wp\/v2\/media\/34540"}],"wp:attachment":[{"href":"https:\/\/www.estudidelmoble.com\/es\/wp-json\/wp\/v2\/media?parent=39295"}],"wp:term":[{"taxonomy":"product_brand","embeddable":true,"href":"https:\/\/www.estudidelmoble.com\/es\/wp-json\/wp\/v2\/product_brand?post=39295"},{"taxonomy":"product_cat","embeddable":true,"href":"https:\/\/www.estudidelmoble.com\/es\/wp-json\/wp\/v2\/product_cat?post=39295"},{"taxonomy":"product_tag","embeddable":true,"href":"https:\/\/www.estudidelmoble.com\/es\/wp-json\/wp\/v2\/product_tag?post=39295"}],"curies":[{"name":"wp","href":"https:\/\/api.w.org\/{rel}","templated":true}]}}