{"id":44933,"date":"2022-02-28T14:43:47","date_gmt":"2022-02-28T12:43:47","guid":{"rendered":"https:\/\/www.estudidelmoble.com\/producte\/inscripcion-hablamos-de-gaspar-homar\/"},"modified":"2022-03-17T15:07:27","modified_gmt":"2022-03-17T13:07:27","slug":"inscripcion-hablamos-de-gaspar-homar","status":"publish","type":"product","link":"https:\/\/www.estudidelmoble.com\/es\/producto\/inscripcion-hablamos-de-gaspar-homar\/","title":{"rendered":"Inscripci\u00f3n \u00abHablamos de Gaspar Homar\u00bb"},"content":{"rendered":"<p><strong>D\u00edas 24 y 25 de marzo.<br \/>\nConferencias el d\u00eda 24 de 10.00 a 17.30 h<br \/>\nVisitas el d\u00eda 25 de 10.00 a 13.15 h<\/strong><\/p>\n<p>En esta ocasi\u00f3n dedicamos la jornada Hablamos de a la figura de Gaspar Homar, uno de los m\u00e1s destacados mueblistas y decoradores del Modernismo. De la mano de especialistas se analizar\u00e1 el personaje as\u00ed como su producci\u00f3n: mobiliario, conjuntos decorativos surgidos bajo su direcci\u00f3n y t\u00e9cnicas decorativas en las cuales Homar sobresal\u00eda, como la marqueter\u00eda, los tejidos o la forja. Asimismo, nos adentraremos en aspectos de su personalidad poli\u00e9drica quiz\u00e1s menos conocidos, como su faceta de coleccionista.<\/p>\n<p>Las conferencias se complementar\u00e1n con una visita a la Casa Nav\u00e0s y al Instituto Pere Mata de Reus.<\/p>\n<p>Para saber m\u00e1s sobre el PROGRAMA del <strong>Hablamos De\u2026 Gaspar Homar, decorador, moblista, col\u00b7leccionista<\/strong>\u00a0fes clic <a href=\"https:\/\/www.estudidelmoble.com\/es\/hablamos-de-gaspar-homar-decorador-mueblista-coleccionista\/\" target=\"_blank\" rel=\"noopener\"><strong><span style=\"color: #7f2629;\">AQU\u00cd<\/span><\/strong><\/a><\/p>\n","protected":false},"excerpt":{"rendered":"<p><span style=\"color: #7f2629;\"><strong>D\u00edas 24 y 25 de marzo.<\/strong><\/span><\/p>\n<p><i>Idioma: catal\u00e1n y castellano<\/i><span style=\"color: #7f2629;\"><strong><span style=\"color: #333333;\"><br \/>\n<\/span><\/strong><\/span><\/p>\n<p><strong>PVP:\u00a0 85\u20ac<\/strong><br \/>\n<strong>Socios:\u00a0 50\u20ac<br \/>\n*Precio AMIGO:<b> 65\u20ac\u00a0<\/b><\/strong> (socios \/ usuarios de CRBMC, GRACMON, AMC, COAC, CRAC, FAD y usuarios del carnet del Centro de Documentaci\u00f3n del Museu del Disseny )<br \/>\n<strong>*Precio Especial<\/strong>:\u00a0<strong>55\u20ac <\/strong>(estudiantes y desempleados)<strong><br \/>\n<\/strong>Becas: Consultar a info@estudidelmoble.com<strong><br \/>\n<\/strong><\/p>\n<p><strong><span style=\"color: #8e2920;\"><b>Incluye el <\/b><\/span><b><span style=\"color: #8e2920;\">DOSSIER AEM III, revista digital con los art\u00edculos <\/span><\/b><\/strong><strong><b><span style=\"color: #8e2920;\">de la jornada, disponible posteriormente al curso.<\/span> <\/b><\/strong><\/p>\n<p><span style=\"color: #007196;\"><em><b>*<\/b> Consultar m\u00e1s abajo\u00a0 <b>C\u00d3DIGOS de DESCUENTO<\/b><b><br \/>\n<\/b><i>Descuentos no acumulables<\/i><\/em><\/span><\/p>\n","protected":false},"featured_media":44124,"template":"","meta":{"_acf_changed":false},"product_brand":[],"product_cat":[946],"product_tag":[],"class_list":{"0":"post-44933","1":"product","2":"type-product","3":"status-publish","4":"has-post-thumbnail","6":"product_cat-cursos-es","8":"first","9":"outofstock","10":"purchasable","11":"product-type-variable"},"acf":[],"_links":{"self":[{"href":"https:\/\/www.estudidelmoble.com\/es\/wp-json\/wp\/v2\/product\/44933","targetHints":{"allow":["GET"]}}],"collection":[{"href":"https:\/\/www.estudidelmoble.com\/es\/wp-json\/wp\/v2\/product"}],"about":[{"href":"https:\/\/www.estudidelmoble.com\/es\/wp-json\/wp\/v2\/types\/product"}],"version-history":[{"count":0,"href":"https:\/\/www.estudidelmoble.com\/es\/wp-json\/wp\/v2\/product\/44933\/revisions"}],"wp:featuredmedia":[{"embeddable":true,"href":"https:\/\/www.estudidelmoble.com\/es\/wp-json\/wp\/v2\/media\/44124"}],"wp:attachment":[{"href":"https:\/\/www.estudidelmoble.com\/es\/wp-json\/wp\/v2\/media?parent=44933"}],"wp:term":[{"taxonomy":"product_brand","embeddable":true,"href":"https:\/\/www.estudidelmoble.com\/es\/wp-json\/wp\/v2\/product_brand?post=44933"},{"taxonomy":"product_cat","embeddable":true,"href":"https:\/\/www.estudidelmoble.com\/es\/wp-json\/wp\/v2\/product_cat?post=44933"},{"taxonomy":"product_tag","embeddable":true,"href":"https:\/\/www.estudidelmoble.com\/es\/wp-json\/wp\/v2\/product_tag?post=44933"}],"curies":[{"name":"wp","href":"https:\/\/api.w.org\/{rel}","templated":true}]}}