{"id":46948,"date":"2022-04-21T19:45:31","date_gmt":"2022-04-21T17:45:31","guid":{"rendered":"https:\/\/www.estudidelmoble.com\/?post_type=product&#038;p=46948"},"modified":"2022-05-03T11:00:12","modified_gmt":"2022-05-03T09:00:12","slug":"inscripcion-curso-forum-online","status":"publish","type":"product","link":"https:\/\/www.estudidelmoble.com\/es\/producto\/inscripcion-curso-forum-online\/","title":{"rendered":"Inscripci\u00f3n Curso-f\u00f3rum ONLINE"},"content":{"rendered":"<p><strong><span style=\"color: #800000;\">INSCRIPCI\u00d3N ONLINE\u00a0 en el Curso-f\u00f3rum \u00abEl mueble de madera. Las maderas del mueble\u00bb<br \/>\n<\/span><\/strong><span style=\"color: #800000;\"><strong><span style=\"color: #333333;\">D\u00edas 19 y 20 de mayo <\/span><\/strong><span style=\"color: #333333;\">(s\u00f3lo incluye las conferencias se\u00f1aladas en el programa con un punto rojo)<\/span><br \/>\n<\/span><\/p>\n<p>Durante muchos a\u00f1os, las personas viv\u00edan aferradas a sus muebles; muchas veces eran objetos que les acompa\u00f1aban toda la vida, incluso la de sus ascendentes. Los valoraban y cuidaban, no s\u00f3lo por su valor est\u00e9tico, sentimental o econ\u00f3mico, sino tambi\u00e9n por la conciencia del esfuerzo que hab\u00eda significado obtener y preparar los materiales, dise\u00f1arlos y hacerlos, instalarlos en el sitio adecuado y disfrutarlos.<\/p>\n<p>Despu\u00e9s de una \u00e9poca caracterizada por usar y tirar en todos los \u00e1mbitos de la vida, parece que el sentido com\u00fan (y tal vez tambi\u00e9n la necesidad) nos lleva a redescubrir el valor intr\u00ednseco de un mueble y no tan s\u00f3lo su coste.<\/p>\n<p>Te presentamos proyectos innovadores que permiten revertir la situaci\u00f3n. Trataremos la larga vida de un mueble, desde el origen del material hasta sus diversos destinos. De la mano de expertos descubriremos y comprenderemos que no hay madera sino maderas; que esta materia prima es inagotable si la sabemos gestionar bien; que es necesario escoger las especies adecuadamente seg\u00fan la funcionalidad prevista; que la mano y las herramientas expertas son los mejores embajadores para disfrutar de su presencia en nuestros espacios vitales, que las t\u00e9cnicas empleadas para conseguir formas y efectos maravillosos son hoy las mismas que eran siglos antes, aunque hayan cambiado los procedimientos mec\u00e1nicos de realizaci\u00f3n.<\/p>\n<p>Te invitamos a comprender el valor del mueble de madera y de las maderas y sus oficios en los objetos de madera.<\/p>\n<p>Para leer m\u00e1s informaci\u00f3n sobre el PROGRAMA de <strong>El mueble de madera. Las maderas del mueble<\/strong>, haz clic <a href=\"https:\/\/www.estudidelmoble.com\/es\/proyecto-madera-mueble-sostenibilidad\/segunda-fase-construccion-materiales-tecnicas-y-aplicaciones\/curso-el-mueble-de-madera-las-maderas-del-mueble\/\" target=\"_blank\" rel=\"noopener noreferrer\"><strong><span style=\"color: #7f2629;\">AQU\u00cd<\/span><\/strong><\/a><\/p>\n","protected":false},"excerpt":{"rendered":"<p><span style=\"color: #7f2629;\"><strong>El mueble de madera. Las maderas del mueble<br \/>\nD\u00edas 19 y 20 de mayo<br \/>\n<\/strong>(s\u00f3lo incluye las conferencias se\u00f1aladas el el programa con un punto rojo)<strong><br \/>\n<\/strong><\/span><\/p>\n<p><i>Idioma: castellano<\/i><span style=\"color: #7f2629;\"><strong><span style=\"color: #333333;\"><br \/>\n<\/span><\/strong><\/span><\/p>\n<p><strong>PVP:\u00a0 220\u20ac<br \/>\n*Socios:\u00a0 110\u20ac<br \/>\n*Precio AMIGO:<b> 165\u20ac<\/b><\/strong>(socios de entidades colaboradoras )<br \/>\n<strong>*Precio Especial: 187\u20ac <\/strong>(usuarios del carnet de Biblioteques de Barcelona)<strong><br \/>\n*Precio Mini: 110\u20ac <\/strong>(estudiantes y desempleados)<strong><br \/>\n<\/strong>Becas: Consultar en info@estudidelmoble.com<\/p>\n<p><strong><span style=\"color: #8e2920;\"><b>Incluye la publicaci\u00f3n de un volumen monogr\u00e1fico con los art\u00edculos de las jornadas.\u00a0<\/b><\/span><\/strong><\/p>\n<p><span style=\"color: #007196;\"><em><i><b>*<\/b> Consultar m\u00e1s abajo <b>C\u00d3DIGOS de DESCUENTO<\/b><b><br \/>\n<\/b>Descuentos no acumulables<br \/>\n<strong>*<\/strong> Consulta todas las ventajas de <strong>hacerte Socio <\/strong><a href=\"https:\/\/www.estudidelmoble.com\/es\/hazte-socio\/\" target=\"_blank\" rel=\"noopener\">AQU\u00cd<\/a><\/i><\/em><\/span><\/p>\n","protected":false},"featured_media":47132,"template":"","meta":{"_acf_changed":false},"product_brand":[],"product_cat":[946],"product_tag":[],"class_list":{"0":"post-46948","1":"product","2":"type-product","3":"status-publish","4":"has-post-thumbnail","6":"product_cat-cursos-es","8":"first","9":"outofstock","10":"purchasable","11":"product-type-variable"},"acf":[],"_links":{"self":[{"href":"https:\/\/www.estudidelmoble.com\/es\/wp-json\/wp\/v2\/product\/46948","targetHints":{"allow":["GET"]}}],"collection":[{"href":"https:\/\/www.estudidelmoble.com\/es\/wp-json\/wp\/v2\/product"}],"about":[{"href":"https:\/\/www.estudidelmoble.com\/es\/wp-json\/wp\/v2\/types\/product"}],"version-history":[{"count":0,"href":"https:\/\/www.estudidelmoble.com\/es\/wp-json\/wp\/v2\/product\/46948\/revisions"}],"wp:featuredmedia":[{"embeddable":true,"href":"https:\/\/www.estudidelmoble.com\/es\/wp-json\/wp\/v2\/media\/47132"}],"wp:attachment":[{"href":"https:\/\/www.estudidelmoble.com\/es\/wp-json\/wp\/v2\/media?parent=46948"}],"wp:term":[{"taxonomy":"product_brand","embeddable":true,"href":"https:\/\/www.estudidelmoble.com\/es\/wp-json\/wp\/v2\/product_brand?post=46948"},{"taxonomy":"product_cat","embeddable":true,"href":"https:\/\/www.estudidelmoble.com\/es\/wp-json\/wp\/v2\/product_cat?post=46948"},{"taxonomy":"product_tag","embeddable":true,"href":"https:\/\/www.estudidelmoble.com\/es\/wp-json\/wp\/v2\/product_tag?post=46948"}],"curies":[{"name":"wp","href":"https:\/\/api.w.org\/{rel}","templated":true}]}}