{"id":50299,"date":"2022-07-26T16:50:24","date_gmt":"2022-07-26T14:50:24","guid":{"rendered":"https:\/\/www.estudidelmoble.com\/producte\/curso-historia-del-mueble-europeo-hasta-1900-edicion-2022-23\/"},"modified":"2022-10-17T22:11:03","modified_gmt":"2022-10-17T20:11:03","slug":"curso-historia-del-mueble-europeo-hasta-1900-edicion-2022-23","status":"publish","type":"product","link":"https:\/\/www.estudidelmoble.com\/es\/producto\/curso-historia-del-mueble-europeo-hasta-1900-edicion-2022-23\/","title":{"rendered":"Curso Historia del Mueble Europeo hasta 1900"},"content":{"rendered":"<p><i><span style=\"color: #7f2629;\"><strong>Aprende, practica y actua <\/strong><\/span><\/i><br \/>\n<strong> del 19 de octubre al 17 de mayo<\/strong><\/p>\n<p>Conocer el mueble y las soluciones t\u00e9cnicas adoptadas en tiempos pasados nos orienta en nuestro trabajo para:<\/p>\n<ul>\n<li>Actuar con rigor sobre muebles de valor hist\u00f3rico y art\u00edstico<\/li>\n<li>Dise\u00f1ar el mueble del futuro<\/li>\n<li>Recrear interiores fieles a cada \u00e8poca<\/li>\n<li>Revalorizar el mueble antiguo en pro de un consumo responsable<\/li>\n<li>Interpretar el pasado<\/li>\n<\/ul>\n<p>Este curso nos introduce en la historia del mueble europeo, sus particularidades y cambios por influencias de otros territorios. Presenta de manera clara datos imprescindibles para identificar los muebles de cada \u00e9poca y interpretarlos en su contexto. Se trata el mueble desde el punto de vista art\u00edstico, t\u00e9cnico i sociol\u00f3gico. Se incide en obras famosas internacionalmente y se da relevancia al mueble espa\u00f1ol y, especialmente, al catal\u00e0n.<\/p>\n<p>Para leer m\u00e1s informaci\u00f3n sobre el PROGRAMA del Curso de historia del mueble europeo hasta el 1900, haz clic <a href=\"https:\/\/www.estudidelmoble.com\/es\/historia-del-mueble-europeo-hasta-el-1900-aprende-practica-y-actua\/\" target=\"_blank\" rel=\"noopener\">AQU\u00cd<\/a><\/p>\n","protected":false},"excerpt":{"rendered":"<p><strong><span style=\"color: #800000;\">Edici\u00f3n VII<\/span><\/strong><br \/>\n<strong>Curso presencial de 75 horas<\/strong><br \/>\n<strong>Idioma:<\/strong> Castellano y catal\u00e1n<\/p>\n<p><strong>Socio AEM:<\/strong>\u00a0270 \u20ac<br \/>\n<strong>PVP: <\/strong>500 \u20ac<br \/>\n<strong>*Precio AMIGO:<\/strong> 375\u20ac<br \/>\n<strong>*Precio Especial:<\/strong> 425\u20ac<br \/>\n<strong>*Estudiante (-25 a\u00f1os) :<\/strong>\u00a0150 \u20ac<br \/>\n<strong>*Estudiante (+25 a\u00f1os):<\/strong>\u00a0270 \u20ac<\/p>\n<p><span style=\"color: #007196;\"><strong>*<\/strong> Consultar instrucciones a <strong>PRECIOS Y DESCUENTOS <\/strong><br \/>\n<\/span><\/p>\n","protected":false},"featured_media":18596,"template":"","meta":{"_acf_changed":false},"product_brand":[],"product_cat":[946],"product_tag":[],"class_list":{"0":"post-50299","1":"product","2":"type-product","3":"status-publish","4":"has-post-thumbnail","6":"product_cat-cursos-es","8":"first","9":"instock","10":"purchasable","11":"product-type-variable"},"acf":[],"_links":{"self":[{"href":"https:\/\/www.estudidelmoble.com\/es\/wp-json\/wp\/v2\/product\/50299","targetHints":{"allow":["GET"]}}],"collection":[{"href":"https:\/\/www.estudidelmoble.com\/es\/wp-json\/wp\/v2\/product"}],"about":[{"href":"https:\/\/www.estudidelmoble.com\/es\/wp-json\/wp\/v2\/types\/product"}],"version-history":[{"count":0,"href":"https:\/\/www.estudidelmoble.com\/es\/wp-json\/wp\/v2\/product\/50299\/revisions"}],"wp:featuredmedia":[{"embeddable":true,"href":"https:\/\/www.estudidelmoble.com\/es\/wp-json\/wp\/v2\/media\/18596"}],"wp:attachment":[{"href":"https:\/\/www.estudidelmoble.com\/es\/wp-json\/wp\/v2\/media?parent=50299"}],"wp:term":[{"taxonomy":"product_brand","embeddable":true,"href":"https:\/\/www.estudidelmoble.com\/es\/wp-json\/wp\/v2\/product_brand?post=50299"},{"taxonomy":"product_cat","embeddable":true,"href":"https:\/\/www.estudidelmoble.com\/es\/wp-json\/wp\/v2\/product_cat?post=50299"},{"taxonomy":"product_tag","embeddable":true,"href":"https:\/\/www.estudidelmoble.com\/es\/wp-json\/wp\/v2\/product_tag?post=50299"}],"curies":[{"name":"wp","href":"https:\/\/api.w.org\/{rel}","templated":true}]}}