{"id":53430,"date":"2022-09-14T12:17:27","date_gmt":"2022-09-14T10:17:27","guid":{"rendered":"https:\/\/www.estudidelmoble.com\/?post_type=product&#038;p=53430"},"modified":"2023-07-13T17:34:33","modified_gmt":"2023-07-13T15:34:33","slug":"la-casa-solsona","status":"publish","type":"product","link":"https:\/\/www.estudidelmoble.com\/es\/producto\/la-casa-solsona\/","title":{"rendered":"La Casa Solsona"},"content":{"rendered":"<p>Edici\u00f3n en catal\u00e1n<\/p>\n<p><strong>La Casa Solsona. Una joia modernista a Cervera<\/strong><\/p>\n<p>La Casa Solsona (Cervera, Catalunya) es uno de los mejores ejemplos para entender como alrededor de 1900 la burgues\u00eda agraria quiso adaptar sus viviendas al nuevo lenguaje del modernismo. As\u00ed, en 1904 el matrimonio formado por Felici\u00e0 Solsona y Montserrat Duran reformaron sus casa del carrer Major de Cervera llevando la est\u00e9tica del Modernismo a sus interiores.<br \/>\nEn esta publicaci\u00f3n se analiza esta transformaci\u00f3n modernista de la Casa Solsona. Se hace un completo estudio de la decoraci\u00f3n interior de esta casa de Cervera, examinando, por un lado, la riqueza de las artes aplicadas de comienzos de siglo XX, y, por otro lado, el extraordinario mobiliario moderno que convivi\u00f3 con el heredado que se va conservar all\u00ed.<br \/>\nLa Associaci\u00f3 per a l\u2019Estudi del Moble ha colaborado con textos donde se estudia el mobiliario y el ajuar dom\u00e9stico de la Casa Solsona.<\/p>\n<p><strong>PVP: 20\u20ac<\/strong><\/p>\n","protected":false},"excerpt":{"rendered":"<p><strong><span style=\"color: #7f2629;\"><em>Una joya modernista en Cervera<br \/>\n<\/em><\/span><\/strong><\/p>\n<p><span style=\"color: #7f2629;\">Autor: VV.AA.<\/span><\/p>\n<p>Publicaci\u00f3n que analiza la transformaci\u00f3n de la Casa Solsona de Cervera alrededor de 1900, cuando la burgues\u00eda agraria adapt\u00f3 el nuevo lenguaje del modernismo a sus viviendas.<\/p>\n<p>Edici\u00f3n en CATAL\u00c1N<\/p>\n<p><strong>PVP: 20\u20ac<br \/>\nPreu SOCIS: 20\u20ac<\/strong><\/p>\n","protected":false},"featured_media":53490,"template":"","meta":{"_acf_changed":false},"product_brand":[],"product_cat":[830],"product_tag":[],"class_list":{"0":"post-53430","1":"product","2":"type-product","3":"status-publish","4":"has-post-thumbnail","6":"product_cat-libros-y-otros","7":"product_shipping_class-envio-2","9":"first","10":"instock","11":"taxable","12":"shipping-taxable","13":"purchasable","14":"product-type-variable"},"acf":[],"_links":{"self":[{"href":"https:\/\/www.estudidelmoble.com\/es\/wp-json\/wp\/v2\/product\/53430","targetHints":{"allow":["GET"]}}],"collection":[{"href":"https:\/\/www.estudidelmoble.com\/es\/wp-json\/wp\/v2\/product"}],"about":[{"href":"https:\/\/www.estudidelmoble.com\/es\/wp-json\/wp\/v2\/types\/product"}],"version-history":[{"count":0,"href":"https:\/\/www.estudidelmoble.com\/es\/wp-json\/wp\/v2\/product\/53430\/revisions"}],"wp:featuredmedia":[{"embeddable":true,"href":"https:\/\/www.estudidelmoble.com\/es\/wp-json\/wp\/v2\/media\/53490"}],"wp:attachment":[{"href":"https:\/\/www.estudidelmoble.com\/es\/wp-json\/wp\/v2\/media?parent=53430"}],"wp:term":[{"taxonomy":"product_brand","embeddable":true,"href":"https:\/\/www.estudidelmoble.com\/es\/wp-json\/wp\/v2\/product_brand?post=53430"},{"taxonomy":"product_cat","embeddable":true,"href":"https:\/\/www.estudidelmoble.com\/es\/wp-json\/wp\/v2\/product_cat?post=53430"},{"taxonomy":"product_tag","embeddable":true,"href":"https:\/\/www.estudidelmoble.com\/es\/wp-json\/wp\/v2\/product_tag?post=53430"}],"curies":[{"name":"wp","href":"https:\/\/api.w.org\/{rel}","templated":true}]}}