{"id":54132,"date":"2022-11-28T14:13:06","date_gmt":"2022-11-28T12:13:06","guid":{"rendered":"https:\/\/www.estudidelmoble.com\/producte\/dossier-aem-num-3-digital\/"},"modified":"2024-01-05T13:59:56","modified_gmt":"2024-01-05T11:59:56","slug":"dossier-aem-num-3-digital","status":"publish","type":"product","link":"https:\/\/www.estudidelmoble.com\/es\/producto\/dossier-aem-num-3-digital\/","title":{"rendered":"Dossier AEM N\u00fam. 3 DIGITAL"},"content":{"rendered":"<p>La primera revista digital de la Associaci\u00f3 per a l\u2019Estudi del Moble es el Dossier AEM. Se trata de una publicaci\u00f3n pensada tambi\u00e9n para poder ser descargada y impresa.<\/p>\n<p>Cada Dossier AEM es una revista monogr\u00e1fica que, al mismo tiempo, conecta el mueble con otras disciplinas. De esta forma, se invita a la participaci\u00f3n de estudiosos que trabajan en otros campos para enriquecernos de sus conocimientos.<\/p>\n<p><em><strong>Gaspar Homar. Decorador, moblista, col\u00b7leccionista <\/strong><\/em>es el tercer Dossier que edita la AEM.<\/p>\n<p>El protagonista de las jornadas \u201cHablemos de\u2026\u201d del a\u00f1o 2022 fue Gaspar Homar, un importante representante de las artes decorativas del modernismo catal\u00e1n. De su taller de <em>ensemblier<\/em> saleron muebles con extraordinarias marqueter\u00edas, pero tambi\u00e9n tuvo influencia en todos los interiores modernistas: las l\u00e1mparas, los tejidos, las esculturas, etc.<\/p>\n<p>En el Dossier tenemos las \u00faltimas investigaciones de la obra de Gaspar Homar, para dar una visi\u00f3n actualizada su producci\u00f3n dentro de su contexto hist\u00f3rico y art\u00edstico. Incluso se presentan algunas piezas in\u00e9ditas, como el mobiliario del despacho del doctor Lle\u00f3 Morera.<\/p>\n","protected":false},"excerpt":{"rendered":"<p><span style=\"color: #7f2629;\"><strong>Gaspar Homar. Decorador, moblista, col\u00b7leccionista<\/strong><\/span><\/p>\n<p><span style=\"font-weight: 400;\">Revista digital en formato PDF<br \/>\nEdici\u00f3n con art\u00edculos en catal\u00e1n<\/span><\/p>\n<p><strong>PVP: 18\u20ac<br \/>\nPrecio SOCIOS y SUSCRIPTORES: <span style=\"color: #106d87;\">GRATUITO<\/span><br \/>\n<\/strong><span style=\"color: #106d87;\">(solicita tu c\u00f3digo a info@estudidelmoble.com)<\/span><strong><br \/>\n<\/strong><\/p>\n","protected":false},"featured_media":54261,"template":"","meta":{"_acf_changed":false},"product_brand":[],"product_cat":[995],"product_tag":[],"class_list":{"0":"post-54132","1":"product","2":"type-product","3":"status-publish","4":"has-post-thumbnail","6":"product_cat-dossier-aem-es","8":"first","9":"instock","10":"featured","11":"downloadable","12":"virtual","13":"taxable","14":"purchasable","15":"product-type-simple"},"acf":[],"_links":{"self":[{"href":"https:\/\/www.estudidelmoble.com\/es\/wp-json\/wp\/v2\/product\/54132","targetHints":{"allow":["GET"]}}],"collection":[{"href":"https:\/\/www.estudidelmoble.com\/es\/wp-json\/wp\/v2\/product"}],"about":[{"href":"https:\/\/www.estudidelmoble.com\/es\/wp-json\/wp\/v2\/types\/product"}],"version-history":[{"count":0,"href":"https:\/\/www.estudidelmoble.com\/es\/wp-json\/wp\/v2\/product\/54132\/revisions"}],"wp:featuredmedia":[{"embeddable":true,"href":"https:\/\/www.estudidelmoble.com\/es\/wp-json\/wp\/v2\/media\/54261"}],"wp:attachment":[{"href":"https:\/\/www.estudidelmoble.com\/es\/wp-json\/wp\/v2\/media?parent=54132"}],"wp:term":[{"taxonomy":"product_brand","embeddable":true,"href":"https:\/\/www.estudidelmoble.com\/es\/wp-json\/wp\/v2\/product_brand?post=54132"},{"taxonomy":"product_cat","embeddable":true,"href":"https:\/\/www.estudidelmoble.com\/es\/wp-json\/wp\/v2\/product_cat?post=54132"},{"taxonomy":"product_tag","embeddable":true,"href":"https:\/\/www.estudidelmoble.com\/es\/wp-json\/wp\/v2\/product_tag?post=54132"}],"curies":[{"name":"wp","href":"https:\/\/api.w.org\/{rel}","templated":true}]}}