{"id":54219,"date":"2022-12-14T12:16:49","date_gmt":"2022-12-14T10:16:49","guid":{"rendered":"https:\/\/www.estudidelmoble.com\/producte\/dossier-aem-num-3-formato-impreso\/"},"modified":"2023-12-19T15:55:26","modified_gmt":"2023-12-19T13:55:26","slug":"dossier-aem-num-3-formato-impreso","status":"publish","type":"product","link":"https:\/\/www.estudidelmoble.com\/es\/producto\/dossier-aem-num-3-formato-impreso\/","title":{"rendered":"Dossier AEM N\u00fam. 3 formato IMPRESO"},"content":{"rendered":"<p>La Associaci\u00f3 per a l\u2019Estudi del Moble edita el Dossier AEM como la primera revista digital de la entidad. A pesar de esto, en el tercer n\u00famero del Dossier hemos decidido hacer una publicaci\u00f3n tambi\u00e9n en formato f\u00edsico.<\/p>\n<p>En cada Dossier AEM se conecta el mueble con otras disciplinas en forma de revista monogr\u00e1fica. En todas las ocasiones participan estudiosos especialistas en otros campos en torno al mueble, y as\u00ed nos enriquecen con sus conocimientos.<\/p>\n<p><em><strong>Gaspar Homar. Decorador, moblista, col\u00b7leccionista <\/strong><\/em>es el tercer Dossier que publica la AEM.<\/p>\n<p>El Gaspar Homar, un importante representante de las artes decorativas del modernismo catal\u00e1n fue el protagonista de las jornadas \u201cHablemos de\u2026\u201d del a\u00f1o 2022 . Es muy conocido su taller de <em>ensemblier, <\/em>del cual salieron muebles con extraordinarias marqueter\u00edas. Pero tambi\u00e9n tuvo influencia en todo lo relacionado con los interiores modernistas: los tejidos, las l\u00e1mparas, las esculturas, etc.<\/p>\n<p>En el Dossier AEM III tenemos las \u00faltimas investigaciones dirigidas a la obra de Gaspar Homar, que dan una visi\u00f3n actualizada de su producci\u00f3n dentro de su contexto hist\u00f3rico y art\u00edstico. Hasta el punto de que se presentan algunas piezas in\u00e9ditas, como el mobiliario de la casa Gar\u00ed de Argentona.<\/p>\n","protected":false},"excerpt":{"rendered":"<p><span style=\"color: #7f2629;\"><strong>Gaspar Homar. Decorador, moblista, col\u00b7leccionista<\/strong><\/span><\/p>\n<p><span style=\"font-weight: 400;\">Revista en formato impreso<br \/>\nEdici\u00f3n con art\u00edculos en catal\u00e1n<\/span><\/p>\n<p><strong>PVP: 29\u20ac<br \/>\nPrecio SOCIOS: 26\u20ac<\/strong><strong><br \/>\n<\/strong><\/p>\n","protected":false},"featured_media":54261,"template":"","meta":{"_acf_changed":false},"product_brand":[],"product_cat":[995],"product_tag":[],"class_list":{"0":"post-54219","1":"product","2":"type-product","3":"status-publish","4":"has-post-thumbnail","6":"product_cat-dossier-aem-es","7":"product_shipping_class-envio-2","9":"first","10":"instock","11":"featured","12":"taxable","13":"shipping-taxable","14":"purchasable","15":"product-type-variable"},"acf":[],"_links":{"self":[{"href":"https:\/\/www.estudidelmoble.com\/es\/wp-json\/wp\/v2\/product\/54219","targetHints":{"allow":["GET"]}}],"collection":[{"href":"https:\/\/www.estudidelmoble.com\/es\/wp-json\/wp\/v2\/product"}],"about":[{"href":"https:\/\/www.estudidelmoble.com\/es\/wp-json\/wp\/v2\/types\/product"}],"version-history":[{"count":0,"href":"https:\/\/www.estudidelmoble.com\/es\/wp-json\/wp\/v2\/product\/54219\/revisions"}],"wp:featuredmedia":[{"embeddable":true,"href":"https:\/\/www.estudidelmoble.com\/es\/wp-json\/wp\/v2\/media\/54261"}],"wp:attachment":[{"href":"https:\/\/www.estudidelmoble.com\/es\/wp-json\/wp\/v2\/media?parent=54219"}],"wp:term":[{"taxonomy":"product_brand","embeddable":true,"href":"https:\/\/www.estudidelmoble.com\/es\/wp-json\/wp\/v2\/product_brand?post=54219"},{"taxonomy":"product_cat","embeddable":true,"href":"https:\/\/www.estudidelmoble.com\/es\/wp-json\/wp\/v2\/product_cat?post=54219"},{"taxonomy":"product_tag","embeddable":true,"href":"https:\/\/www.estudidelmoble.com\/es\/wp-json\/wp\/v2\/product_tag?post=54219"}],"curies":[{"name":"wp","href":"https:\/\/api.w.org\/{rel}","templated":true}]}}