{"id":55798,"date":"2023-01-24T11:47:51","date_gmt":"2023-01-24T09:47:51","guid":{"rendered":"https:\/\/www.estudidelmoble.com\/producte\/inscripcion-hablemos-de-los-pioneros-de-la-decoracion\/"},"modified":"2023-02-27T13:24:03","modified_gmt":"2023-02-27T11:24:03","slug":"inscripcion-hablamos-de-los-pioneros-de-la-decoracion","status":"publish","type":"product","link":"https:\/\/www.estudidelmoble.com\/es\/producto\/inscripcion-hablamos-de-los-pioneros-de-la-decoracion\/","title":{"rendered":"Inscripci\u00f3n Hablamos de&#8230;Los pioneros de la decoraci\u00f3n"},"content":{"rendered":"<p><strong>D\u00edas 2 y 3 de marzo<br \/>\nVisitas el d\u00eda 2 de 11.00 a 13.15<br \/>\nConferencias el d\u00eda 3 de 09.15 a 19.15 h<\/strong><\/p>\n<p>En esta ocasi\u00f3n dedicamos la jornada del \u00abHablamos de\u00bb a los pioneros de la profesi\u00f3n de decorador en Catalu\u00f1a. Se trata de los primeros profesionales que desde finales de los a\u00f1os 20 del siglo XX se empiezan a designar a s\u00ed mismos con el nombre de decoradores, puesto que son conscientes de pertenecer a una nueva profesi\u00f3n.<\/p>\n<p>Muchos de estos decoradores eran mueblistas que se dedicaban a los proyectos de interiorismo de espacios privados y p\u00fablicos. Algunos de ellos son todav\u00eda figuras bastante desconocidas que ser\u00e1n presentadas por especialistas que han descubierto que desarrollaron una obra llena de modernidad. De hecho, el segundo cuarto del siglo XX es un periodo convulso y apasionando donde en los proyectos de los decoradores catalanes se fusiona la renovaci\u00f3n formal proveniente de los movimientos europeos con los estilos cl\u00e1sicos.<\/p>\n<p>Sin duda, esta producci\u00f3n de los pioneros de la decoraci\u00f3n es la antesala del dise\u00f1o de interiores tan relevante en Catalu\u00f1a en d\u00e9cadas posteriores.<\/p>\n<p>Las conferencias se complementar\u00e1n con una visita a Capitan\u00eda General, Foment del Treball, sede del BBVA en Barcelona y Setdart.<\/p>\n<p>Per a leer m\u00e1s informaci\u00f3n sobre el PROGRAMA del <strong>Hablamos De\u2026 Los pioneros de la decoraci\u00f3n <\/strong>haz clic <a href=\"https:\/\/www.estudidelmoble.com\/es\/hablamos-de-los-pioneros-de-la-decoracion\/\" target=\"_blank\" rel=\"noopener\"><strong><span style=\"color: #7f2629;\">AQU\u00cd<\/span><\/strong><\/a><\/p>\n","protected":false},"excerpt":{"rendered":"<p><span style=\"color: #7f2629;\"><strong>D\u00edas 2 y 3 de marzo de 2023.<\/strong><\/span><\/p>\n<p><i>Idioma: catal\u00e1n y castellano<\/i><span style=\"color: #7f2629;\"><strong><span style=\"color: #333333;\"><br \/>\n<\/span><\/strong><\/span><\/p>\n<p><strong>PVP:\u00a0 85\u20ac<\/strong><br \/>\n<strong>Socis:\u00a0 50\u20ac<br \/>\n*Precio AMIGO:<b> 65\u20ac\u00a0<\/b><\/strong> (Socios\/usuarios de: CRAC, Amics dels Museu de Catalunya, AMC, FHD, FAD, Amics del MNAC, COAC, CODIC, Gremi de Fusta i Moble y usuarios del carnet del CDOC)<br \/>\n<strong>*Precio Especial<\/strong>:\u00a0<strong>55\u20ac <\/strong>(estudiantes y parados)<strong><br \/>\n<\/strong><\/p>\n<p><strong><span style=\"color: #8e2920;\"><b>Incluye el <\/b><\/span><b><span style=\"color: #8e2920;\">DOSSIER AEM 4, revista digital con los art\u00edculos <\/span><\/b><\/strong><strong><b><span style=\"color: #8e2920;\">de la jornada, disponible con posterioridad al curso.<\/span> <\/b><\/strong><\/p>\n<p><span style=\"color: #007196;\"><em><b>*<\/b> Consultar m\u00e1s abajo\u00a0 <b>C\u00d3DIGOS de DESCUENTO<\/b><b><br \/>\n<\/b><i>Descuentos no acumulables<\/i><\/em><\/span><\/p>\n","protected":false},"featured_media":55692,"template":"","meta":{"_acf_changed":false},"product_brand":[],"product_cat":[946],"product_tag":[],"class_list":{"0":"post-55798","1":"product","2":"type-product","3":"status-publish","4":"has-post-thumbnail","6":"product_cat-cursos-es","8":"first","9":"instock","10":"purchasable","11":"product-type-variable"},"acf":[],"_links":{"self":[{"href":"https:\/\/www.estudidelmoble.com\/es\/wp-json\/wp\/v2\/product\/55798","targetHints":{"allow":["GET"]}}],"collection":[{"href":"https:\/\/www.estudidelmoble.com\/es\/wp-json\/wp\/v2\/product"}],"about":[{"href":"https:\/\/www.estudidelmoble.com\/es\/wp-json\/wp\/v2\/types\/product"}],"version-history":[{"count":0,"href":"https:\/\/www.estudidelmoble.com\/es\/wp-json\/wp\/v2\/product\/55798\/revisions"}],"wp:featuredmedia":[{"embeddable":true,"href":"https:\/\/www.estudidelmoble.com\/es\/wp-json\/wp\/v2\/media\/55692"}],"wp:attachment":[{"href":"https:\/\/www.estudidelmoble.com\/es\/wp-json\/wp\/v2\/media?parent=55798"}],"wp:term":[{"taxonomy":"product_brand","embeddable":true,"href":"https:\/\/www.estudidelmoble.com\/es\/wp-json\/wp\/v2\/product_brand?post=55798"},{"taxonomy":"product_cat","embeddable":true,"href":"https:\/\/www.estudidelmoble.com\/es\/wp-json\/wp\/v2\/product_cat?post=55798"},{"taxonomy":"product_tag","embeddable":true,"href":"https:\/\/www.estudidelmoble.com\/es\/wp-json\/wp\/v2\/product_tag?post=55798"}],"curies":[{"name":"wp","href":"https:\/\/api.w.org\/{rel}","templated":true}]}}