{"id":58653,"date":"2023-07-24T11:19:56","date_gmt":"2023-07-24T09:19:56","guid":{"rendered":"https:\/\/www.estudidelmoble.com\/producto\/historia-del-mueble-siglos-xx-y-xxi-v-edicion\/"},"modified":"2023-09-19T14:02:45","modified_gmt":"2023-09-19T12:02:45","slug":"historia-del-mueble-siglos-xx-y-xxi-v-edicion","status":"publish","type":"product","link":"https:\/\/www.estudidelmoble.com\/es\/producto\/historia-del-mueble-siglos-xx-y-xxi-v-edicion\/","title":{"rendered":"Historia del mueble. Siglos XX y XXI. V edici\u00f3n"},"content":{"rendered":"\t\t<div data-elementor-type=\"product-post\" data-elementor-id=\"58653\" class=\"elementor elementor-58653 elementor-58553\" data-elementor-post-type=\"product\">\n\t\t\t\t\t\t<section class=\"elementor-section elementor-top-section elementor-element elementor-element-4b61e506 elementor-section-boxed elementor-section-height-default elementor-section-height-default\" data-id=\"4b61e506\" data-element_type=\"section\" data-e-type=\"section\">\n\t\t\t\t\t\t<div class=\"elementor-container elementor-column-gap-default\">\n\t\t\t\t\t<div class=\"elementor-column elementor-col-100 elementor-top-column elementor-element elementor-element-3d790b49\" data-id=\"3d790b49\" data-element_type=\"column\" data-e-type=\"column\">\n\t\t\t<div class=\"elementor-widget-wrap elementor-element-populated\">\n\t\t\t\t\t\t<div class=\"elementor-element elementor-element-1c472770 elementor-widget elementor-widget-text-editor\" data-id=\"1c472770\" data-element_type=\"widget\" data-e-type=\"widget\" data-widget_type=\"text-editor.default\">\n\t\t\t\t\t\t\t\t\t<p><i><span style=\"color: #7f2629;\"><strong>Hist\u00f2ria del moble. Segles XX i XXI<\/strong><\/span><\/i><br \/><strong>el 25 d&#8217;octubre al 29 de maig<\/strong><\/p><p>El segle xx \u00e9s considerat un per\u00edode especialment interessant per a la hist\u00f2ria del moble. Els incessants canvis econ\u00f2mics, socials i culturals afecten profundament l&#8217;art, l&#8217;arquitectura i el disseny, generant un escenari de propostes sense precedents.<\/p><p>El curs aborda aquest complex per\u00edode, aproxima als plantejaments m\u00e9s innovadors i es proposa:<br \/>\u2013 Superar la visi\u00f3 basada en categories estil\u00edstiques per arribar a un enteniment cr\u00edtic de les raons que porten a noves maneres de dissenyar i produir l&#8217;interior i el mobiliari que se succeeixen entre finals del segle xix i principis del segle xxi.<br \/>\u2013 Centrar l&#8217;atenci\u00f3 en el context internacional, principalment a Europa i els Estats Units.<br \/>\u2013 Establir una relaci\u00f3 directa amb els entorns m\u00e9s pr\u00f2xims del disseny catal\u00e0 i espanyol.<\/p><p>Per a llegir m\u00e9s informaci\u00f3 sobre el PROGRAMA del Curs d\u2019Hist\u00f2ria del moble. Segles XX i XX, fes clic <a href=\"https:\/\/www.estudidelmoble.com\/historia-del-moble-segles-xx-i-xxi-v-edicio\/\" target=\"_blank\" rel=\"noopener\">AQU\u00cd<\/a>.<\/p>\t\t\t\t\t\t\t\t<\/div>\n\t\t\t\t\t<\/div>\n\t\t<\/div>\n\t\t\t\t\t<\/div>\n\t\t<\/section>\n\t\t\t\t<\/div>\n\t\t","protected":false},"excerpt":{"rendered":"<p><strong><span style=\"color: #800000;\">Edici\u00f3n V<\/span><\/strong><br \/>\n<strong>Curso presencial de 75 horas<\/strong><br \/>\n<strong>Idioma:<\/strong> Castellano y catal\u00e1n<\/p>\n<p><strong>Socio AEM:<\/strong> 290 \u20ac<br \/>\n<strong>PVP: <\/strong>520 \u20ac<br \/>\n<strong>*Precio AMIGO:<\/strong> 390\u20ac<br \/>\n<strong>*Precio Especial:<\/strong> 442\u20ac<br \/>\n<strong>*Estudiante (-25 a\u00f1os) :<\/strong> 170 \u20ac<br \/>\n<strong>*Estudiante (+25 a\u00f1os):<\/strong>\u00a0290 \u20ac<br \/>\n<strong>*Estudiante ESCRBCC :<\/strong> 170 \u20ac<\/p>\n<p><span style=\"color: #007196;\"><strong>*<\/strong> Consultar instrucciones en <strong>PRECIOS y DESCUENTOS <\/strong><br \/>\n<em>Descuentos no acumulables<\/em><\/span><\/p>\n","protected":false},"featured_media":58498,"template":"","meta":{"_acf_changed":false},"product_brand":[],"product_cat":[946],"product_tag":[],"class_list":{"0":"post-58653","1":"product","2":"type-product","3":"status-publish","4":"has-post-thumbnail","6":"product_cat-cursos-es","8":"first","9":"instock","10":"purchasable","11":"product-type-variable"},"acf":[],"_links":{"self":[{"href":"https:\/\/www.estudidelmoble.com\/es\/wp-json\/wp\/v2\/product\/58653","targetHints":{"allow":["GET"]}}],"collection":[{"href":"https:\/\/www.estudidelmoble.com\/es\/wp-json\/wp\/v2\/product"}],"about":[{"href":"https:\/\/www.estudidelmoble.com\/es\/wp-json\/wp\/v2\/types\/product"}],"version-history":[{"count":0,"href":"https:\/\/www.estudidelmoble.com\/es\/wp-json\/wp\/v2\/product\/58653\/revisions"}],"wp:featuredmedia":[{"embeddable":true,"href":"https:\/\/www.estudidelmoble.com\/es\/wp-json\/wp\/v2\/media\/58498"}],"wp:attachment":[{"href":"https:\/\/www.estudidelmoble.com\/es\/wp-json\/wp\/v2\/media?parent=58653"}],"wp:term":[{"taxonomy":"product_brand","embeddable":true,"href":"https:\/\/www.estudidelmoble.com\/es\/wp-json\/wp\/v2\/product_brand?post=58653"},{"taxonomy":"product_cat","embeddable":true,"href":"https:\/\/www.estudidelmoble.com\/es\/wp-json\/wp\/v2\/product_cat?post=58653"},{"taxonomy":"product_tag","embeddable":true,"href":"https:\/\/www.estudidelmoble.com\/es\/wp-json\/wp\/v2\/product_tag?post=58653"}],"curies":[{"name":"wp","href":"https:\/\/api.w.org\/{rel}","templated":true}]}}