{"id":60307,"date":"2023-12-14T15:05:38","date_gmt":"2023-12-14T13:05:38","guid":{"rendered":"https:\/\/www.estudidelmoble.com\/producto\/dossier-aem-num-4-impreso\/"},"modified":"2023-12-21T10:54:18","modified_gmt":"2023-12-21T08:54:18","slug":"dossier-aem-num-4-impreso","status":"publish","type":"product","link":"https:\/\/www.estudidelmoble.com\/es\/producto\/dossier-aem-num-4-impreso\/","title":{"rendered":"Dossier AEM N\u00fam. 4 IMPRESO"},"content":{"rendered":"<p>La Asociaci\u00f3n para el Estudio del Mueble edita el Dosier AEM como la primera revista digital. Sin embargo, en el tercer n\u00famero del Dosier hemos decidido hacer una publicaci\u00f3n tambi\u00e9n en formato f\u00edsico.<\/p>\n<p>En cada Dosier\u00a0AEM\u00a0se conecta el mueble con otras disciplinas en forma de revista monogr\u00e1fica. En todas las ocasiones participan estudiosos especialistas en otros campos alrededor del mueble, y as\u00ed nos enriquecen con sus conocimientos.<\/p>\n<p><em><strong>Los pioneros de la decoraci\u00f3n <\/strong><\/em>es el cuarto Dossier que edita la AEM.<\/p>\n<p>Las \u00faltimas jornadas de \u00abHablamos de&#8230;\u00bb se dedicaron a los pioneros de la profesi\u00f3n de decorador en Catalu\u00f1a. Se quiso hacer homenaje y hacer un reconocimiento a aquellos primeros profesionales que desde finales de la d\u00e9cada del 1920 se empezaron a designar ellos mismos con el nombre de decoradores, conscientes de pertenecer a una nueva profesi\u00f3n a pesar de que muchos de ellos eran mueblistas que se dedicaban a proyectos de interiorismo de espacios privados y p\u00fablicos y que han sido mayoritariamente olvidados o poco tratados en la historiograf\u00eda contempor\u00e1nea.<\/p>\n","protected":false},"excerpt":{"rendered":"<p><span style=\"color: #7f2629;\"><strong>Los pioneros de la decoraci\u00f3n<\/strong><\/span><\/p>\n<p><span style=\"font-weight: 400;\">Revista en formato impreso<br \/>\nEdici\u00f3n con art\u00edculos en catal\u00e1n<\/span><\/p>\n<p><strong>PVP: 29\u20ac<br \/>\nPrecio SOCIOS: 26\u20ac<\/strong><\/p>\n","protected":false},"featured_media":60126,"template":"","meta":{"_acf_changed":false},"product_brand":[],"product_cat":[995],"product_tag":[],"class_list":{"0":"post-60307","1":"product","2":"type-product","3":"status-publish","4":"has-post-thumbnail","6":"product_cat-dossier-aem-es","7":"product_shipping_class-envio-2","9":"first","10":"instock","11":"featured","12":"taxable","13":"shipping-taxable","14":"purchasable","15":"product-type-variable"},"acf":[],"_links":{"self":[{"href":"https:\/\/www.estudidelmoble.com\/es\/wp-json\/wp\/v2\/product\/60307","targetHints":{"allow":["GET"]}}],"collection":[{"href":"https:\/\/www.estudidelmoble.com\/es\/wp-json\/wp\/v2\/product"}],"about":[{"href":"https:\/\/www.estudidelmoble.com\/es\/wp-json\/wp\/v2\/types\/product"}],"version-history":[{"count":0,"href":"https:\/\/www.estudidelmoble.com\/es\/wp-json\/wp\/v2\/product\/60307\/revisions"}],"wp:featuredmedia":[{"embeddable":true,"href":"https:\/\/www.estudidelmoble.com\/es\/wp-json\/wp\/v2\/media\/60126"}],"wp:attachment":[{"href":"https:\/\/www.estudidelmoble.com\/es\/wp-json\/wp\/v2\/media?parent=60307"}],"wp:term":[{"taxonomy":"product_brand","embeddable":true,"href":"https:\/\/www.estudidelmoble.com\/es\/wp-json\/wp\/v2\/product_brand?post=60307"},{"taxonomy":"product_cat","embeddable":true,"href":"https:\/\/www.estudidelmoble.com\/es\/wp-json\/wp\/v2\/product_cat?post=60307"},{"taxonomy":"product_tag","embeddable":true,"href":"https:\/\/www.estudidelmoble.com\/es\/wp-json\/wp\/v2\/product_tag?post=60307"}],"curies":[{"name":"wp","href":"https:\/\/api.w.org\/{rel}","templated":true}]}}