{"id":60318,"date":"2023-12-14T13:19:38","date_gmt":"2023-12-14T11:19:38","guid":{"rendered":"https:\/\/www.estudidelmoble.com\/producto\/dossier-aem-num-4-digital\/"},"modified":"2023-12-21T12:53:12","modified_gmt":"2023-12-21T10:53:12","slug":"dossier-aem-num-4-digital","status":"publish","type":"product","link":"https:\/\/www.estudidelmoble.com\/es\/producto\/dossier-aem-num-4-digital\/","title":{"rendered":"Dossier AEM N\u00fam. 4 DIGITAL"},"content":{"rendered":"<p>La primera revista digital de la Associaci\u00f3 per a l\u2019Estudi del Moble es el Dossier AEM. Se trata de una publicaci\u00f3n pensada tambi\u00e9n para poder ser descargada y impresa.<\/p>\n<p>Cada Dossier AEM es una revista monogr\u00e1fica que, al mismo tiempo, conecta el mueble con otras disciplinas. De esta forma, se invita a la participaci\u00f3n de estudiosos que trabajan en otros campos para enriquecernos de sus conocimientos.<\/p>\n<p><em><strong>Los pioneros de la decoraci\u00f3n <\/strong><\/em>es el cuarto Dossier que edita la AEM.<\/p>\n<p>Las \u00faltimas jornadas de Hablamps de&#8230; se dedicaron a los pioneros de la profesi\u00f3n de decorador en Catalu\u00f1a. Se quiso hacer homenaje y hacer un reconocimiento a aquellos primeros profesionales que desde finales de la d\u00e9cada del 1920 se empezaron a designar ellos mismos con el nombre de decoradores, conscientes de pertenecer a una nueva profesi\u00f3n a pesar de que muchos de ellos eran mueblistas que se dedicaban a proyectos de interiorismo de espacios privados y p\u00fablicos y que han sido mayoritariamente olvidados o poco tratados en la historiograf\u00eda contempor\u00e1nea.<\/p>\n","protected":false},"excerpt":{"rendered":"<p><span style=\"color: #7f2629;\"><strong>Los pioneros de la decoraci\u00f3n<\/strong><\/span><\/p>\n<p><span style=\"font-weight: 400;\">Revista digital en formato PDF<br \/>\nEdici\u00f3n con art\u00edcluos en catal\u00e1n y castellano<\/span><\/p>\n<p><strong>PVP: 18\u20ac<br \/>\nPrecio SOCIOS: <span style=\"color: #106d87;\">GRATUITO<\/span><br \/>\n<\/strong><span style=\"color: #106d87;\">(solicita tu c\u00f3digo en info@estudidelmoble.com)<\/span><strong><br \/>\n<\/strong><\/p>\n","protected":false},"featured_media":60126,"template":"","meta":{"_acf_changed":false},"product_brand":[],"product_cat":[995],"product_tag":[],"class_list":{"0":"post-60318","1":"product","2":"type-product","3":"status-publish","4":"has-post-thumbnail","6":"product_cat-dossier-aem-es","8":"first","9":"instock","10":"featured","11":"downloadable","12":"virtual","13":"taxable","14":"purchasable","15":"product-type-simple"},"acf":[],"_links":{"self":[{"href":"https:\/\/www.estudidelmoble.com\/es\/wp-json\/wp\/v2\/product\/60318","targetHints":{"allow":["GET"]}}],"collection":[{"href":"https:\/\/www.estudidelmoble.com\/es\/wp-json\/wp\/v2\/product"}],"about":[{"href":"https:\/\/www.estudidelmoble.com\/es\/wp-json\/wp\/v2\/types\/product"}],"version-history":[{"count":0,"href":"https:\/\/www.estudidelmoble.com\/es\/wp-json\/wp\/v2\/product\/60318\/revisions"}],"wp:featuredmedia":[{"embeddable":true,"href":"https:\/\/www.estudidelmoble.com\/es\/wp-json\/wp\/v2\/media\/60126"}],"wp:attachment":[{"href":"https:\/\/www.estudidelmoble.com\/es\/wp-json\/wp\/v2\/media?parent=60318"}],"wp:term":[{"taxonomy":"product_brand","embeddable":true,"href":"https:\/\/www.estudidelmoble.com\/es\/wp-json\/wp\/v2\/product_brand?post=60318"},{"taxonomy":"product_cat","embeddable":true,"href":"https:\/\/www.estudidelmoble.com\/es\/wp-json\/wp\/v2\/product_cat?post=60318"},{"taxonomy":"product_tag","embeddable":true,"href":"https:\/\/www.estudidelmoble.com\/es\/wp-json\/wp\/v2\/product_tag?post=60318"}],"curies":[{"name":"wp","href":"https:\/\/api.w.org\/{rel}","templated":true}]}}