{"id":60358,"date":"2017-09-14T11:59:24","date_gmt":"2017-09-14T09:59:24","guid":{"rendered":"https:\/\/www.estudidelmoble.com\/producto\/inlay-in-the-mediterranean-basin\/"},"modified":"2024-01-02T12:45:35","modified_gmt":"2024-01-02T10:45:35","slug":"publicacion-12-inlay","status":"publish","type":"product","link":"https:\/\/www.estudidelmoble.com\/es\/producto\/publicacion-12-inlay\/","title":{"rendered":"Inlay in the Mediterranean Basin"},"content":{"rendered":"<p><span style=\"font-weight: 400;\"><em>Inlay in the Mediterranean Basin <\/em>es la versi\u00f3n en ingl\u00e9s del libro <em><span style=\"color: #000000;\">Marqueteries a la conca del Mediterrani. <\/span><\/em>Este libro ofrece novedades sobre la taracea desarrollada en nuestro entorno m\u00e1s cercano. <\/span><span style=\"font-weight: 400;\">Que especialistas del mueble espa\u00f1oles lideren los estudios sobre la taracea realizada en la pen\u00ednsula Ib\u00e9rica es una gran noticia. Por una vez, las aportaciones no llegan de pa\u00edses anglosajones, sino que nuestros profesionales ofrecen relevantes aportaciones sobre el <\/span><span style=\"font-weight: 400;\">tema.<\/span><\/p>\n<p><span style=\"font-weight: 400;\">Centramos la atenci\u00f3n en los trabajos realizados en el Mediterr\u00e1neo y lo concretamos en <\/span><span style=\"font-weight: 400;\">tres tipos diferentes de taracea. Por un lado, la taracea isl\u00e1mica y sus derivados mud\u00e9jares. Por otro lado, a taraceas desarrolladas en la pen\u00ednsula italiana en el periodo g\u00f3tico y renacentista y en las obras localizadas en la pen\u00ednsula Ib\u00e9rica y Mallorca que tienen como referencia aquellas propuestas. El tercer asunto tratado fue el de las producciones con marqueter\u00eda de los siglos XIX y XX. Dentro de estas \u00faltimas, se trataron centros como Sorrento, cuya marqueter\u00eda presenta una destacada personalidad, y Barcelona, donde se localizaban talleres que copiaban los modelos de la edad moderna con tanto conocimiento <\/span><span style=\"font-weight: 400;\">de la materia, que sus realizaciones son continuo motivo de pol\u00e9mica a la hora de establecer dataciones.<\/span><\/p>\n","protected":false},"excerpt":{"rendered":"<p><strong>PUBLICACI\u00d3N 12<\/strong><\/p>\n<p><span style=\"color: #7f2629;\"><strong><b>Inlay in the Mediterranean Basin<\/b><\/strong><\/span><\/p>\n<p class=\"p1\">Edici\u00f3n en ingl\u00e9s<\/p>\n<p><strong>PVP: 18\u20ac<br \/>\nPrecio SOCIOS: 15\u20ac<\/strong><\/p>\n","protected":false},"featured_media":60356,"template":"","meta":{"_acf_changed":false},"product_brand":[],"product_cat":[833],"product_tag":[],"class_list":{"0":"post-60358","1":"product","2":"type-product","3":"status-publish","4":"has-post-thumbnail","6":"product_cat-publicaciones","7":"product_shipping_class-envio-2","9":"first","10":"instock","11":"taxable","12":"shipping-taxable","13":"purchasable","14":"product-type-variable"},"acf":[],"_links":{"self":[{"href":"https:\/\/www.estudidelmoble.com\/es\/wp-json\/wp\/v2\/product\/60358","targetHints":{"allow":["GET"]}}],"collection":[{"href":"https:\/\/www.estudidelmoble.com\/es\/wp-json\/wp\/v2\/product"}],"about":[{"href":"https:\/\/www.estudidelmoble.com\/es\/wp-json\/wp\/v2\/types\/product"}],"version-history":[{"count":0,"href":"https:\/\/www.estudidelmoble.com\/es\/wp-json\/wp\/v2\/product\/60358\/revisions"}],"wp:featuredmedia":[{"embeddable":true,"href":"https:\/\/www.estudidelmoble.com\/es\/wp-json\/wp\/v2\/media\/60356"}],"wp:attachment":[{"href":"https:\/\/www.estudidelmoble.com\/es\/wp-json\/wp\/v2\/media?parent=60358"}],"wp:term":[{"taxonomy":"product_brand","embeddable":true,"href":"https:\/\/www.estudidelmoble.com\/es\/wp-json\/wp\/v2\/product_brand?post=60358"},{"taxonomy":"product_cat","embeddable":true,"href":"https:\/\/www.estudidelmoble.com\/es\/wp-json\/wp\/v2\/product_cat?post=60358"},{"taxonomy":"product_tag","embeddable":true,"href":"https:\/\/www.estudidelmoble.com\/es\/wp-json\/wp\/v2\/product_tag?post=60358"}],"curies":[{"name":"wp","href":"https:\/\/api.w.org\/{rel}","templated":true}]}}