{"id":60825,"date":"2024-01-25T14:07:49","date_gmt":"2024-01-25T12:07:49","guid":{"rendered":"https:\/\/www.estudidelmoble.com\/producto\/inscripcion-hablemos-de-en-ruta\/"},"modified":"2024-02-08T12:32:43","modified_gmt":"2024-02-08T10:32:43","slug":"inscripcion-hablamos-de-en-ruta","status":"publish","type":"product","link":"https:\/\/www.estudidelmoble.com\/es\/producto\/inscripcion-hablamos-de-en-ruta\/","title":{"rendered":"Inscripci\u00f3n Hablamos de&#8230; \u00a1En ruta!"},"content":{"rendered":"<p><strong>D\u00edas: 29 de febrero y 1 de marzo<br \/>\nVisitas: 29 de febrero de 10.00 h a 14.00 h<br \/>\nConferencias el d\u00eda 1 de marzo de 10.00 a 18.15 h<\/strong><\/p>\n<p>En esta ocasi\u00f3n dedicamos la jornada del \u00abHablamos de\u00bb a los medios de transporte y sus interiores y mobiliario. Unos espacios (trenes, barcos, autom\u00f3viles, carruajes, metro, aviones, naves espaciales&#8230;) donde la funci\u00f3n marca las pautas, pero donde los responsables del dise\u00f1o dejan huella de su creatividad. Los interiores y los muebles de los transportes se adaptan a las modas y sacan provecho a los materiales disponibles en cada momento y es por esta raz\u00f3n que los queremos analizar en esta jornada.<\/p>\n<p>Os invitamos a entrar en los medios de transporte y fijar la vista en aquello que normalmente pasa desapercibido, pero es relevante para la eficacia del servicio.<\/p>\n<p>Las conferencias se complementar\u00e1n con visitas al Museu Mar\u00edtim de Barcelona y al Museu de Carrosses F\u00fanebres de Barcelona.<\/p>\n<p>Para leer m\u00e1s informaci\u00f3n sobre el PROGRAMA del <strong>Hablamos De\u2026 \u00a1En ruta! Interiores y mobiliario en medios de transporte <\/strong>haz clic <a href=\"https:\/\/www.estudidelmoble.com\/es\/hablamos-de-en-ruta-interiores-y-mobiliario-en-medios-de-transporte\/\" target=\"_blank\" rel=\"noopener\"><strong><span style=\"color: #7f2629;\">AQU\u00cd<\/span><\/strong><\/a><\/p>\n","protected":false},"excerpt":{"rendered":"<p><span style=\"color: #7f2629;\"><strong>D\u00edas 29 de febrero y 1 de marzo de 2024<\/strong><\/span><\/p>\n<p><i>Idioma: catal\u00e1n y castellano<\/i><span style=\"color: #7f2629;\"><strong><span style=\"color: #333333;\"><br \/>\n<\/span><\/strong><\/span><\/p>\n<p><strong>PVP:\u00a0 85\u20ac<\/strong><br \/>\n<strong>Socios:\u00a0 50\u20ac<br \/>\n*Precio AMIGO:<b> 65\u20ac\u00a0<\/b><\/strong><br \/>\n<strong>*Precio Especial<\/strong>:\u00a0<strong>50\u20ac <\/strong>(estudiantes y desempleados)<strong><br \/>\n<\/strong><\/p>\n<p><strong><span style=\"color: #8e2920;\"><b>Incluye el <\/b><\/span><b><span style=\"color: #8e2920;\">DOSSIER AEM 5, revista digital con los art\u00edculos <\/span><\/b><\/strong><strong><b><span style=\"color: #8e2920;\">de la jornada, disponible con posterioridad al curso.<\/span> <\/b><\/strong><\/p>\n<p><span style=\"color: #007196;\"><em><b>*<\/b> Consultar\u00a0 <b>C\u00d3DIGOS de DESCUENTO<\/b><b><br \/>\n<\/b><i>Descuentos no acumulables<\/i><\/em><\/span><\/p>\n","protected":false},"featured_media":60765,"template":"","meta":{"_acf_changed":false},"product_brand":[],"product_cat":[946],"product_tag":[],"class_list":{"0":"post-60825","1":"product","2":"type-product","3":"status-publish","4":"has-post-thumbnail","6":"product_cat-cursos-es","8":"first","9":"instock","10":"purchasable","11":"product-type-variable"},"acf":[],"_links":{"self":[{"href":"https:\/\/www.estudidelmoble.com\/es\/wp-json\/wp\/v2\/product\/60825","targetHints":{"allow":["GET"]}}],"collection":[{"href":"https:\/\/www.estudidelmoble.com\/es\/wp-json\/wp\/v2\/product"}],"about":[{"href":"https:\/\/www.estudidelmoble.com\/es\/wp-json\/wp\/v2\/types\/product"}],"version-history":[{"count":0,"href":"https:\/\/www.estudidelmoble.com\/es\/wp-json\/wp\/v2\/product\/60825\/revisions"}],"wp:featuredmedia":[{"embeddable":true,"href":"https:\/\/www.estudidelmoble.com\/es\/wp-json\/wp\/v2\/media\/60765"}],"wp:attachment":[{"href":"https:\/\/www.estudidelmoble.com\/es\/wp-json\/wp\/v2\/media?parent=60825"}],"wp:term":[{"taxonomy":"product_brand","embeddable":true,"href":"https:\/\/www.estudidelmoble.com\/es\/wp-json\/wp\/v2\/product_brand?post=60825"},{"taxonomy":"product_cat","embeddable":true,"href":"https:\/\/www.estudidelmoble.com\/es\/wp-json\/wp\/v2\/product_cat?post=60825"},{"taxonomy":"product_tag","embeddable":true,"href":"https:\/\/www.estudidelmoble.com\/es\/wp-json\/wp\/v2\/product_tag?post=60825"}],"curies":[{"name":"wp","href":"https:\/\/api.w.org\/{rel}","templated":true}]}}