{"id":62572,"date":"2024-06-25T09:36:42","date_gmt":"2024-06-25T07:36:42","guid":{"rendered":"https:\/\/www.estudidelmoble.com\/producto\/historia-del-mueble-europeo-hasta-1900-curso-2024-2025\/"},"modified":"2024-09-17T11:22:37","modified_gmt":"2024-09-17T09:22:37","slug":"historia-del-mueble-europeo-hasta-1900-curso-2024-2025","status":"publish","type":"product","link":"https:\/\/www.estudidelmoble.com\/es\/producto\/historia-del-mueble-europeo-hasta-1900-curso-2024-2025\/","title":{"rendered":"Historia del mueble europeo hasta 1900. Curso 2024-2025"},"content":{"rendered":"<p><i><strong><a href=\"https:\/\/www.estudidelmoble.com\/es\/curso-de-historia-del-mueble-europeo-hasta-1900-aprende-practica-descubre-2024-2025\/\" target=\"_blank\" rel=\"noopener\">Historia del mueble hasta 1900<\/a>. Curso 2024-2025<\/strong><\/i><br \/>\n<strong>Del 15 de octubre al 17 de junio<\/strong><\/p>\n<p>Ahora que debemos recuperar los muebles antiguos como exigencia medioambiental, os ofrecemos la oportunidad de acercaros a ellos de forma abierta, pr\u00e1ctica y cercana.<br \/>\nDisfrutar\u00e9is entendiendo el mueble y la decoraci\u00f3n en su contexto hist\u00f3rico, aprender\u00e9is a identificar los estilos, reconocer las obras principales y a diferenciar sistemas de construcci\u00f3n y calidades. Se tratar\u00e1 el mueble en los principales pa\u00edses europeos desde el punto de vista art\u00edstico, t\u00e9cnico y sociol\u00f3gico, incidiendo en obras famosas internacionalmente y dando relevancia al mueble espa\u00f1ol, especialmente, al catal\u00e1n.<br \/>\nRecibir\u00e9is las herramientas que os permitir\u00e1n aprender sobre este rico patrimonio. Las sesiones motivan el aprendizaje personal y la relaci\u00f3n entre compa\u00f1eros\/as para crear una red de amistades con intereses comunes.<\/p>\n<p>Para leer m\u00e1s informaci\u00f3n sobre el PROGRAMA del Curso de Historia del mueble europeo hasta el 1900, haz clic <a href=\"https:\/\/www.estudidelmoble.com\/wp-content\/uploads\/2024\/06\/Curso-Historia-del-mueble-europeo-24-25.pdf\" target=\"_blank\" rel=\"noopener\">AQU\u00cd<\/a>.<\/p>\n","protected":false},"excerpt":{"rendered":"<p><strong><span style=\"color: #800000;\">Edici\u00f3n IX<\/span><\/strong><br \/>\n<strong>Curso presencial de 96 horas<\/strong><br \/>\n<strong>Idioma:<\/strong> Castellano y catal\u00e1n<\/p>\n<p><strong>Precio Socio AEM:<\/strong> 375 \u20ac<br \/>\n<strong>PVP:<\/strong> 680 \u20ac<br \/>\n<strong>*Estudiante (-25 a\u00f1os):\u00a0<\/strong> 225 \u20ac<br \/>\n<strong>*Estudiante (+25 a\u00f1os):<\/strong>\u00a0 375 \u20ac<br \/>\n<strong>*Descuento del 25% sobre el PVP (Precio Amigo)<\/strong>: 510 \u20ac (usuarios del carnet del Centre de Documentaci\u00f3 del Museu del Disseny de Barcelona y usuarios de entidades colaboradoras)<br \/>\n<strong>*Descuento del 15% sobre el PVP (Precio Especial)<\/strong>: 578 \u20ac (usuarios del Carnet Biblioteques de Barcelona)<\/p>\n<p><span style=\"color: #007196;\"><strong>*<\/strong> Consultar instrucciones a <strong>PRECIOS y DESCUENTOS <\/strong><br \/>\n<em>Descuentos no acumulables<\/em><\/span><\/p>\n<p>Para alternativas en la forma de pago, contacta con nosotros<\/p>\n<p>Si tienes alg\u00fan problema al hacer el pago, llama al \u00a0932566785 (de 9.00 a 15.00 horas) o escribe al mail info@estudidelmoble.com<\/p>\n<p>&nbsp;<\/p>\n","protected":false},"featured_media":62162,"template":"","meta":{"_acf_changed":false},"product_brand":[],"product_cat":[946],"product_tag":[],"class_list":{"0":"post-62572","1":"product","2":"type-product","3":"status-publish","4":"has-post-thumbnail","6":"product_cat-cursos-es","8":"first","9":"instock","10":"purchasable","11":"product-type-variable"},"acf":[],"_links":{"self":[{"href":"https:\/\/www.estudidelmoble.com\/es\/wp-json\/wp\/v2\/product\/62572","targetHints":{"allow":["GET"]}}],"collection":[{"href":"https:\/\/www.estudidelmoble.com\/es\/wp-json\/wp\/v2\/product"}],"about":[{"href":"https:\/\/www.estudidelmoble.com\/es\/wp-json\/wp\/v2\/types\/product"}],"version-history":[{"count":0,"href":"https:\/\/www.estudidelmoble.com\/es\/wp-json\/wp\/v2\/product\/62572\/revisions"}],"wp:featuredmedia":[{"embeddable":true,"href":"https:\/\/www.estudidelmoble.com\/es\/wp-json\/wp\/v2\/media\/62162"}],"wp:attachment":[{"href":"https:\/\/www.estudidelmoble.com\/es\/wp-json\/wp\/v2\/media?parent=62572"}],"wp:term":[{"taxonomy":"product_brand","embeddable":true,"href":"https:\/\/www.estudidelmoble.com\/es\/wp-json\/wp\/v2\/product_brand?post=62572"},{"taxonomy":"product_cat","embeddable":true,"href":"https:\/\/www.estudidelmoble.com\/es\/wp-json\/wp\/v2\/product_cat?post=62572"},{"taxonomy":"product_tag","embeddable":true,"href":"https:\/\/www.estudidelmoble.com\/es\/wp-json\/wp\/v2\/product_tag?post=62572"}],"curies":[{"name":"wp","href":"https:\/\/api.w.org\/{rel}","templated":true}]}}